{"id":1459,"date":"2016-09-05T06:54:01","date_gmt":"2016-09-05T06:54:01","guid":{"rendered":"https:\/\/www.powerjet-machinery.com\/es\/?page_id=1459"},"modified":"2016-09-05T06:54:01","modified_gmt":"2016-09-05T06:54:01","slug":"los-calentadores-infrarrojos-para-el-sistema-de-estirado-soplado-de-botella","status":"publish","type":"page","link":"https:\/\/www.powerjet-machinery.com\/es\/los-calentadores-infrarrojos-para-el-sistema-de-estirado-soplado-de-botella\/","title":{"rendered":"Los calentadores infrarrojos para el sistema de estirado-soplado de botella"},"content":{"rendered":"<p> <img decoding=\"async\" src=\"https:\/\/www.powerjet-machinery.com\/wp-content\/uploads\/2016\/05\/Powerjet-infrared-furnace-heater-for-PET-bottle-blow-system.jpg\" alt=\"equipos de calentamiento por infrarrojos para preformas de PET\" \/><\/p>\n<div class=\"clear\"><\/div><div class=\"tabs-wrapper\"><ul class=\"tabs\"><li><a href=\"javascript:void(0)\" class=\"defaulttab\" id=\"tab-1\"><span>Especificaci\u00f3n<\/span><\/a><\/li><li><a href=\"javascript:void(0)\" id=\"tab-2\"><span>par\u00e1metros<\/span><\/a><\/li><li><a href=\"javascript:void(0)\" id=\"tab-3\"><span>Descarga el cat\u00e1logo<\/span><\/a><\/li><li><a href=\"javascript:void(0)\" id=\"tab-4\"><span>v\u00eddeos<\/span><\/a><\/li><\/ul><div class=\"tab-content\" id=\"tab-1-content\"><div class=\"tabs-inner-padding\"><ul class=\"list-4\">\n<Li> paso de frecuencia variable menos regulaci\u00f3n de la velocidad, da lugar a un funcionamiento estable y sin agitaci\u00f3n, con ajuste de velocidad. <\/ Li><\/p>\n<p><Li> l\u00e1mpara de infrarrojos que es m\u00e1s eficiente para la calefacci\u00f3n de PET, est\u00e1 totalmente considerado para un menor consumo de energ\u00eda y una mayor eficiencia de la producci\u00f3n.<\/p>\n<p><\/ Li><\/p>\n<p><Li> Cuello de la botella de protecci\u00f3n de enfriamiento mantiene la forma de la rosca del tornillo. <\/ Li><\/p>\n<p><Li> Primer bucle de sistema de control de la calefacci\u00f3n con medidor digital de alta precisi\u00f3n de corresponsabilidad, y la frecuencia de alta potencia regulable importados<\/p>\n<p>controlador, aseg\u00farese de que la calefacci\u00f3n estable, ahorro de energ\u00eda y no ser afectado por la tensi\u00f3n de fluctuado. <\/ Li><\/p>\n<\/ul>\n\n<p><\/div><\/div><div class=\"tab-content\" id=\"tab-2-content\"><div class=\"tabs-inner-padding\"><table class=\"custom-table\"  summary=\"Hoja de datos del calentador de rayos infrarrojos para las sopladoras de PET \">\n<thead>\n<tr>\n<th scope=\"col\">Descripci\u00f3n<\/th>\n<th scope=\"col\">UNIDAD<\/th>\n<th scope=\"col\">SBMH7-BX<\/th>\n<th scope=\"col\">SBMH8-BX<\/th>\n<th scope=\"col\">SBMH15-BX<\/th>\n<\/tr>\n<\/thead>\n<tbody>\n<tr>\n<td>HSectas alimenticios<\/td>\n<td>sect<\/td>\n<td>7<\/td>\n<td>8<\/td>\n<td>15<\/td>\n<\/tr>\n<tr>\n<td>Jefes de calefacci\u00f3n<\/td>\n<td>pcs<\/td>\n<td>72<\/td>\n<td>72<\/td>\n<td>50<\/td>\n<\/tr>\n<tr>\n<td>Tensi\u00f3n de alimentaci\u00f3n<\/td>\n<td>V <\/td>\n<td>AC380<\/td>\n<td>AC380<\/td>\n<td>AC380<\/td>\n<\/tr>\n<tr>\n<td>corriente de alimentaci\u00f3n<\/td>\n<td>A <\/td>\n<td>3.0<\/td>\n<td>3.0<\/td>\n<td>3.0<\/td>\n<\/tr>\n<tr>\n<td>El consumo de energ\u00eda<\/td>\n<td>KW<\/td>\n<td>18<\/td>\n<td>20<\/td>\n<td>50<\/td>\n<\/tr>\n<tr>\n<td>dimensiones de la m\u00e1quina<\/td>\n<td>M<\/td>\n<td>1.72&#215;0.6&#215;1.37<\/td>\n<td>2.03&#215;0.65&#215;1.37<\/td>\n<td>2.35&#215;0.65&#215;1.65<\/td>\n<\/tr>\n<tr>\n<td>Peso de la m\u00e1quina<\/td>\n<td>KG<\/td>\n<td>230<\/td>\n<td>230<\/td>\n<td>350<\/td>\n<\/tr>\n<\/tbody>\n<tfoot>\n<tr>\n<td colspan=\"4\">\n        * Algunos datos pueden actualizarse sin previo aviso\n        <\/td>\n<\/tr>\n<\/tfoot>\n<\/table><\/div><\/div><div class=\"tab-content\" id=\"tab-3-content\"><div class=\"tabs-inner-padding\"><div class=\"one_half\"><img decoding=\"async\" src=\"https:\/\/www.powerjet-machinery.com\/wp-content\/uploads\/2016\/05\/Cover-of-Stretch-Blow-Molding-Machines-brochure-.jpg\" alt=\"Cubierta de estiramiento m\u00e1quina de soplado folleto\" class=\"alignnone size-full wp-image-231\" \/><\/div>\n    <div class=\"one_half last_column\">\n<h4 style=\"margin-bottom: 35px;\"><span style=\"font-size: 28px; color:#171D2D; line-height:1.1; font-weight:bold;\">Lo que se puede conseguir:<\/span><\/h4>\n\n<ul class=\"list-7\">\n<Li> Simple introducci\u00f3n de Powerjet M\u00e1quinas de pl\u00e1stico <\/ li><br \/>\n<Li> Unidad de Advantage para Powerjet estiramiento y soplado M\u00e1quinas <\/ li><br \/>\n<Li> Los detalles de las m\u00e1quinas de moldeo por soplado PP semiautom\u00e1ticas SBL70 <\/ li><br \/>\n<Li> Los detalles de la m\u00e1quina autom\u00e1tica de moldeo por soplado y estirado SBL280 <\/ li><br \/>\n<Li> Los detalles de la m\u00e1quina autom\u00e1tica de moldeo por soplado y estirado SBL480 <\/ li><br \/>\n<Li> Los detalles de la m\u00e1quina de moldeo de PET llenado en caliente autom\u00e1tica SBD480 <\/ li><br \/>\n<Li> Los detalles de botellas \/ frasco de boca ancha se extienden m\u00e1quinas de soplado SBS480 <\/ li><br \/>\n<Li> Los detalles de la m\u00e1quina autom\u00e1tica de moldeo por soplado y estirado SBS280-1W <\/ li><br \/>\n<Li> Los detalles de Powerjet calentador de horno de infrarrojos <\/ li>\n<\/ul>\n\n<div class=\"align-btn-center\"><a class=\"flat-custom-button\" href=\"https:\/\/www.powerjet-machinery.com\/wp-content\/uploads\/2016\/05\/Stretch-Blow-Moulding-Machines.pdf\" title=\"Descargar Stretch Blowing M\u00e1quinas de moldeo Folleto\"><span style=\"padding:15px 25px; background-color:transparent; border:1px solid #333333; color:#333333; font-size:13px;\">Haga clic y descargar<\/span><\/a><\/div>\n<p>    <\/div><\/div><\/div><div class=\"tab-content\" id=\"tab-4-content\"><div class=\"tabs-inner-padding\"><iframe loading=\"lazy\" width=\"810\" height=\"450\" src=\"https:\/\/www.youtube.com\/embed\/BcfyjwQofZY\" frameborder=\"0\" allowfullscreen><\/iframe><br \/><\/div><\/div><\/div><!-- tabs-wrapper end --><div class=\"clear\"><\/div>\n\n<div class=\"wpcf7 no-js\" id=\"wpcf7-f718-o1\" lang=\"en-US\" dir=\"ltr\" data-wpcf7-id=\"718\">\n<div class=\"screen-reader-response\"><p role=\"status\" aria-live=\"polite\" aria-atomic=\"true\"><\/p> <ul><\/ul><\/div>\n<form action=\"\/es\/wp-json\/wp\/v2\/pages\/1459#wpcf7-f718-o1\" method=\"post\" class=\"wpcf7-form init\" aria-label=\"Contact form\" novalidate=\"novalidate\" data-status=\"init\">\n<fieldset class=\"hidden-fields-container\"><input type=\"hidden\" name=\"_wpcf7\" value=\"718\" \/><input type=\"hidden\" name=\"_wpcf7_version\" value=\"6.1.5\" \/><input type=\"hidden\" name=\"_wpcf7_locale\" value=\"en_US\" \/><input type=\"hidden\" name=\"_wpcf7_unit_tag\" value=\"wpcf7-f718-o1\" \/><input type=\"hidden\" name=\"_wpcf7_container_post\" value=\"0\" \/><input type=\"hidden\" name=\"_wpcf7_posted_data_hash\" value=\"\" \/>\n<\/fieldset>\n<p><span font-size:13px;> Enquiry Now:<\/span>\n<\/p>\n<p><span class=\"wpcf7-form-control-wrap\" data-name=\"your-name\"><input size=\"40\" maxlength=\"400\" class=\"wpcf7-form-control wpcf7-text wpcf7-validates-as-required\" aria-required=\"true\" aria-invalid=\"false\" placeholder=\"Your full name *\" value=\"\" type=\"text\" name=\"your-name\" \/><\/span>\n<\/p>\n<p><span class=\"wpcf7-form-control-wrap\" data-name=\"your-email\"><input size=\"40\" maxlength=\"400\" class=\"wpcf7-form-control wpcf7-email wpcf7-validates-as-required wpcf7-text wpcf7-validates-as-email\" aria-required=\"true\" aria-invalid=\"false\" placeholder=\"Your Email Address *\" value=\"\" type=\"email\" name=\"your-email\" \/><\/span>\n<\/p>\n<p><span class=\"wpcf7-form-control-wrap\" data-name=\"your-country\"><input size=\"40\" maxlength=\"400\" class=\"wpcf7-form-control wpcf7-text wpcf7-validates-as-required\" aria-required=\"true\" aria-invalid=\"false\" placeholder=\"Your country *\" value=\"\" type=\"text\" name=\"your-country\" \/><\/span>\n<\/p>\n<p><span class=\"wpcf7-form-control-wrap\" data-name=\"Model\"><input size=\"40\" maxlength=\"400\" class=\"wpcf7-form-control wpcf7-text\" aria-invalid=\"false\" placeholder=\"Machine`s model found in above parameter tab\" value=\"\" type=\"text\" name=\"Model\" \/><\/span>\n<\/p>\n<p><span class=\"wpcf7-form-control-wrap\" data-name=\"your-message\"><textarea cols=\"40\" rows=\"10\" maxlength=\"2000\" class=\"wpcf7-form-control wpcf7-textarea wpcf7-validates-as-required\" aria-required=\"true\" aria-invalid=\"false\" placeholder=\"Must filled*: Please describe your project details as possible as you can.\" name=\"your-message\"><\/textarea><\/span>\n<\/p>\n<p><span class=\"wpcf7-form-control-wrap\" data-name=\"checkbox-807\"><span class=\"wpcf7-form-control wpcf7-checkbox wpcf7-validates-as-required XXXXXXXXXXXXXXXXXXXXXXXXX\"><span class=\"wpcf7-list-item first last\"><input type=\"checkbox\" name=\"checkbox-807[]\" value=\"Click to help us from Spamming.\" \/><span class=\"wpcf7-list-item-label\">Click to help us from Spamming.<\/span><\/span><\/span><\/span>\n<\/p>\n<p><input class=\"wpcf7-form-control wpcf7-submit has-spinner\" type=\"submit\" value=\"Send\" \/>\n<\/p><p style=\"display: none !important;\" class=\"akismet-fields-container\" data-prefix=\"_wpcf7_ak_\"><label>&#916;<textarea name=\"_wpcf7_ak_hp_textarea\" cols=\"45\" rows=\"8\" maxlength=\"100\"><\/textarea><\/label><input type=\"hidden\" id=\"ak_js_1\" name=\"_wpcf7_ak_js\" value=\"65\"\/><script type=\"text\/javascript\">\n\/* <![CDATA[ *\/\ndocument.getElementById( \"ak_js_1\" ).setAttribute( \"value\", ( new Date() ).getTime() );\n\/* ]]> *\/\n<\/script>\n<\/p><div class=\"wpcf7-response-output\" aria-hidden=\"true\"><\/div>\n<\/form>\n<\/div>\n\n","protected":false},"excerpt":{"rendered":"Especificaci\u00f3npar\u00e1metrosDescarga el cat\u00e1logov\u00eddeos paso de frecuencia variable menos regulaci\u00f3n de la velocidad, da lugar a un funcionamiento estable y sin agitaci\u00f3n, con ajuste de velocidad. l\u00e1mpara de infrarrojos que es m\u00e1s eficiente para la calefacci\u00f3n de PET, est\u00e1 totalmente considerado para un menor consumo de energ\u00eda y una mayor eficiencia [...]","protected":false},"author":1,"featured_media":0,"parent":0,"menu_order":0,"comment_status":"closed","ping_status":"closed","template":"page-PageTemplate8.php","meta":{"nf_dc_page":"","footnotes":""},"class_list":["post-1459","page","type-page","status-publish","hentry"],"yoast_head":"<!-- This site is optimized with the Yoast SEO plugin v27.4 - https:\/\/yoast.com\/product\/yoast-seo-wordpress\/ -->\n<title>Los calentadores infrarrojos para el sistema de estirado-soplado de botella - Powerjet Plastic Machinery<\/title>\n<meta name=\"robots\" content=\"index, follow, max-snippet:-1, max-image-preview:large, max-video-preview:-1\" \/>\n<link rel=\"canonical\" href=\"https:\/\/www.powerjet-machinery.com\/es\/los-calentadores-infrarrojos-para-el-sistema-de-estirado-soplado-de-botella\/\" \/>\n<meta property=\"og:locale\" content=\"es_ES\" \/>\n<meta property=\"og:type\" content=\"article\" \/>\n<meta property=\"og:title\" content=\"Los calentadores infrarrojos para el sistema de estirado-soplado de botella - Powerjet Plastic Machinery\" \/>\n<meta property=\"og:url\" content=\"https:\/\/www.powerjet-machinery.com\/es\/los-calentadores-infrarrojos-para-el-sistema-de-estirado-soplado-de-botella\/\" \/>\n<meta property=\"og:site_name\" content=\"Powerjet Plastic Machinery\" \/>\n<meta property=\"og:image\" content=\"https:\/\/www.powerjet-machinery.com\/wp-content\/uploads\/2016\/05\/Powerjet-infrared-furnace-heater-for-PET-bottle-blow-system.jpg\" \/>\n<meta name=\"twitter:card\" content=\"summary_large_image\" \/>\n<meta name=\"twitter:label1\" content=\"Tiempo de lectura\" \/>\n\t<meta name=\"twitter:data1\" content=\"2 minutos\" \/>\n<script type=\"application\/ld+json\" class=\"yoast-schema-graph\">{\"@context\":\"https:\\\/\\\/schema.org\",\"@graph\":[{\"@type\":\"WebPage\",\"@id\":\"https:\\\/\\\/www.powerjet-machinery.com\\\/es\\\/los-calentadores-infrarrojos-para-el-sistema-de-estirado-soplado-de-botella\\\/\",\"url\":\"https:\\\/\\\/www.powerjet-machinery.com\\\/es\\\/los-calentadores-infrarrojos-para-el-sistema-de-estirado-soplado-de-botella\\\/\",\"name\":\"Los calentadores infrarrojos para el sistema de estirado-soplado de botella - Powerjet Plastic Machinery\",\"isPartOf\":{\"@id\":\"https:\\\/\\\/www.powerjet-machinery.com\\\/#website\"},\"primaryImageOfPage\":{\"@id\":\"https:\\\/\\\/www.powerjet-machinery.com\\\/es\\\/los-calentadores-infrarrojos-para-el-sistema-de-estirado-soplado-de-botella\\\/#primaryimage\"},\"image\":{\"@id\":\"https:\\\/\\\/www.powerjet-machinery.com\\\/es\\\/los-calentadores-infrarrojos-para-el-sistema-de-estirado-soplado-de-botella\\\/#primaryimage\"},\"thumbnailUrl\":\"https:\\\/\\\/www.powerjet-machinery.com\\\/wp-content\\\/uploads\\\/2016\\\/05\\\/Powerjet-infrared-furnace-heater-for-PET-bottle-blow-system.jpg\",\"datePublished\":\"2016-09-05T06:54:01+00:00\",\"breadcrumb\":{\"@id\":\"https:\\\/\\\/www.powerjet-machinery.com\\\/es\\\/los-calentadores-infrarrojos-para-el-sistema-de-estirado-soplado-de-botella\\\/#breadcrumb\"},\"inLanguage\":\"es\",\"potentialAction\":[{\"@type\":\"ReadAction\",\"target\":[\"https:\\\/\\\/www.powerjet-machinery.com\\\/es\\\/los-calentadores-infrarrojos-para-el-sistema-de-estirado-soplado-de-botella\\\/\"]}]},{\"@type\":\"ImageObject\",\"inLanguage\":\"es\",\"@id\":\"https:\\\/\\\/www.powerjet-machinery.com\\\/es\\\/los-calentadores-infrarrojos-para-el-sistema-de-estirado-soplado-de-botella\\\/#primaryimage\",\"url\":\"https:\\\/\\\/www.powerjet-machinery.com\\\/wp-content\\\/uploads\\\/2016\\\/05\\\/Powerjet-infrared-furnace-heater-for-PET-bottle-blow-system.jpg\",\"contentUrl\":\"https:\\\/\\\/www.powerjet-machinery.com\\\/wp-content\\\/uploads\\\/2016\\\/05\\\/Powerjet-infrared-furnace-heater-for-PET-bottle-blow-system.jpg\"},{\"@type\":\"BreadcrumbList\",\"@id\":\"https:\\\/\\\/www.powerjet-machinery.com\\\/es\\\/los-calentadores-infrarrojos-para-el-sistema-de-estirado-soplado-de-botella\\\/#breadcrumb\",\"itemListElement\":[{\"@type\":\"ListItem\",\"position\":1,\"name\":\"Home\",\"item\":\"https:\\\/\\\/www.powerjet-machinery.com\\\/es\\\/\"},{\"@type\":\"ListItem\",\"position\":2,\"name\":\"Los calentadores infrarrojos para el sistema de estirado-soplado de botella\"}]},{\"@type\":\"WebSite\",\"@id\":\"https:\\\/\\\/www.powerjet-machinery.com\\\/#website\",\"url\":\"https:\\\/\\\/www.powerjet-machinery.com\\\/\",\"name\":\"Powerjet Plastic Machinery\",\"description\":\"\",\"potentialAction\":[{\"@type\":\"SearchAction\",\"target\":{\"@type\":\"EntryPoint\",\"urlTemplate\":\"https:\\\/\\\/www.powerjet-machinery.com\\\/?s={search_term_string}\"},\"query-input\":{\"@type\":\"PropertyValueSpecification\",\"valueRequired\":true,\"valueName\":\"search_term_string\"}}],\"inLanguage\":\"es\"}]}<\/script>\n<!-- \/ Yoast SEO plugin. -->","yoast_head_json":{"title":"Los calentadores infrarrojos para el sistema de estirado-soplado de botella - Powerjet Plastic Machinery","robots":{"index":"index","follow":"follow","max-snippet":"max-snippet:-1","max-image-preview":"max-image-preview:large","max-video-preview":"max-video-preview:-1"},"canonical":"https:\/\/www.powerjet-machinery.com\/es\/los-calentadores-infrarrojos-para-el-sistema-de-estirado-soplado-de-botella\/","og_locale":"es_ES","og_type":"article","og_title":"Los calentadores infrarrojos para el sistema de estirado-soplado de botella - Powerjet Plastic Machinery","og_url":"https:\/\/www.powerjet-machinery.com\/es\/los-calentadores-infrarrojos-para-el-sistema-de-estirado-soplado-de-botella\/","og_site_name":"Powerjet Plastic Machinery","og_image":[{"url":"https:\/\/www.powerjet-machinery.com\/wp-content\/uploads\/2016\/05\/Powerjet-infrared-furnace-heater-for-PET-bottle-blow-system.jpg","type":"","width":"","height":""}],"twitter_card":"summary_large_image","twitter_misc":{"Tiempo de lectura":"2 minutos"},"schema":{"@context":"https:\/\/schema.org","@graph":[{"@type":"WebPage","@id":"https:\/\/www.powerjet-machinery.com\/es\/los-calentadores-infrarrojos-para-el-sistema-de-estirado-soplado-de-botella\/","url":"https:\/\/www.powerjet-machinery.com\/es\/los-calentadores-infrarrojos-para-el-sistema-de-estirado-soplado-de-botella\/","name":"Los calentadores infrarrojos para el sistema de estirado-soplado de botella - Powerjet Plastic Machinery","isPartOf":{"@id":"https:\/\/www.powerjet-machinery.com\/#website"},"primaryImageOfPage":{"@id":"https:\/\/www.powerjet-machinery.com\/es\/los-calentadores-infrarrojos-para-el-sistema-de-estirado-soplado-de-botella\/#primaryimage"},"image":{"@id":"https:\/\/www.powerjet-machinery.com\/es\/los-calentadores-infrarrojos-para-el-sistema-de-estirado-soplado-de-botella\/#primaryimage"},"thumbnailUrl":"https:\/\/www.powerjet-machinery.com\/wp-content\/uploads\/2016\/05\/Powerjet-infrared-furnace-heater-for-PET-bottle-blow-system.jpg","datePublished":"2016-09-05T06:54:01+00:00","breadcrumb":{"@id":"https:\/\/www.powerjet-machinery.com\/es\/los-calentadores-infrarrojos-para-el-sistema-de-estirado-soplado-de-botella\/#breadcrumb"},"inLanguage":"es","potentialAction":[{"@type":"ReadAction","target":["https:\/\/www.powerjet-machinery.com\/es\/los-calentadores-infrarrojos-para-el-sistema-de-estirado-soplado-de-botella\/"]}]},{"@type":"ImageObject","inLanguage":"es","@id":"https:\/\/www.powerjet-machinery.com\/es\/los-calentadores-infrarrojos-para-el-sistema-de-estirado-soplado-de-botella\/#primaryimage","url":"https:\/\/www.powerjet-machinery.com\/wp-content\/uploads\/2016\/05\/Powerjet-infrared-furnace-heater-for-PET-bottle-blow-system.jpg","contentUrl":"https:\/\/www.powerjet-machinery.com\/wp-content\/uploads\/2016\/05\/Powerjet-infrared-furnace-heater-for-PET-bottle-blow-system.jpg"},{"@type":"BreadcrumbList","@id":"https:\/\/www.powerjet-machinery.com\/es\/los-calentadores-infrarrojos-para-el-sistema-de-estirado-soplado-de-botella\/#breadcrumb","itemListElement":[{"@type":"ListItem","position":1,"name":"Home","item":"https:\/\/www.powerjet-machinery.com\/es\/"},{"@type":"ListItem","position":2,"name":"Los calentadores infrarrojos para el sistema de estirado-soplado de botella"}]},{"@type":"WebSite","@id":"https:\/\/www.powerjet-machinery.com\/#website","url":"https:\/\/www.powerjet-machinery.com\/","name":"Powerjet Plastic Machinery","description":"","potentialAction":[{"@type":"SearchAction","target":{"@type":"EntryPoint","urlTemplate":"https:\/\/www.powerjet-machinery.com\/?s={search_term_string}"},"query-input":{"@type":"PropertyValueSpecification","valueRequired":true,"valueName":"search_term_string"}}],"inLanguage":"es"}]}},"_links":{"self":[{"href":"https:\/\/www.powerjet-machinery.com\/es\/wp-json\/wp\/v2\/pages\/1459","targetHints":{"allow":["GET"]}}],"collection":[{"href":"https:\/\/www.powerjet-machinery.com\/es\/wp-json\/wp\/v2\/pages"}],"about":[{"href":"https:\/\/www.powerjet-machinery.com\/es\/wp-json\/wp\/v2\/types\/page"}],"author":[{"embeddable":true,"href":"https:\/\/www.powerjet-machinery.com\/es\/wp-json\/wp\/v2\/users\/1"}],"replies":[{"embeddable":true,"href":"https:\/\/www.powerjet-machinery.com\/es\/wp-json\/wp\/v2\/comments?post=1459"}],"version-history":[{"count":1,"href":"https:\/\/www.powerjet-machinery.com\/es\/wp-json\/wp\/v2\/pages\/1459\/revisions"}],"predecessor-version":[{"id":1460,"href":"https:\/\/www.powerjet-machinery.com\/es\/wp-json\/wp\/v2\/pages\/1459\/revisions\/1460"}],"wp:attachment":[{"href":"https:\/\/www.powerjet-machinery.com\/es\/wp-json\/wp\/v2\/media?parent=1459"}],"curies":[{"name":"wp","href":"https:\/\/api.w.org\/{rel}","templated":true}]}}