{"id":1455,"date":"2016-09-05T03:56:32","date_gmt":"2016-09-05T03:56:32","guid":{"rendered":"https:\/\/www.powerjet-machinery.com\/es\/?page_id=1455"},"modified":"2016-09-05T05:47:54","modified_gmt":"2016-09-05T05:47:54","slug":"serie-ibm-inyeccion-de-la-maquina-de-moldeo-por-soplado","status":"publish","type":"page","link":"https:\/\/www.powerjet-machinery.com\/es\/serie-ibm-inyeccion-de-la-maquina-de-moldeo-por-soplado\/","title":{"rendered":"Serie IBM &#8211; Inyecci\u00f3n de la m\u00e1quina de moldeo por soplado"},"content":{"rendered":"<p><img decoding=\"async\" src=\"https:\/\/www.powerjet-machinery.com\/wp-content\/uploads\/2016\/05\/IBM-Series-Injection-Blow-Molding-Machines-1.jpg\" alt=\"Serie IBM - Inyecci\u00f3n de la m\u00e1quina de moldeo por soplado\" class=\"alignnone size-full wp-image-231\" \/><\/p>\n<h2 style=\"margin-bottom: 15px; text-align: center;\"><span style=\"font-size: 18px; color: #FFFFFF; line-height: 1.2; font-weight:bold; text-align: center;\"><span style=\"color:#FD7800;\">Serie IBM &#8211; Inyecci\u00f3n de la m\u00e1quina de moldeo por soplado<\/span><\/span><\/h2>\n<div class=\"clear\"><\/div><div class=\"tabs-wrapper\"><ul class=\"tabs\"><li><a href=\"javascript:void(0)\" class=\"defaulttab\" id=\"tab-1\"><span>Especificaci\u00f3n<\/span><\/a><\/li><li><a href=\"javascript:void(0)\" id=\"tab-2\"><span>par\u00e1metros<\/span><\/a><\/li><li><a href=\"javascript:void(0)\" id=\"tab-3\"><span>Descargar folleto<\/span><\/a><\/li><li><a href=\"javascript:void(0)\" id=\"tab-4\"><span>v\u00eddeos<\/span><\/a><\/li><\/ul><div class=\"tab-content\" id=\"tab-1-content\"><div class=\"tabs-inner-padding\"><ul class=\"list-4\">\n<p><Li> En combinaci\u00f3n con injeciton y funci\u00f3n de soplado en una sola m\u00e1quina. <\/ Li><\/p>\n<p><Li> Impulsado por promotor servo con sistema hidr\u00e1ulico de cerca la cuerda. <\/ Li><\/p>\n<p><Li> de alta precisi\u00f3n de la repetibilidad. <\/ Li><\/p>\n<p><Li> alta velocidad y eficiente, ahorro de energ\u00eda y estable, f\u00e1cil para la operaci\u00f3n y el hecho mantenimiento. <\/ Li><\/p>\n<p><Li> hidr\u00e1ulica, neum\u00e1tica y el\u00e9ctrica del controlador es ajustable. <\/ Li><\/p>\n<p><Li> Adecuado para la mayor\u00eda de pl\u00e1stico termopl\u00e1stico como PE, PP, PS, PC, etc. <\/ Li><\/p>\n<p><Li> La mejor soluci\u00f3n para botellas que se utilizan en la industria de embalaje m\u00e9dica y alimentaria, y la industria de alta apariencia como difusor LED luces, botellas de cosm\u00e9ticos, etc. <\/ Li><\/p>\n<\/ul><\/div><\/div><div class=\"tab-content\" id=\"tab-2-content\"><div class=\"tabs-inner-padding\"><h4 class=\"slide_toggle\"><a href=\"#\">IBM1600S6 ~ IBM288S6<\/a><\/h4><div class=\"slide_toggle_content\" style=\"display: none;\">\n\n<table class=\"custom-table\"  summary=\"Inyecci\u00f3n de Pl\u00e1stico Blow ficha de datos de las m\u00e1quinas de moldeo\">\n<thead>\n<tr>\n<th scope=\"col\">Descripci\u00f3n<\/th>\n<th scope=\"col\">UNIDAD<\/th>\n<th scope=\"col\">IBM160S6 <\/th>\n<th scope=\"col\">IBM200S6<\/th>\n<th scope=\"col\">IBM288S6<\/th>\n<\/tr>\n<\/thead>\n<tbody>\n<tr>\n<td>Tama\u00f1o Internacional<\/td>\n<td><\/td>\n<td>1600-604<\/td>\n<td>2000-935<\/td>\n<td>2880-1341<\/td>\n<\/tr>\n<tr>\n<td><strong>UNIDAD DE SUJECI\u00d3N<\/td>\n<td><\/td>\n<td><\/td>\n<td><\/td>\n<td><\/td>\n<\/tr>\n<tr>\n<td>Fuerza de sujecion<\/td>\n<td>KN<\/td>\n<td>1600<\/td>\n<td>2000<\/td>\n<td>2880<\/td>\n<\/tr>\n<tr>\n<td>Carrera de apertura<\/td>\n<td>mm<\/td>\n<td>440<\/td>\n<td>490<\/td>\n<td>550<\/td>\n<\/tr>\n<tr>\n<td>Max. luz<\/td>\n<td>mm<\/td>\n<td>940<\/td>\n<td>1040<\/td>\n<td>1160<\/td>\n<\/tr>\n<tr>\n<td>tama\u00f1o de platina<\/td>\n<td>mm<\/td>\n<td>705&#215;705<\/td>\n<td>775&#215;755<\/td>\n<td>850&#215;850<\/td>\n<\/tr>\n<tr>\n<td>bares distancia<\/td>\n<td>mm<\/td>\n<td>460&#215;460<\/td>\n<td>510&#215;510<\/td>\n<td>610&#215;610<\/td>\n<\/tr>\n<tr>\n<td>Max. la altura del molde<\/td>\n<td>mm<\/td>\n<td>500<\/td>\n<td>550<\/td>\n<td>610<\/td>\n<\/tr>\n<tr>\n<td>Min. la altura del molde<\/td>\n<td>mm<\/td>\n<td>160<\/td>\n<td>230<\/td>\n<td>280<\/td>\n<\/tr>\n<tr>\n<td>Recorrido del expulsor<\/td>\n<td>mm<\/td>\n<td>140<\/td>\n<td>140<\/td>\n<td>145<\/td>\n<\/tr>\n<tr>\n<td>la fuerza del eyector<\/td>\n<td>KN<\/td>\n<td>49<\/td>\n<td>65<\/td>\n<td>77<\/td>\n<\/tr>\n<tr>\n<td><strong>Unidad de inyecci\u00f3n<\/strong><\/td>\n<td><\/td>\n<td><\/td>\n<td><\/td>\n<td><\/td>\n<\/tr>\n<tr>\n<td>di\u00e1metro de husillo<\/td>\n<td>mm<\/td>\n<td>42\/46<\/td>\n<td>46\/52<\/td>\n<td>52\/60<\/td>\n<\/tr>\n<tr>\n<td>El tornillo L \/ D ratio<\/td>\n<td> \/ <\/td>\n<td>20\/20<\/td>\n<td>23\/19.9<\/td>\n<td>21\/21<\/td>\n<\/tr>\n<tr>\n<td>Presi\u00f3n de inyecci\u00f3n<\/td>\n<td>Mpa<\/td>\n<td>213\/177<\/td>\n<td>230\/180<\/td>\n<td>226\/169<\/td>\n<\/tr>\n<tr>\n<td>volumen de tiro<\/td>\n<td>cm3<\/td>\n<td>284\/340<\/td>\n<td>407\/520<\/td>\n<td>594\/791<\/td>\n<\/tr>\n<tr>\n<td>peso tiro (PS)<\/td>\n<td>g<\/td>\n<td>253\/302<\/td>\n<td>362\/462<\/td>\n<td>529\/704<\/td>\n<\/tr>\n<tr>\n<td>velocidad de inyecci\u00f3n<\/td>\n<td>g\/s<\/td>\n<td>105\/126<\/td>\n<td>119\/153<\/td>\n<td>194\/259<\/td>\n<\/tr>\n<tr>\n<td>accidente cerebrovascular tornillo<\/td>\n<td>mm<\/td>\n<td>205<\/td>\n<td>245<\/td>\n<td>280<\/td>\n<\/tr>\n<tr>\n<td>La velocidad del tornillo<\/td>\n<td>r.p.m.<\/td>\n<td>210<\/td>\n<td>170<\/td>\n<td>170<\/td>\n<\/tr>\n<tr>\n<td><strong>UNIDAD DE PODER<\/strong><\/td>\n<td><\/td>\n<td><\/td>\n<td><\/td>\n<td><\/td>\n<\/tr>\n<tr>\n<td>Presi\u00f3n hidr\u00e1ulica<\/td>\n<td>Mpa<\/td>\n<td>17.5<\/td>\n<td>17.5<\/td>\n<td>17.5<\/td>\n<\/tr>\n<tr>\n<td>Potencia de la bomba del motor<\/td>\n<td>KW<\/td>\n<td>15<\/td>\n<td>18.5<\/td>\n<td>22<\/td>\n<\/tr>\n<tr>\n<td>La potencia del calentador<\/td>\n<td>KW<\/td>\n<td>9.8<\/td>\n<td>11.5<\/td>\n<td>13.8<\/td>\n<\/tr>\n<tr>\n<td><strong>GENERAL<\/strong><\/td>\n<td><\/td>\n<td><\/td>\n<td><\/td>\n<td><\/td>\n<\/tr>\n<tr>\n<td>Capacidad de aceite<\/td>\n<td>L<\/td>\n<td>260<\/td>\n<td>340<\/td>\n<td>420<\/td>\n<\/tr>\n<tr>\n<td>Peso de la m\u00e1quina<\/td>\n<td>Ton<\/td>\n<td>4.5<\/td>\n<td>5.8<\/td>\n<td>8.2<\/td>\n<\/tr>\n<tr>\n<td>dimensi\u00f3n de la m\u00e1quina<\/td>\n<td>m<\/td>\n<td>4.8&#215;1.3&#215;1.8<\/td>\n<td>5.3&#215;1.4&#215;2.1<\/td>\n<td>61.&#215;1.5&#215;2.2<\/td>\n<\/tr>\n<\/tbody>\n<tfoot>\n<tr>\n<td colspan=\"4\">\n        * Debido modernizaci\u00f3n de las m\u00e1quinas, los par\u00e1metros t\u00e9cnicos puede ser actualizada.\n        <\/td>\n<\/tr>\n<\/tfoot>\n<\/table>\n\n<div class=\"divider top-of-page\"><a href=\"#top\" title=\"Arriba\">Ir arriba<\/a><\/div>\n<\/div>\n<h4 class=\"slide_toggle\"><a href=\"#\">IBM200S-R:  Dise\u00f1ado de rotaci\u00f3n de la platina<\/a><\/h4><div class=\"slide_toggle_content\" style=\"display: none;\">\n<p>        \n<table class=\"custom-table\"  summary=\"hoja de datos de la m\u00e1quina se moldeado de pl\u00e1stico\">\n<thead>\n<tr>\n<th scope=\"col\">Descripci\u00f3n<\/th>\n<th scope=\"col\">UNIDAD<\/th>\n<th scope=\"col\">IBM200S-R<\/th>\n<\/tr>\n<\/thead>\n<tbody>\n<tr>\n<td>Tama\u00f1o Internacional<\/td>\n<td><\/td>\n<td>200-934<\/td>\n<\/tr>\n<tr>\n<td><strong>UNIDAD DE SUJECI\u00d3N<\/td>\n<td><\/td>\n<td><\/td>\n<\/tr>\n<tr>\n<td>Fuerza de sujecion<\/td>\n<td>KN<\/td>\n<td>2000<\/td>\n<\/tr>\n<tr>\n<td>Carrera de apertura<\/td>\n<td>mm<\/td>\n<td>490<\/td>\n<\/tr>\n<tr>\n<td>Max. luz<\/td>\n<td>mm<\/td>\n<td>1190<\/td>\n<\/tr>\n<tr>\n<td>tama\u00f1o de platina<\/td>\n<td>mm<\/td>\n<td>775&#215;755<\/td>\n<\/tr>\n<tr>\n<td>bares distancia<\/td>\n<td>mm<\/td>\n<td>510&#215;510<\/td>\n<\/tr>\n<tr>\n<td>Max. la altura del molde<\/td>\n<td>mm<\/td>\n<td>700<\/td>\n<\/tr>\n<tr>\n<td>Min. la altura del molde<\/td>\n<td>mm<\/td>\n<td>550<\/td>\n<\/tr>\n<tr>\n<td>Recorrido del expulsor<\/td>\n<td>mm<\/td>\n<td>140<\/td>\n<\/tr>\n<tr>\n<td>la fuerza del eyector<\/td>\n<td>KN<\/td>\n<td>65<\/td>\n<\/tr>\n<tr>\n<td>Max. la distancia entre ejes de rotaci\u00f3n<\/td>\n<td>mm<\/td>\n<td>605<\/td>\n<\/tr>\n<tr>\n<td>Min. la distancia entre ejes de rotaci\u00f3n<\/td>\n<td>mm<\/td>\n<td>300<\/td>\n<\/tr>\n<tr>\n<td><strong>Unidad de inyecci\u00f3n<\/strong><\/td>\n<td><\/td>\n<td><\/td>\n<\/tr>\n<tr>\n<td>di\u00e1metro de husillo<\/td>\n<td>mm<\/td>\n<td>46<\/td>\n<\/tr>\n<tr>\n<td>El tornillo L \/ D ratio<\/td>\n<td> \/ <\/td>\n<td>18<\/td>\n<\/tr>\n<tr>\n<td>Presi\u00f3n de inyecci\u00f3n<\/td>\n<td>Mpa<\/td>\n<td>170<\/td>\n<\/tr>\n<tr>\n<td>volumen de tiro<\/td>\n<td>cm3<\/td>\n<td>407<\/td>\n<\/tr>\n<tr>\n<td>peso tiro (PS)<\/td>\n<td>g<\/td>\n<td>362<\/td>\n<\/tr>\n<tr>\n<td>accidente cerebrovascular tornillo<\/td>\n<td>mm<\/td>\n<td>245<\/td>\n<\/tr>\n<tr>\n<td>velocidad de inyecci\u00f3n<\/td>\n<td>g\/s<\/td>\n<td>116<\/td>\n<\/tr>\n<tr>\n<td>La velocidad del tornillo<\/td>\n<td>r.p.m.<\/td>\n<td>170<\/td>\n<\/tr>\n<tr>\n<td><strong>UNIDAD DE PODER <\/strong><\/td>\n<td><\/td>\n<td><\/td>\n<\/tr>\n<tr>\n<td>Presi\u00f3n hidr\u00e1ulica<\/td>\n<td>Mpa<\/td>\n<td>17.5<\/td>\n<\/tr>\n<tr>\n<td>Potencia de la bomba del motor<\/td>\n<td>KW<\/td>\n<td>22<\/td>\n<\/tr>\n<tr>\n<td>La potencia del calentador<\/td>\n<td>KW<\/td>\n<td>11.5<\/td>\n<\/tr>\n<tr>\n<td><strong>GENERAL<\/strong><\/td>\n<td><\/td>\n<td><\/td>\n<\/tr>\n<tr>\n<td>Capacidad de aceite<\/td>\n<td>L<\/td>\n<td>420<\/td>\n<\/tr>\n<tr>\n<td>Peso de la m\u00e1quina<\/td>\n<td>Ton<\/td>\n<td>6.3<\/td>\n<\/tr>\n<tr>\n<td>dimensi\u00f3n de la m\u00e1quina<\/td>\n<td>m<\/td>\n<td>6.5&#215;1.4&#215;2.1<\/td>\n<\/tr>\n<\/tbody>\n<tfoot>\n<tr>\n<td colspan=\"4\">\n        * Debido modernizaci\u00f3n de las m\u00e1quinas, los par\u00e1metros t\u00e9cnicos puede ser actualizada.\n        <\/td>\n<\/tr>\n<\/tfoot>\n<\/table>\n\n<div class=\"divider top-of-page\"><a href=\"#top\" title=\"Arriba\">Ir arriba<\/a><\/div>\n<\/div>\n<p><\/div><\/div><div class=\"tab-content\" id=\"tab-3-content\"><div class=\"tabs-inner-padding\"><style type=\"text\/css\">\r\n                #content-block-background-1153 { background-image: url(); background-position: center bottom; background-repeat: no-repeat; background-color: #FFFFFF; background-attachment: scroll; background-size: auto; }\r\n                #content-block-body-1153 { padding: 20px 0; color: #171D2D; }\r\n                .content-block-body { margin-left: auto; margin-right: auto; position: relative; }\r\n            <\/style>\r\n                <style type=\"text\/css\">\r\n                    #wrapper-1 { overflow-x: hidden; }\r\n                    #content-block-background-1153 { margin: 0 -10000px; padding: 0 10000px; }\r\n                <\/style>\r\n            \r\n                \r\n            <div class=\"clear\"><\/div>\r\n            <div id=\"content-block-background-1153\" class=\"content-block-background \">\r\n                <div id=\"content-block-body-1153\" class=\"content-block-body\">\r\n                    <div class=\"clear\"><\/div>\r\n                    \n    <div class=\"one_half\"><img decoding=\"async\" src=\"https:\/\/www.powerjet-machinery.com\/wp-content\/uploads\/2016\/05\/IBM-Series-Injection-Blow-Molding-Machines.jpg\" alt=\"portada de la serie IBM inyecci\u00f3n M\u00e1quinas de moldeo por soplado Folleto\" class=\"alignnone size-full wp-image-231\" \/><\/div>\n    <div class=\"one_half last_column\">\n<h4 style=\"margin-bottom: 35px;\"><span style=\"font-size: 34px; color:#171D2D; line-height:1.1; font-weight:bold;\">Lo que se puede conseguir:<\/span><\/h4>\n\n<ul class=\"list-7\">\n     <Li> caracter\u00edstica principal de la serie IBM inyecci\u00f3n M\u00e1quinas de moldeo por soplado <\/ li><br \/>\n\u00a0\u00a0\u00a0\u00a0 <Li> Par\u00e1metros t\u00e9cnicos principales de la serie IBM inyecci\u00f3n de moldeo por soplado M\u00e1quinas <\/ li><br \/>\n\u00a0\u00a0\u00a0\u00a0 <Li> platina Dimensiones para todos los modelos de inyecci\u00f3n de moldeo por soplado M\u00e1quinas <\/ li><br \/>\n\u00a0\u00a0\u00a0\u00a0 <Li> Un caso de producci\u00f3n para su referencia <\/ li>\n<\/ul>\n\n<div class=\"clear\"><\/div>\n<div class=\"clear\"><\/div>\n<div class=\"align-btn-center\"><a class=\"flat-custom-button\" href=\"https:\/\/www.powerjet-machinery.com\/wp-content\/uploads\/2016\/05\/IBM-Series-Injection-Blow-Molding-Machines.pdf\" title=\"Inyecci\u00f3n descarga Blow Molding Serie IBM M\u00e1quinas Folleto\"><span style=\"padding:15px 25px; background-color:transparent; border:1px solid #333333; color:#333333; font-size:13px;\">Haga clic y descargar<\/span><\/a><\/div>\n<p>    <\/div>\n                    <div class=\"clear\"><\/div>\r\n                <\/div>\r\n            <\/div>\r\n            <div class=\"clear\"><\/div><\/div><\/div><div class=\"tab-content\" id=\"tab-4-content\"><div class=\"tabs-inner-padding\"><iframe loading=\"lazy\" width=\"820\" height=\"460\" src=\"https:\/\/www.youtube.com\/embed\/3IdIkj-Xitk?list=PLCVq4OkHKPZfRDaa97pxbBqQqYzalT6mY\" frameborder=\"0\" allowfullscreen><\/iframe><br \/><\/div><\/div><\/div><!-- tabs-wrapper end --><div class=\"clear\"><\/div>\n\n<div class=\"wpcf7 no-js\" id=\"wpcf7-f718-o1\" lang=\"en-US\" dir=\"ltr\" data-wpcf7-id=\"718\">\n<div class=\"screen-reader-response\"><p role=\"status\" aria-live=\"polite\" aria-atomic=\"true\"><\/p> <ul><\/ul><\/div>\n<form action=\"\/es\/wp-json\/wp\/v2\/pages\/1455#wpcf7-f718-o1\" method=\"post\" class=\"wpcf7-form init\" aria-label=\"Contact form\" novalidate=\"novalidate\" data-status=\"init\">\n<fieldset class=\"hidden-fields-container\"><input type=\"hidden\" name=\"_wpcf7\" value=\"718\" \/><input type=\"hidden\" name=\"_wpcf7_version\" value=\"6.1.5\" \/><input type=\"hidden\" name=\"_wpcf7_locale\" value=\"en_US\" \/><input type=\"hidden\" name=\"_wpcf7_unit_tag\" value=\"wpcf7-f718-o1\" \/><input type=\"hidden\" name=\"_wpcf7_container_post\" value=\"0\" \/><input type=\"hidden\" name=\"_wpcf7_posted_data_hash\" value=\"\" \/>\n<\/fieldset>\n<p><span font-size:13px;> Enquiry Now:<\/span>\n<\/p>\n<p><span class=\"wpcf7-form-control-wrap\" data-name=\"your-name\"><input size=\"40\" maxlength=\"400\" class=\"wpcf7-form-control wpcf7-text wpcf7-validates-as-required\" aria-required=\"true\" aria-invalid=\"false\" placeholder=\"Your full name *\" value=\"\" type=\"text\" name=\"your-name\" \/><\/span>\n<\/p>\n<p><span class=\"wpcf7-form-control-wrap\" data-name=\"your-email\"><input size=\"40\" maxlength=\"400\" class=\"wpcf7-form-control wpcf7-email wpcf7-validates-as-required wpcf7-text wpcf7-validates-as-email\" aria-required=\"true\" aria-invalid=\"false\" placeholder=\"Your Email Address *\" value=\"\" type=\"email\" name=\"your-email\" \/><\/span>\n<\/p>\n<p><span class=\"wpcf7-form-control-wrap\" data-name=\"your-country\"><input size=\"40\" maxlength=\"400\" class=\"wpcf7-form-control wpcf7-text wpcf7-validates-as-required\" aria-required=\"true\" aria-invalid=\"false\" placeholder=\"Your country *\" value=\"\" type=\"text\" name=\"your-country\" \/><\/span>\n<\/p>\n<p><span class=\"wpcf7-form-control-wrap\" data-name=\"Model\"><input size=\"40\" maxlength=\"400\" class=\"wpcf7-form-control wpcf7-text\" aria-invalid=\"false\" placeholder=\"Machine`s model found in above parameter tab\" value=\"\" type=\"text\" name=\"Model\" \/><\/span>\n<\/p>\n<p><span class=\"wpcf7-form-control-wrap\" data-name=\"your-message\"><textarea cols=\"40\" rows=\"10\" maxlength=\"2000\" class=\"wpcf7-form-control wpcf7-textarea wpcf7-validates-as-required\" aria-required=\"true\" aria-invalid=\"false\" placeholder=\"Must filled*: Please describe your project details as possible as you can.\" name=\"your-message\"><\/textarea><\/span>\n<\/p>\n<p><span class=\"wpcf7-form-control-wrap\" data-name=\"checkbox-807\"><span class=\"wpcf7-form-control wpcf7-checkbox wpcf7-validates-as-required XXXXXXXXXXXXXXXXXXXXXXXXX\"><span class=\"wpcf7-list-item first last\"><input type=\"checkbox\" name=\"checkbox-807[]\" value=\"Click to help us from Spamming.\" \/><span class=\"wpcf7-list-item-label\">Click to help us from Spamming.<\/span><\/span><\/span><\/span>\n<\/p>\n<p><input class=\"wpcf7-form-control wpcf7-submit has-spinner\" type=\"submit\" value=\"Send\" \/>\n<\/p><p style=\"display: none !important;\" class=\"akismet-fields-container\" data-prefix=\"_wpcf7_ak_\"><label>&#916;<textarea name=\"_wpcf7_ak_hp_textarea\" cols=\"45\" rows=\"8\" maxlength=\"100\"><\/textarea><\/label><input type=\"hidden\" id=\"ak_js_1\" name=\"_wpcf7_ak_js\" value=\"42\"\/><script type=\"text\/javascript\">\n\/* <![CDATA[ *\/\ndocument.getElementById( \"ak_js_1\" ).setAttribute( \"value\", ( new Date() ).getTime() );\n\/* ]]> *\/\n<\/script>\n<\/p><div class=\"wpcf7-response-output\" aria-hidden=\"true\"><\/div>\n<\/form>\n<\/div>\n\n","protected":false},"excerpt":{"rendered":"<p>Serie IBM &#8211; Inyecci\u00f3n de la m\u00e1quina de moldeo por soplado<\/p>\n","protected":false},"author":1,"featured_media":0,"parent":0,"menu_order":0,"comment_status":"closed","ping_status":"closed","template":"page-PageTemplate8.php","meta":{"nf_dc_page":"","footnotes":""},"class_list":["post-1455","page","type-page","status-publish","hentry"],"yoast_head":"<!-- This site is optimized with the Yoast SEO plugin v27.4 - https:\/\/yoast.com\/product\/yoast-seo-wordpress\/ -->\n<title>Serie IBM - Inyecci\u00f3n de la m\u00e1quina de moldeo por soplado - Powerjet Plastic Machinery<\/title>\n<meta name=\"robots\" content=\"index, follow, max-snippet:-1, max-image-preview:large, max-video-preview:-1\" \/>\n<link rel=\"canonical\" href=\"https:\/\/www.powerjet-machinery.com\/es\/serie-ibm-inyeccion-de-la-maquina-de-moldeo-por-soplado\/\" \/>\n<meta property=\"og:locale\" content=\"es_ES\" \/>\n<meta property=\"og:type\" content=\"article\" \/>\n<meta property=\"og:title\" content=\"Serie IBM - Inyecci\u00f3n de la m\u00e1quina de moldeo por soplado - Powerjet Plastic Machinery\" \/>\n<meta property=\"og:description\" content=\"Serie IBM &#8211; Inyecci\u00f3n de la m\u00e1quina de moldeo por soplado\" \/>\n<meta property=\"og:url\" content=\"https:\/\/www.powerjet-machinery.com\/es\/serie-ibm-inyeccion-de-la-maquina-de-moldeo-por-soplado\/\" \/>\n<meta property=\"og:site_name\" content=\"Powerjet Plastic Machinery\" \/>\n<meta property=\"article:modified_time\" content=\"2016-09-05T05:47:54+00:00\" \/>\n<meta property=\"og:image\" content=\"https:\/\/www.powerjet-machinery.com\/wp-content\/uploads\/2016\/05\/IBM-Series-Injection-Blow-Molding-Machines-1.jpg\" \/>\n<meta name=\"twitter:card\" content=\"summary_large_image\" \/>\n<meta name=\"twitter:label1\" content=\"Tiempo de lectura\" \/>\n\t<meta name=\"twitter:data1\" content=\"3 minutos\" \/>\n<script type=\"application\/ld+json\" class=\"yoast-schema-graph\">{\"@context\":\"https:\\\/\\\/schema.org\",\"@graph\":[{\"@type\":\"WebPage\",\"@id\":\"https:\\\/\\\/www.powerjet-machinery.com\\\/es\\\/serie-ibm-inyeccion-de-la-maquina-de-moldeo-por-soplado\\\/\",\"url\":\"https:\\\/\\\/www.powerjet-machinery.com\\\/es\\\/serie-ibm-inyeccion-de-la-maquina-de-moldeo-por-soplado\\\/\",\"name\":\"Serie IBM - Inyecci\u00f3n de la m\u00e1quina de moldeo por soplado - Powerjet Plastic Machinery\",\"isPartOf\":{\"@id\":\"https:\\\/\\\/www.powerjet-machinery.com\\\/#website\"},\"primaryImageOfPage\":{\"@id\":\"https:\\\/\\\/www.powerjet-machinery.com\\\/es\\\/serie-ibm-inyeccion-de-la-maquina-de-moldeo-por-soplado\\\/#primaryimage\"},\"image\":{\"@id\":\"https:\\\/\\\/www.powerjet-machinery.com\\\/es\\\/serie-ibm-inyeccion-de-la-maquina-de-moldeo-por-soplado\\\/#primaryimage\"},\"thumbnailUrl\":\"https:\\\/\\\/www.powerjet-machinery.com\\\/wp-content\\\/uploads\\\/2016\\\/05\\\/IBM-Series-Injection-Blow-Molding-Machines-1.jpg\",\"datePublished\":\"2016-09-05T03:56:32+00:00\",\"dateModified\":\"2016-09-05T05:47:54+00:00\",\"breadcrumb\":{\"@id\":\"https:\\\/\\\/www.powerjet-machinery.com\\\/es\\\/serie-ibm-inyeccion-de-la-maquina-de-moldeo-por-soplado\\\/#breadcrumb\"},\"inLanguage\":\"es\",\"potentialAction\":[{\"@type\":\"ReadAction\",\"target\":[\"https:\\\/\\\/www.powerjet-machinery.com\\\/es\\\/serie-ibm-inyeccion-de-la-maquina-de-moldeo-por-soplado\\\/\"]}]},{\"@type\":\"ImageObject\",\"inLanguage\":\"es\",\"@id\":\"https:\\\/\\\/www.powerjet-machinery.com\\\/es\\\/serie-ibm-inyeccion-de-la-maquina-de-moldeo-por-soplado\\\/#primaryimage\",\"url\":\"https:\\\/\\\/www.powerjet-machinery.com\\\/wp-content\\\/uploads\\\/2016\\\/05\\\/IBM-Series-Injection-Blow-Molding-Machines-1.jpg\",\"contentUrl\":\"https:\\\/\\\/www.powerjet-machinery.com\\\/wp-content\\\/uploads\\\/2016\\\/05\\\/IBM-Series-Injection-Blow-Molding-Machines-1.jpg\"},{\"@type\":\"BreadcrumbList\",\"@id\":\"https:\\\/\\\/www.powerjet-machinery.com\\\/es\\\/serie-ibm-inyeccion-de-la-maquina-de-moldeo-por-soplado\\\/#breadcrumb\",\"itemListElement\":[{\"@type\":\"ListItem\",\"position\":1,\"name\":\"Home\",\"item\":\"https:\\\/\\\/www.powerjet-machinery.com\\\/es\\\/\"},{\"@type\":\"ListItem\",\"position\":2,\"name\":\"Serie IBM &#8211; Inyecci\u00f3n de la m\u00e1quina de moldeo por soplado\"}]},{\"@type\":\"WebSite\",\"@id\":\"https:\\\/\\\/www.powerjet-machinery.com\\\/#website\",\"url\":\"https:\\\/\\\/www.powerjet-machinery.com\\\/\",\"name\":\"Powerjet Plastic Machinery\",\"description\":\"\",\"potentialAction\":[{\"@type\":\"SearchAction\",\"target\":{\"@type\":\"EntryPoint\",\"urlTemplate\":\"https:\\\/\\\/www.powerjet-machinery.com\\\/?s={search_term_string}\"},\"query-input\":{\"@type\":\"PropertyValueSpecification\",\"valueRequired\":true,\"valueName\":\"search_term_string\"}}],\"inLanguage\":\"es\"}]}<\/script>\n<!-- \/ Yoast SEO plugin. -->","yoast_head_json":{"title":"Serie IBM - Inyecci\u00f3n de la m\u00e1quina de moldeo por soplado - Powerjet Plastic Machinery","robots":{"index":"index","follow":"follow","max-snippet":"max-snippet:-1","max-image-preview":"max-image-preview:large","max-video-preview":"max-video-preview:-1"},"canonical":"https:\/\/www.powerjet-machinery.com\/es\/serie-ibm-inyeccion-de-la-maquina-de-moldeo-por-soplado\/","og_locale":"es_ES","og_type":"article","og_title":"Serie IBM - Inyecci\u00f3n de la m\u00e1quina de moldeo por soplado - Powerjet Plastic Machinery","og_description":"Serie IBM &#8211; Inyecci\u00f3n de la m\u00e1quina de moldeo por soplado","og_url":"https:\/\/www.powerjet-machinery.com\/es\/serie-ibm-inyeccion-de-la-maquina-de-moldeo-por-soplado\/","og_site_name":"Powerjet Plastic Machinery","article_modified_time":"2016-09-05T05:47:54+00:00","og_image":[{"url":"https:\/\/www.powerjet-machinery.com\/wp-content\/uploads\/2016\/05\/IBM-Series-Injection-Blow-Molding-Machines-1.jpg","type":"","width":"","height":""}],"twitter_card":"summary_large_image","twitter_misc":{"Tiempo de lectura":"3 minutos"},"schema":{"@context":"https:\/\/schema.org","@graph":[{"@type":"WebPage","@id":"https:\/\/www.powerjet-machinery.com\/es\/serie-ibm-inyeccion-de-la-maquina-de-moldeo-por-soplado\/","url":"https:\/\/www.powerjet-machinery.com\/es\/serie-ibm-inyeccion-de-la-maquina-de-moldeo-por-soplado\/","name":"Serie IBM - Inyecci\u00f3n de la m\u00e1quina de moldeo por soplado - Powerjet Plastic Machinery","isPartOf":{"@id":"https:\/\/www.powerjet-machinery.com\/#website"},"primaryImageOfPage":{"@id":"https:\/\/www.powerjet-machinery.com\/es\/serie-ibm-inyeccion-de-la-maquina-de-moldeo-por-soplado\/#primaryimage"},"image":{"@id":"https:\/\/www.powerjet-machinery.com\/es\/serie-ibm-inyeccion-de-la-maquina-de-moldeo-por-soplado\/#primaryimage"},"thumbnailUrl":"https:\/\/www.powerjet-machinery.com\/wp-content\/uploads\/2016\/05\/IBM-Series-Injection-Blow-Molding-Machines-1.jpg","datePublished":"2016-09-05T03:56:32+00:00","dateModified":"2016-09-05T05:47:54+00:00","breadcrumb":{"@id":"https:\/\/www.powerjet-machinery.com\/es\/serie-ibm-inyeccion-de-la-maquina-de-moldeo-por-soplado\/#breadcrumb"},"inLanguage":"es","potentialAction":[{"@type":"ReadAction","target":["https:\/\/www.powerjet-machinery.com\/es\/serie-ibm-inyeccion-de-la-maquina-de-moldeo-por-soplado\/"]}]},{"@type":"ImageObject","inLanguage":"es","@id":"https:\/\/www.powerjet-machinery.com\/es\/serie-ibm-inyeccion-de-la-maquina-de-moldeo-por-soplado\/#primaryimage","url":"https:\/\/www.powerjet-machinery.com\/wp-content\/uploads\/2016\/05\/IBM-Series-Injection-Blow-Molding-Machines-1.jpg","contentUrl":"https:\/\/www.powerjet-machinery.com\/wp-content\/uploads\/2016\/05\/IBM-Series-Injection-Blow-Molding-Machines-1.jpg"},{"@type":"BreadcrumbList","@id":"https:\/\/www.powerjet-machinery.com\/es\/serie-ibm-inyeccion-de-la-maquina-de-moldeo-por-soplado\/#breadcrumb","itemListElement":[{"@type":"ListItem","position":1,"name":"Home","item":"https:\/\/www.powerjet-machinery.com\/es\/"},{"@type":"ListItem","position":2,"name":"Serie IBM &#8211; Inyecci\u00f3n de la m\u00e1quina de moldeo por soplado"}]},{"@type":"WebSite","@id":"https:\/\/www.powerjet-machinery.com\/#website","url":"https:\/\/www.powerjet-machinery.com\/","name":"Powerjet Plastic Machinery","description":"","potentialAction":[{"@type":"SearchAction","target":{"@type":"EntryPoint","urlTemplate":"https:\/\/www.powerjet-machinery.com\/?s={search_term_string}"},"query-input":{"@type":"PropertyValueSpecification","valueRequired":true,"valueName":"search_term_string"}}],"inLanguage":"es"}]}},"_links":{"self":[{"href":"https:\/\/www.powerjet-machinery.com\/es\/wp-json\/wp\/v2\/pages\/1455","targetHints":{"allow":["GET"]}}],"collection":[{"href":"https:\/\/www.powerjet-machinery.com\/es\/wp-json\/wp\/v2\/pages"}],"about":[{"href":"https:\/\/www.powerjet-machinery.com\/es\/wp-json\/wp\/v2\/types\/page"}],"author":[{"embeddable":true,"href":"https:\/\/www.powerjet-machinery.com\/es\/wp-json\/wp\/v2\/users\/1"}],"replies":[{"embeddable":true,"href":"https:\/\/www.powerjet-machinery.com\/es\/wp-json\/wp\/v2\/comments?post=1455"}],"version-history":[{"count":3,"href":"https:\/\/www.powerjet-machinery.com\/es\/wp-json\/wp\/v2\/pages\/1455\/revisions"}],"predecessor-version":[{"id":1458,"href":"https:\/\/www.powerjet-machinery.com\/es\/wp-json\/wp\/v2\/pages\/1455\/revisions\/1458"}],"wp:attachment":[{"href":"https:\/\/www.powerjet-machinery.com\/es\/wp-json\/wp\/v2\/media?parent=1455"}],"curies":[{"name":"wp","href":"https:\/\/api.w.org\/{rel}","templated":true}]}}