{"id":1453,"date":"2016-09-05T03:47:43","date_gmt":"2016-09-05T03:47:43","guid":{"rendered":"https:\/\/www.powerjet-machinery.com\/es\/?page_id=1453"},"modified":"2016-09-05T03:47:43","modified_gmt":"2016-09-05T03:47:43","slug":"alta-velocidad-de-pared-delgada-de-la-maquina-de-moldeo-por-inyeccion","status":"publish","type":"page","link":"https:\/\/www.powerjet-machinery.com\/es\/alta-velocidad-de-pared-delgada-de-la-maquina-de-moldeo-por-inyeccion\/","title":{"rendered":"Alta velocidad de pared delgada de la m\u00e1quina de moldeo por inyecci\u00f3n"},"content":{"rendered":"<p><img decoding=\"async\" src=\"https:\/\/www.powerjet-machinery.com\/wp-content\/uploads\/2016\/05\/High-Speed-Injection-Molding-Machines-for-Thin-wall-Products.jpg\" alt=\"Alta velocidad de pared delgada de la m\u00e1quina de moldeo por inyecci\u00f3n\" class=\"alignnone size-full wp-image-231\" \/><\/p>\n<h2 style=\"margin-bottom: 15px; text-align: center;\"><span style=\"font-size: 18px; color: #FFFFFF; line-height: 1.2; font-weight:bold; text-align: center;\"><span style=\"color:#FD7800;\">Alta velocidad de pared delgada de la m\u00e1quina de moldeo por inyecci\u00f3n<\/span><\/span><\/h2>\n<div class=\"clear\"><\/div><div class=\"tabs-wrapper\"><ul class=\"tabs\"><li><a href=\"javascript:void(0)\" class=\"defaulttab\" id=\"tab-1\"><span>Especificaci\u00f3n<\/span><\/a><\/li><li><a href=\"javascript:void(0)\" id=\"tab-2\"><span>par\u00e1metros<\/span><\/a><\/li><li><a href=\"javascript:void(0)\" id=\"tab-3\"><span>Descargar folleto<\/span><\/a><\/li><li><a href=\"javascript:void(0)\" id=\"tab-4\"><span>v\u00eddeos<\/span><\/a><\/li><\/ul><div class=\"tab-content\" id=\"tab-1-content\"><div class=\"tabs-inner-padding\"><strong>El dise\u00f1o innovador del sistema plastificante logra inyecci\u00f3n a baja temperatura; Ahorro de energ\u00eda y respetuoso del medio ambiente;<br \/>\nY los productos es alta dureza resistente y fractura <\/strong><\/p>\n\n<ul class=\"list-4\">\n<li>Advanced hydraulic system achieves low pressure injection; better protection for the mechanical parts and mould.<\/li>\n<li>Fast response speed.  Reach the best shot rate within 0.3 second.<\/li>\n<li>Brandnew 3-platen clamping design. Better stress distribution and higher ragidity and more stable.<\/li>\n<li>Special oil-circuit design, it improves the injection acceleration &#038; movement.<\/li>\n<li>Unique cylinder injection, more stable and faster injection rate.<\/li>\n<li>Multi-sets of air blowing ports for high speed production.<\/li>\n<\/ul>\n\n<p><\/div><\/div><div class=\"tab-content\" id=\"tab-2-content\"><div class=\"tabs-inner-padding\"><table class=\"custom-table\"  summary=\"Par\u00e1metros de alta velocidad de pared delgada de la m\u00e1quina de moldeo por inyecci\u00f3n\">\n<thead>\n<tr>\n<th scope=\"col\">Descripci\u00f3n<\/th>\n<th scope=\"col\">UNIDAD<\/th>\n<th scope=\"col\">KF-168V\/S<\/th>\n<th scope=\"col\">KF-208V\/S<\/th>\n<th scope=\"col\">KF-258V\/S<\/th>\n<th scope=\"col\">KF-308NS<\/th>\n<th scope=\"col\">KF-308S<\/th>\n<th scope=\"col\">KF-408S<\/th>\n<\/tr>\n<\/thead>\n<tbody>\n<tr>\n<td>Tama\u00f1o Internacional<\/td>\n<td><\/td>\n<td>1600-340<\/td>\n<td>2080-502<\/td>\n<td>2500-502<\/td>\n<td>3300-1266<\/td>\n<td>3380-1266<\/td>\n<td>4080-2061<\/td>\n<\/tr>\n<tr>\n<td><strong>UNIDAD DE SUJECI\u00d3N<\/strong><\/td>\n<td><\/td>\n<td><\/td>\n<td><\/td>\n<td><\/td>\n<td><\/td>\n<td><\/td>\n<td><\/td>\n<\/tr>\n<tr>\n<td>Fuerza de sujecion<\/td>\n<td>KN<\/td>\n<td>1600<\/td>\n<td>2080<\/td>\n<td>2580<\/td>\n<td>3080<\/td>\n<td>3800<\/td>\n<td>4080<\/td>\n<\/tr>\n<tr>\n<td>Carrera de apertura<\/td>\n<td>mm<\/td>\n<td>440<\/td>\n<td>490<\/td>\n<td>520<\/td>\n<td>550<\/td>\n<td>580<\/td>\n<td>710<\/td>\n<\/tr>\n<tr>\n<td>Max. luz<\/td>\n<td>mm<\/td>\n<td>940<\/td>\n<td>1040<\/td>\n<td>1100<\/td>\n<td>1150<\/td>\n<td>1230<\/td>\n<td>1440<\/td>\n<\/tr>\n<tr>\n<td>tama\u00f1o de platina<\/td>\n<td>mm<\/td>\n<td>705&#215;705<\/td>\n<td>800&#215;760<\/td>\n<td>800&#215;760<\/td>\n<td>910&#215;900<\/td>\n<td>1000&#215;1000<\/td>\n<td>1050&#215;1050<\/td>\n<\/tr>\n<tr>\n<td>bares distancia<\/td>\n<td>mm<\/td>\n<td>460&#215;460<\/td>\n<td>505&#215;505<\/td>\n<td>560&#215;490<\/td>\n<td>620&#215;570<\/td>\n<td>670&#215;670<\/td>\n<td>730&#215;710<\/td>\n<\/tr>\n<tr>\n<td>Max. la altura del molde<\/td>\n<td>mm<\/td>\n<td>500<\/td>\n<td>550<\/td>\n<td>580<\/td>\n<td>600<\/td>\n<td>650<\/td>\n<td>730<\/td>\n<\/tr>\n<tr>\n<td>Min. la altura del molde<\/td>\n<td>mm<\/td>\n<td>160<\/td>\n<td>230<\/td>\n<td>230<\/td>\n<td>250<\/td>\n<td>240<\/td>\n<td>300<\/td>\n<\/tr>\n<tr>\n<td>Recorrido del expulsor<\/td>\n<td>mm<\/td>\n<td>140<\/td>\n<td>145<\/td>\n<td>145<\/td>\n<td>145<\/td>\n<td>180<\/td>\n<td>210<\/td>\n<\/tr>\n<tr>\n<td>la fuerza del eyector<\/td>\n<td>KN<\/td>\n<td>49<\/td>\n<td>65<\/td>\n<td>77<\/td>\n<td>77<\/td>\n<td>77<\/td>\n<td>77<\/td>\n<\/tr>\n<tr>\n<td><strong>Unidad de inyecci\u00f3n<\/strong><\/td>\n<td><\/td>\n<td><\/td>\n<td><\/td>\n<td><\/td>\n<td><\/td>\n<td><\/td>\n<td><\/td>\n<\/tr>\n<tr>\n<td>di\u00e1metro de husillo<\/td>\n<td>mm<\/td>\n<td>42<\/td>\n<td>42<\/td>\n<td>46<\/td>\n<td>52<\/td>\n<td>60<\/td>\n<td>68<\/td>\n<\/tr>\n<tr>\n<td>El tornillo L \/ D ratio<\/td>\n<td><\/td>\n<td>22<\/td>\n<td>22<\/td>\n<td>22<\/td>\n<td>22<\/td>\n<td>22<\/td>\n<td>22<\/td>\n<\/tr>\n<tr>\n<td>Presi\u00f3n de inyecci\u00f3n<\/td>\n<td>Mpa<\/td>\n<td>191<\/td>\n<td>190<\/td>\n<td>189<\/td>\n<td>170<\/td>\n<td>197<\/td>\n<td>192<\/td>\n<\/tr>\n<tr>\n<td>volumen de tiro<\/td>\n<td>cm3<\/td>\n<td>201<\/td>\n<td>201<\/td>\n<td>299<\/td>\n<td>425<\/td>\n<td>763<\/td>\n<td>1126<\/td>\n<\/tr>\n<tr>\n<td>peso tiro (PS)<\/td>\n<td>g<\/td>\n<td>179<\/td>\n<td>179<\/td>\n<td>266<\/td>\n<td>379<\/td>\n<td>681<\/td>\n<td>1005<\/td>\n<\/tr>\n<tr>\n<td>velocidad de inyecci\u00f3n(PS)<\/td>\n<td>g\/s<\/td>\n<td>225<\/td>\n<td>225<\/td>\n<td>294<\/td>\n<td>512<\/td>\n<td>510<\/td>\n<td>514<\/td>\n<\/tr>\n<tr>\n<td>accidente cerebrovascular tornillo<\/td>\n<td>mm<\/td>\n<td>145<\/td>\n<td>145<\/td>\n<td>180<\/td>\n<td>200<\/td>\n<td>270<\/td>\n<td>310<\/td>\n<\/tr>\n<tr>\n<td>La velocidad del tornillo<\/td>\n<td>r.p.m.<\/td>\n<td>300<\/td>\n<td>300<\/td>\n<td>300<\/td>\n<td>300<\/td>\n<td>300<\/td>\n<td>300<\/td>\n<\/tr>\n<tr>\n<td><strong>POTENCIA SE UNEN<\/strong><\/td>\n<td><\/td>\n<td><\/td>\n<td><\/td>\n<td><\/td>\n<td><\/td>\n<td><\/td>\n<td><\/td>\n<\/tr>\n<tr>\n<td>Presi\u00f3n hidr\u00e1ulica<\/td>\n<td>Mpa<\/td>\n<td>17.5<\/td>\n<td>17.5<\/td>\n<td>17.5<\/td>\n<td>17.5<\/td>\n<td>17.5<\/td>\n<td>17.5<\/td>\n<\/tr>\n<tr>\n<td>Potencia de la bomba del motor<\/td>\n<td>KW<\/td>\n<td>22<\/td>\n<td>22<\/td>\n<td>30<\/td>\n<td>55<\/td>\n<td>55<\/td>\n<td>55<\/td>\n<\/tr>\n<tr>\n<td>La energ\u00eda del calor<\/td>\n<td>KW<\/td>\n<td>14<\/td>\n<td>14<\/td>\n<td>16.4<\/td>\n<td>25<\/td>\n<td>28.4<\/td>\n<td>40<\/td>\n<\/tr>\n<tr>\n<td><strong>GENERAL<\/strong><\/td>\n<td><\/td>\n<td><\/td>\n<td><\/td>\n<td><\/td>\n<td><\/td>\n<td><\/td>\n<td><\/td>\n<\/tr>\n<tr>\n<td>Capacidad del dep\u00f3sito de aceite<\/td>\n<td>L<\/td>\n<td>340<\/td>\n<td>420<\/td>\n<td>420<\/td>\n<td>680<\/td>\n<td>810<\/td>\n<td>1000<\/td>\n<\/tr>\n<tr>\n<td>Peso de la m\u00e1quina<\/td>\n<td>Tons<\/td>\n<td>4.6<\/td>\n<td>7<\/td>\n<td>7.5<\/td>\n<td>10.5<\/td>\n<td>13<\/td>\n<td>15<\/td>\n<\/tr>\n<tr>\n<td>Dimensiones<\/td>\n<td>M<\/td>\n<td>4.8&#215;1.35&#215;1.8<\/td>\n<td>5.5&#215;1.4&#215;2.1<\/td>\n<td>5.6&#215;1.4&#215;2.1<\/td>\n<td>6.4&#215;1.6&#215;2.3<\/td>\n<td>6.8&#215;1.9&#215;2.3<\/td>\n<td>7.5&#215;1.65&#215;2.3<\/td>\n<\/tr>\n<\/tbody>\n<tfoot>\n<tr>\n<td colspan=\"4\">\n        * Algunos datos pueden actualizarse sin previo aviso\n        <\/td>\n<\/tr>\n<\/tfoot>\n<\/table>\n\n<p><\/div><\/div><div class=\"tab-content\" id=\"tab-3-content\"><div class=\"tabs-inner-padding\"><style type=\"text\/css\">\r\n                #content-block-background-1974 { background-image: url(); background-position: center bottom; background-repeat: no-repeat; background-color: #FFFFFF; background-attachment: scroll; background-size: auto; }\r\n                #content-block-body-1974 { padding: 20px 0; color: #171D2D; }\r\n                .content-block-body { margin-left: auto; margin-right: auto; position: relative; }\r\n            <\/style>\r\n                <style type=\"text\/css\">\r\n                    #wrapper-1 { overflow-x: hidden; }\r\n                    #content-block-background-1974 { margin: 0 -10000px; padding: 0 10000px; }\r\n                <\/style>\r\n            \r\n                \r\n            <div class=\"clear\"><\/div>\r\n            <div id=\"content-block-background-1974\" class=\"content-block-background \">\r\n                <div id=\"content-block-body-1974\" class=\"content-block-body\">\r\n                    <div class=\"clear\"><\/div>\r\n                    \n    <div class=\"one_half\"><img decoding=\"async\" src=\"https:\/\/www.powerjet-machinery.com\/wp-content\/uploads\/2016\/05\/BJ-Series-variable-pump-servo-injection-molding-machine.jpg\" alt=\"cubrir de pared delgada de alta velocidad de la m\u00e1quina de moldeo por inyecci\u00f3n Folleto\" class=\"alignnone size-full wp-image-231\" \/><\/div>\n    <div class=\"one_half last_column\">\n<h4 style=\"margin-bottom: 35px;\"><span style=\"font-size: 34px; color:#171D2D; line-height:1.1; font-weight:bold;\">Lo que se puede conseguir:<\/span><\/h4>\n\n<ul class=\"list-7\">\n<Li> Introducci\u00f3n y Servicio de Powerjet Plastic Machinery Co., Ltd <\/ li><br \/>\n\u00a0\u00a0\u00a0\u00a0 <Li> Breve Caracter\u00edstica de la Unidad de Control Machines`, unidad de sujeci\u00f3n, Inyecci\u00f3n y unidad de lubricaci\u00f3n <\/ li><br \/>\n\u00a0\u00a0\u00a0\u00a0 <Li> dispositivos est\u00e1ndar Machines` y lista de piezas de configuraci\u00f3n opcional <\/ li><br \/>\n\u00a0\u00a0\u00a0\u00a0 <Li> caracter\u00edstica principal de la Serie BJ &#8211; Standard M\u00e1quinas de moldeo por inyecci\u00f3n <\/ li><br \/>\n\u00a0\u00a0\u00a0\u00a0 <Li> Par\u00e1metros t\u00e9cnicos principales de inyecci\u00f3n est\u00e1ndar M\u00e1quinas de moldeo <\/ li><br \/>\n\u00a0\u00a0\u00a0\u00a0 <Li> platina Dimensiones Informaci\u00f3n para todos los modelos de m\u00e1quinas de inyecci\u00f3n est\u00e1ndar <\/ li><br \/>\n\u00a0\u00a0\u00a0\u00a0 <Li> Simple introducci\u00f3n de Powerjet serie de m\u00e1quinas usadas especial <\/ li><br \/>\n\u00a0\u00a0\u00a0\u00a0 <Li> Una breve lista de las piezas de marca <\/ li>\n<\/ul>\n\n<div class=\"clear\"><\/div>\n<div class=\"align-btn-center\"><a class=\"flat-custom-button\" href=\"https:\/\/www.powerjet-machinery.com\/wp-content\/uploads\/2016\/05\/Thin-wall-products-injection-molding-machines.pdf\" title=\"Descarga de preformas de PET M\u00e1quinas de moldeo por inyecci\u00f3n Folleto\"><span style=\"padding:15px 25px; background-color:transparent; border:1px solid #333333; color:#333333; font-size:13px;\">Haga clic y descargar<\/span><\/a><\/div>\n<p>    <\/div>\n                    <div class=\"clear\"><\/div>\r\n                <\/div>\r\n            <\/div>\r\n            <div class=\"clear\"><\/div><\/div><\/div><div class=\"tab-content\" id=\"tab-4-content\"><div class=\"tabs-inner-padding\"><iframe loading=\"lazy\" width=\"820\" height=\"460\" src=\"https:\/\/www.youtube.com\/embed\/IS46zgoctUQ?list=PLCVq4OkHKPZfycm-sWWMb15IdpZ5A1HPH\" frameborder=\"0\" allowfullscreen><\/iframe><br \/><\/div><\/div><\/div><!-- tabs-wrapper end --><div class=\"clear\"><\/div>\n\n<div class=\"wpcf7 no-js\" id=\"wpcf7-f718-o1\" lang=\"en-US\" dir=\"ltr\" data-wpcf7-id=\"718\">\n<div class=\"screen-reader-response\"><p role=\"status\" aria-live=\"polite\" aria-atomic=\"true\"><\/p> <ul><\/ul><\/div>\n<form action=\"\/es\/wp-json\/wp\/v2\/pages\/1453#wpcf7-f718-o1\" method=\"post\" class=\"wpcf7-form init\" aria-label=\"Contact form\" novalidate=\"novalidate\" data-status=\"init\">\n<fieldset class=\"hidden-fields-container\"><input type=\"hidden\" name=\"_wpcf7\" value=\"718\" \/><input type=\"hidden\" name=\"_wpcf7_version\" value=\"6.1.5\" \/><input type=\"hidden\" name=\"_wpcf7_locale\" value=\"en_US\" \/><input type=\"hidden\" name=\"_wpcf7_unit_tag\" value=\"wpcf7-f718-o1\" \/><input type=\"hidden\" name=\"_wpcf7_container_post\" value=\"0\" \/><input type=\"hidden\" name=\"_wpcf7_posted_data_hash\" value=\"\" \/>\n<\/fieldset>\n<p><span font-size:13px;> Enquiry Now:<\/span>\n<\/p>\n<p><span class=\"wpcf7-form-control-wrap\" data-name=\"your-name\"><input size=\"40\" maxlength=\"400\" class=\"wpcf7-form-control wpcf7-text wpcf7-validates-as-required\" aria-required=\"true\" aria-invalid=\"false\" placeholder=\"Your full name *\" value=\"\" type=\"text\" name=\"your-name\" \/><\/span>\n<\/p>\n<p><span class=\"wpcf7-form-control-wrap\" data-name=\"your-email\"><input size=\"40\" maxlength=\"400\" class=\"wpcf7-form-control wpcf7-email wpcf7-validates-as-required wpcf7-text wpcf7-validates-as-email\" aria-required=\"true\" aria-invalid=\"false\" placeholder=\"Your Email Address *\" value=\"\" type=\"email\" name=\"your-email\" \/><\/span>\n<\/p>\n<p><span class=\"wpcf7-form-control-wrap\" data-name=\"your-country\"><input size=\"40\" maxlength=\"400\" class=\"wpcf7-form-control wpcf7-text wpcf7-validates-as-required\" aria-required=\"true\" aria-invalid=\"false\" placeholder=\"Your country *\" value=\"\" type=\"text\" name=\"your-country\" \/><\/span>\n<\/p>\n<p><span class=\"wpcf7-form-control-wrap\" data-name=\"Model\"><input size=\"40\" maxlength=\"400\" class=\"wpcf7-form-control wpcf7-text\" aria-invalid=\"false\" placeholder=\"Machine`s model found in above parameter tab\" value=\"\" type=\"text\" name=\"Model\" \/><\/span>\n<\/p>\n<p><span class=\"wpcf7-form-control-wrap\" data-name=\"your-message\"><textarea cols=\"40\" rows=\"10\" maxlength=\"2000\" class=\"wpcf7-form-control wpcf7-textarea wpcf7-validates-as-required\" aria-required=\"true\" aria-invalid=\"false\" placeholder=\"Must filled*: Please describe your project details as possible as you can.\" name=\"your-message\"><\/textarea><\/span>\n<\/p>\n<p><span class=\"wpcf7-form-control-wrap\" data-name=\"checkbox-807\"><span class=\"wpcf7-form-control wpcf7-checkbox wpcf7-validates-as-required XXXXXXXXXXXXXXXXXXXXXXXXX\"><span class=\"wpcf7-list-item first last\"><input type=\"checkbox\" name=\"checkbox-807[]\" value=\"Click to help us from Spamming.\" \/><span class=\"wpcf7-list-item-label\">Click to help us from Spamming.<\/span><\/span><\/span><\/span>\n<\/p>\n<p><input class=\"wpcf7-form-control wpcf7-submit has-spinner\" type=\"submit\" value=\"Send\" \/>\n<\/p><p style=\"display: none !important;\" class=\"akismet-fields-container\" data-prefix=\"_wpcf7_ak_\"><label>&#916;<textarea name=\"_wpcf7_ak_hp_textarea\" cols=\"45\" rows=\"8\" maxlength=\"100\"><\/textarea><\/label><input type=\"hidden\" id=\"ak_js_1\" name=\"_wpcf7_ak_js\" value=\"207\"\/><script type=\"text\/javascript\">\n\/* <![CDATA[ *\/\ndocument.getElementById( \"ak_js_1\" ).setAttribute( \"value\", ( new Date() ).getTime() );\n\/* ]]> *\/\n<\/script>\n<\/p><div class=\"wpcf7-response-output\" aria-hidden=\"true\"><\/div>\n<\/form>\n<\/div>\n\n","protected":false},"excerpt":{"rendered":"<p>Alta velocidad de pared delgada de la m\u00e1quina de moldeo por inyecci\u00f3n<\/p>\n","protected":false},"author":1,"featured_media":0,"parent":0,"menu_order":0,"comment_status":"closed","ping_status":"closed","template":"page-PageTemplate8.php","meta":{"nf_dc_page":"","footnotes":""},"class_list":["post-1453","page","type-page","status-publish","hentry"],"yoast_head":"<!-- This site is optimized with the Yoast SEO plugin v27.4 - https:\/\/yoast.com\/product\/yoast-seo-wordpress\/ -->\n<title>Alta velocidad de pared delgada de la m\u00e1quina de moldeo por inyecci\u00f3n - Powerjet Plastic Machinery<\/title>\n<meta name=\"robots\" content=\"index, follow, max-snippet:-1, max-image-preview:large, max-video-preview:-1\" \/>\n<link rel=\"canonical\" href=\"https:\/\/www.powerjet-machinery.com\/es\/alta-velocidad-de-pared-delgada-de-la-maquina-de-moldeo-por-inyeccion\/\" \/>\n<meta property=\"og:locale\" content=\"es_ES\" \/>\n<meta property=\"og:type\" content=\"article\" \/>\n<meta property=\"og:title\" content=\"Alta velocidad de pared delgada de la m\u00e1quina de moldeo por inyecci\u00f3n - Powerjet Plastic Machinery\" \/>\n<meta property=\"og:description\" content=\"Alta velocidad de pared delgada de la m\u00e1quina de moldeo por inyecci\u00f3n\" \/>\n<meta property=\"og:url\" content=\"https:\/\/www.powerjet-machinery.com\/es\/alta-velocidad-de-pared-delgada-de-la-maquina-de-moldeo-por-inyeccion\/\" \/>\n<meta property=\"og:site_name\" content=\"Powerjet Plastic Machinery\" \/>\n<meta property=\"og:image\" content=\"https:\/\/www.powerjet-machinery.com\/wp-content\/uploads\/2016\/05\/High-Speed-Injection-Molding-Machines-for-Thin-wall-Products.jpg\" \/>\n<meta name=\"twitter:card\" content=\"summary_large_image\" \/>\n<meta name=\"twitter:label1\" content=\"Tiempo de lectura\" \/>\n\t<meta name=\"twitter:data1\" content=\"3 minutos\" \/>\n<script type=\"application\/ld+json\" class=\"yoast-schema-graph\">{\"@context\":\"https:\\\/\\\/schema.org\",\"@graph\":[{\"@type\":\"WebPage\",\"@id\":\"https:\\\/\\\/www.powerjet-machinery.com\\\/es\\\/alta-velocidad-de-pared-delgada-de-la-maquina-de-moldeo-por-inyeccion\\\/\",\"url\":\"https:\\\/\\\/www.powerjet-machinery.com\\\/es\\\/alta-velocidad-de-pared-delgada-de-la-maquina-de-moldeo-por-inyeccion\\\/\",\"name\":\"Alta velocidad de pared delgada de la m\u00e1quina de moldeo por inyecci\u00f3n - Powerjet Plastic Machinery\",\"isPartOf\":{\"@id\":\"https:\\\/\\\/www.powerjet-machinery.com\\\/#website\"},\"primaryImageOfPage\":{\"@id\":\"https:\\\/\\\/www.powerjet-machinery.com\\\/es\\\/alta-velocidad-de-pared-delgada-de-la-maquina-de-moldeo-por-inyeccion\\\/#primaryimage\"},\"image\":{\"@id\":\"https:\\\/\\\/www.powerjet-machinery.com\\\/es\\\/alta-velocidad-de-pared-delgada-de-la-maquina-de-moldeo-por-inyeccion\\\/#primaryimage\"},\"thumbnailUrl\":\"https:\\\/\\\/www.powerjet-machinery.com\\\/wp-content\\\/uploads\\\/2016\\\/05\\\/High-Speed-Injection-Molding-Machines-for-Thin-wall-Products.jpg\",\"datePublished\":\"2016-09-05T03:47:43+00:00\",\"breadcrumb\":{\"@id\":\"https:\\\/\\\/www.powerjet-machinery.com\\\/es\\\/alta-velocidad-de-pared-delgada-de-la-maquina-de-moldeo-por-inyeccion\\\/#breadcrumb\"},\"inLanguage\":\"es\",\"potentialAction\":[{\"@type\":\"ReadAction\",\"target\":[\"https:\\\/\\\/www.powerjet-machinery.com\\\/es\\\/alta-velocidad-de-pared-delgada-de-la-maquina-de-moldeo-por-inyeccion\\\/\"]}]},{\"@type\":\"ImageObject\",\"inLanguage\":\"es\",\"@id\":\"https:\\\/\\\/www.powerjet-machinery.com\\\/es\\\/alta-velocidad-de-pared-delgada-de-la-maquina-de-moldeo-por-inyeccion\\\/#primaryimage\",\"url\":\"https:\\\/\\\/www.powerjet-machinery.com\\\/wp-content\\\/uploads\\\/2016\\\/05\\\/High-Speed-Injection-Molding-Machines-for-Thin-wall-Products.jpg\",\"contentUrl\":\"https:\\\/\\\/www.powerjet-machinery.com\\\/wp-content\\\/uploads\\\/2016\\\/05\\\/High-Speed-Injection-Molding-Machines-for-Thin-wall-Products.jpg\"},{\"@type\":\"BreadcrumbList\",\"@id\":\"https:\\\/\\\/www.powerjet-machinery.com\\\/es\\\/alta-velocidad-de-pared-delgada-de-la-maquina-de-moldeo-por-inyeccion\\\/#breadcrumb\",\"itemListElement\":[{\"@type\":\"ListItem\",\"position\":1,\"name\":\"Home\",\"item\":\"https:\\\/\\\/www.powerjet-machinery.com\\\/es\\\/\"},{\"@type\":\"ListItem\",\"position\":2,\"name\":\"Alta velocidad de pared delgada de la m\u00e1quina de moldeo por inyecci\u00f3n\"}]},{\"@type\":\"WebSite\",\"@id\":\"https:\\\/\\\/www.powerjet-machinery.com\\\/#website\",\"url\":\"https:\\\/\\\/www.powerjet-machinery.com\\\/\",\"name\":\"Powerjet Plastic Machinery\",\"description\":\"\",\"potentialAction\":[{\"@type\":\"SearchAction\",\"target\":{\"@type\":\"EntryPoint\",\"urlTemplate\":\"https:\\\/\\\/www.powerjet-machinery.com\\\/?s={search_term_string}\"},\"query-input\":{\"@type\":\"PropertyValueSpecification\",\"valueRequired\":true,\"valueName\":\"search_term_string\"}}],\"inLanguage\":\"es\"}]}<\/script>\n<!-- \/ Yoast SEO plugin. -->","yoast_head_json":{"title":"Alta velocidad de pared delgada de la m\u00e1quina de moldeo por inyecci\u00f3n - Powerjet Plastic Machinery","robots":{"index":"index","follow":"follow","max-snippet":"max-snippet:-1","max-image-preview":"max-image-preview:large","max-video-preview":"max-video-preview:-1"},"canonical":"https:\/\/www.powerjet-machinery.com\/es\/alta-velocidad-de-pared-delgada-de-la-maquina-de-moldeo-por-inyeccion\/","og_locale":"es_ES","og_type":"article","og_title":"Alta velocidad de pared delgada de la m\u00e1quina de moldeo por inyecci\u00f3n - Powerjet Plastic Machinery","og_description":"Alta velocidad de pared delgada de la m\u00e1quina de moldeo por inyecci\u00f3n","og_url":"https:\/\/www.powerjet-machinery.com\/es\/alta-velocidad-de-pared-delgada-de-la-maquina-de-moldeo-por-inyeccion\/","og_site_name":"Powerjet Plastic Machinery","og_image":[{"url":"https:\/\/www.powerjet-machinery.com\/wp-content\/uploads\/2016\/05\/High-Speed-Injection-Molding-Machines-for-Thin-wall-Products.jpg","type":"","width":"","height":""}],"twitter_card":"summary_large_image","twitter_misc":{"Tiempo de lectura":"3 minutos"},"schema":{"@context":"https:\/\/schema.org","@graph":[{"@type":"WebPage","@id":"https:\/\/www.powerjet-machinery.com\/es\/alta-velocidad-de-pared-delgada-de-la-maquina-de-moldeo-por-inyeccion\/","url":"https:\/\/www.powerjet-machinery.com\/es\/alta-velocidad-de-pared-delgada-de-la-maquina-de-moldeo-por-inyeccion\/","name":"Alta velocidad de pared delgada de la m\u00e1quina de moldeo por inyecci\u00f3n - Powerjet Plastic Machinery","isPartOf":{"@id":"https:\/\/www.powerjet-machinery.com\/#website"},"primaryImageOfPage":{"@id":"https:\/\/www.powerjet-machinery.com\/es\/alta-velocidad-de-pared-delgada-de-la-maquina-de-moldeo-por-inyeccion\/#primaryimage"},"image":{"@id":"https:\/\/www.powerjet-machinery.com\/es\/alta-velocidad-de-pared-delgada-de-la-maquina-de-moldeo-por-inyeccion\/#primaryimage"},"thumbnailUrl":"https:\/\/www.powerjet-machinery.com\/wp-content\/uploads\/2016\/05\/High-Speed-Injection-Molding-Machines-for-Thin-wall-Products.jpg","datePublished":"2016-09-05T03:47:43+00:00","breadcrumb":{"@id":"https:\/\/www.powerjet-machinery.com\/es\/alta-velocidad-de-pared-delgada-de-la-maquina-de-moldeo-por-inyeccion\/#breadcrumb"},"inLanguage":"es","potentialAction":[{"@type":"ReadAction","target":["https:\/\/www.powerjet-machinery.com\/es\/alta-velocidad-de-pared-delgada-de-la-maquina-de-moldeo-por-inyeccion\/"]}]},{"@type":"ImageObject","inLanguage":"es","@id":"https:\/\/www.powerjet-machinery.com\/es\/alta-velocidad-de-pared-delgada-de-la-maquina-de-moldeo-por-inyeccion\/#primaryimage","url":"https:\/\/www.powerjet-machinery.com\/wp-content\/uploads\/2016\/05\/High-Speed-Injection-Molding-Machines-for-Thin-wall-Products.jpg","contentUrl":"https:\/\/www.powerjet-machinery.com\/wp-content\/uploads\/2016\/05\/High-Speed-Injection-Molding-Machines-for-Thin-wall-Products.jpg"},{"@type":"BreadcrumbList","@id":"https:\/\/www.powerjet-machinery.com\/es\/alta-velocidad-de-pared-delgada-de-la-maquina-de-moldeo-por-inyeccion\/#breadcrumb","itemListElement":[{"@type":"ListItem","position":1,"name":"Home","item":"https:\/\/www.powerjet-machinery.com\/es\/"},{"@type":"ListItem","position":2,"name":"Alta velocidad de pared delgada de la m\u00e1quina de moldeo por inyecci\u00f3n"}]},{"@type":"WebSite","@id":"https:\/\/www.powerjet-machinery.com\/#website","url":"https:\/\/www.powerjet-machinery.com\/","name":"Powerjet Plastic Machinery","description":"","potentialAction":[{"@type":"SearchAction","target":{"@type":"EntryPoint","urlTemplate":"https:\/\/www.powerjet-machinery.com\/?s={search_term_string}"},"query-input":{"@type":"PropertyValueSpecification","valueRequired":true,"valueName":"search_term_string"}}],"inLanguage":"es"}]}},"_links":{"self":[{"href":"https:\/\/www.powerjet-machinery.com\/es\/wp-json\/wp\/v2\/pages\/1453","targetHints":{"allow":["GET"]}}],"collection":[{"href":"https:\/\/www.powerjet-machinery.com\/es\/wp-json\/wp\/v2\/pages"}],"about":[{"href":"https:\/\/www.powerjet-machinery.com\/es\/wp-json\/wp\/v2\/types\/page"}],"author":[{"embeddable":true,"href":"https:\/\/www.powerjet-machinery.com\/es\/wp-json\/wp\/v2\/users\/1"}],"replies":[{"embeddable":true,"href":"https:\/\/www.powerjet-machinery.com\/es\/wp-json\/wp\/v2\/comments?post=1453"}],"version-history":[{"count":1,"href":"https:\/\/www.powerjet-machinery.com\/es\/wp-json\/wp\/v2\/pages\/1453\/revisions"}],"predecessor-version":[{"id":1454,"href":"https:\/\/www.powerjet-machinery.com\/es\/wp-json\/wp\/v2\/pages\/1453\/revisions\/1454"}],"wp:attachment":[{"href":"https:\/\/www.powerjet-machinery.com\/es\/wp-json\/wp\/v2\/media?parent=1453"}],"curies":[{"name":"wp","href":"https:\/\/api.w.org\/{rel}","templated":true}]}}