{"id":1450,"date":"2016-09-05T03:12:33","date_gmt":"2016-09-05T03:12:33","guid":{"rendered":"https:\/\/www.powerjet-machinery.com\/es\/?page_id=1450"},"modified":"2016-09-05T03:12:33","modified_gmt":"2016-09-05T03:12:33","slug":"sistema-de-alta-velocidad-de-moldeo-por-inyeccion-de-preformas-de-pet","status":"publish","type":"page","link":"https:\/\/www.powerjet-machinery.com\/es\/sistema-de-alta-velocidad-de-moldeo-por-inyeccion-de-preformas-de-pet\/","title":{"rendered":"Sistema de alta velocidad de moldeo por inyecci\u00f3n de preformas de PET"},"content":{"rendered":"<p><img decoding=\"async\" src=\"https:\/\/www.powerjet-machinery.com\/wp-content\/uploads\/2016\/05\/HPET-Series-High-speed-PET-preform-injection-systems.jpg\" alt=\"Sistema de alta velocidad de moldeo por inyecci\u00f3n de preformas de PET\" class=\"alignnone size-full wp-image-231\" \/><\/p>\n<h2 style=\"margin-bottom: 15px; text-align: center;\"><span style=\"font-size: 18px; color: #FFFFFF; line-height: 1.2; font-weight:bold; text-align: center;\"><span style=\"color:#FD7800;\"> Sistema de alta velocidad de moldeo por inyecci\u00f3n de preformas de PET<\/span><\/span><\/h2>\n<div class=\"clear\"><\/div><div class=\"tabs-wrapper\"><ul class=\"tabs\"><li><a href=\"javascript:void(0)\" class=\"defaulttab\" id=\"tab-1\"><span>Especificaci\u00f3n<\/span><\/a><\/li><li><a href=\"javascript:void(0)\" id=\"tab-2\"><span>par\u00e1metros<\/span><\/a><\/li><li><a href=\"javascript:void(0)\" id=\"tab-3\"><span>Descargar folleto<\/span><\/a><\/li><li><a href=\"javascript:void(0)\" id=\"tab-4\"><span>v\u00eddeos<\/span><\/a><\/li><\/ul><div class=\"tab-content\" id=\"tab-1-content\"><div class=\"tabs-inner-padding\"><strong> R\u00e1pido y eficiente<\/strong><br \/>\n\n<ul class=\"list-4\">\n<Li> computadora r\u00e1pido: Euro marca el controlar el sistema, que es f\u00e1cil para la operaci\u00f3n con una fuerte capacidad de expansi\u00f3n<br \/>\n\u00a0\u00a0\u00a0\u00a0\u00a0\u00a0y puede realizar el control de la sincronizaci\u00f3n en tiempo real de la m\u00e1quina y el robot en funcionamiento. <\/ li><\/p>\n<p><Li> Inyecci\u00f3n r\u00e1pida: Acumulador con servo-v\u00e1lvula se adopta para controlar la inyecci\u00f3n, lo que hace que el tiro exacto;<br \/>\n\u00a0\u00a0\u00a0\u00a0\u00a0\u00a0La plastificaci\u00f3n e inyecci\u00f3n sincr\u00f3nica garantiza la aplicaci\u00f3n del volumen de inyecci\u00f3n grande y acortan el<br \/>\n\u00a0\u00a0\u00a0\u00a0\u00a0\u00a0la hora del c\u00edrculo. <\/ Li><\/p>\n<p><Li> Fast molde abierto: acumulador \u00fanico con v\u00e1lvula de asistencia de expulsi\u00f3n y apertura-cierre de control hidr\u00e1ulico mod<br \/>\n\u00a0\u00a0\u00a0\u00a0\u00a0\u00a0sistema asegura el movimiento del molde de inyecci\u00f3n y de apertura-cierre estable, r\u00e1pido y preciso. Esto puede proteger<br \/>\n\u00a0\u00a0\u00a0\u00a0\u00a0\u00a0el molde de manera eficiente y que coincida con el requisito de llevar a cabo-robot. <\/ Li><\/p>\n<p><Li> Robot r\u00e1pido: Especial robot de alto rendimiento dise\u00f1ado para la toma de preforma &#8211; hacia fuera est\u00e1 equipado con el alem\u00e1n<br \/>\n\u00a0\u00a0\u00a0\u00a0\u00a0SEW servo systerm, asegura el movimiento r\u00e1pido y estable, puede proporcionar 3 ciclo de tiempo de enfriamiento fuera del molde.<br \/>\n\u00a0\u00a0\u00a0\u00a0\u00a0El sistema de refrigeraci\u00f3n de agua helada equipado asegura la preforma ser enfriamiento y sin estr\u00e9s. <\/ Li><\/p>\n<p><Li> Eficiencia del Sistema Circuito hydrauli: Acumulador con servo-v\u00e1lvula se adopta para controlar la inyecci\u00f3n de precisi\u00f3n;<br \/>\n\u00a0\u00a0\u00a0\u00a0\u00a0\u00a0De dos circuitos hidr\u00e1ulicos hace dise\u00f1os de alta velocidad y alta eficiencia, synchroniztion de plastificaci\u00f3n y<br \/>\n\u00a0\u00a0\u00a0\u00a0\u00a0\u00a0apertura-cierre del molde para acortar el ciclo de producci\u00f3n. <\/ Li><\/p>\n<p><Li> mantenimiento de la presi\u00f3n de sincronizaci\u00f3n y de plastificaci\u00f3n: Unidad opcional con el mantenimiento de la presi\u00f3n y de plastificaci\u00f3n<br \/>\n\u00a0\u00a0\u00a0\u00a0\u00a0\u00a0al mismo tiempo, que puede aumentar la salida de 15% ~ 25% <\/ li><br \/>\n<div class=\"divider\"><\/div>\n<p><strong>De confianza:<\/strong>\t\t\t\t\t\t\t\t\t<\/p>\n\n<ul class=\"list-4\">\n<Li> marca Euro sistema controling que se adopte para la inyecci\u00f3n, la recuperaci\u00f3n, la plastificaci\u00f3n, sujeci\u00f3n del molde y la expulsi\u00f3n. <\/ Li><\/p>\n<p><Li> servo-v\u00e1lvulas en circuito cerrado permite a la m\u00e1quina para reaccionar r\u00e1pida y precisa de las se\u00f1ales PLC. <\/ Li><\/p>\n<p><Li> sistemas de accionamiento servo marca aseguran movimiento r\u00e1pido y preciso de la placa del robot. <\/ Li><br \/>\n[divisor]\n<p><Strong> Ahorro de Energ\u00eda <\/strong><\/p>\n<li> mecanismo  circuitos diferenciales m\u00faltiples se utiliza para el control hidr\u00e1ulico de la m\u00e1quina, lo que reduce la p\u00e9rdida de energ\u00eda <\/ li>\n<p><Li> motro Servo o variable de la bomba es opcional. Ahorro de energ\u00eda en un 30% ~ 50% con servomotor mientras que el 25% ~ 45% con bomba de caudal variable. <\/ Li><\/p>\n<\/ul>\n\n<p><\/div><\/div><div class=\"tab-content\" id=\"tab-2-content\"><div class=\"tabs-inner-padding\"><table class=\"custom-table\"  summary=\"Par\u00e1metros de alta velocidad de preformas de PET Sistema de Moldeo por Inyecci\u00f3n\">\n<thead>\n<tr>\n<th scope=\"col\">Descripci\u00f3n<\/th>\n<th scope=\"col\">UNIDAD<\/th>\n<th scope=\"col\">HPET-3300V6<\/th>\n<th scope=\"col\">HPET-4500V6<\/th>\n<th scope=\"col\">HPET-500V6<\/th>\n<\/tr>\n<\/thead>\n<tbody>\n<tr>\n<td>Tama\u00f1o Internacional<\/td>\n<td><\/td>\n<td>3300-2456<\/td>\n<td>4000-3686<\/td>\n<td>5000-4512<\/td>\n<\/tr>\n<tr>\n<td><strong>UNIDAD DE SUJECI\u00d3N<\/td>\n<td><\/td>\n<td><\/td>\n<td><\/td>\n<td><\/td>\n<\/tr>\n<tr>\n<td>Fuerza de sujecion<\/td>\n<td>KN<\/td>\n<td>3300<\/td>\n<td>400<\/td>\n<td>500<\/td>\n<\/tr>\n<tr>\n<td>Carrera de apertura<\/td>\n<td>mm<\/td>\n<td>580<\/td>\n<td>710<\/td>\n<td>830<\/td>\n<\/tr>\n<tr>\n<td>Max. luz<\/td>\n<td>mm<\/td>\n<td>1280<\/td>\n<td>1530<\/td>\n<td>1800<\/td>\n<\/tr>\n<tr>\n<td>tama\u00f1o de platina<\/td>\n<td>mm<\/td>\n<td>940&#215;1140<\/td>\n<td>1100&#215;1230<\/td>\n<td>1240&#215;1340<\/td>\n<\/tr>\n<tr>\n<td>bares distancia<\/td>\n<td>mm<\/td>\n<td>660x86x<\/td>\n<td>780&#215;860<\/td>\n<td>920&#215;1020<\/td>\n<\/tr>\n<tr>\n<td>Max. la altura del molde<\/td>\n<td>mm<\/td>\n<td>700<\/td>\n<td>820<\/td>\n<td>970<\/td>\n<\/tr>\n<tr>\n<td>Min. la altura del molde<\/td>\n<td>mm<\/td>\n<td>300<\/td>\n<td>400<\/td>\n<td>450<\/td>\n<\/tr>\n<tr>\n<td>Recorrido del expulsor<\/td>\n<td>mm<\/td>\n<td>180<\/td>\n<td>200<\/td>\n<td>200<\/td>\n<\/tr>\n<tr>\n<td>la fuerza del eyector<\/td>\n<td>KN<\/td>\n<td>184<\/td>\n<td>270<\/td>\n<td>360<\/td>\n<\/tr>\n<tr>\n<td>el n\u00famero de pin de eyecci\u00f3n<\/td>\n<td> <\/td>\n<td>8+1<\/td>\n<td>12+1<\/td>\n<td>12+1<\/td>\n<\/tr>\n<tr>\n<td><strong>Unidad de inyecci\u00f3n<\/strong><\/td>\n<td><\/td>\n<td><\/td>\n<td><\/td>\n<td><\/td>\n<\/tr>\n<tr>\n<td>di\u00e1metro de husillo<\/td>\n<td>mm<\/td>\n<td>95<\/td>\n<td>105<\/td>\n<td>115<\/td>\n<\/tr>\n<tr>\n<td>El tornillo L \/ D ratio<\/td>\n<td> \/ <\/td>\n<td>24<\/td>\n<td>24<\/td>\n<td>24<\/td>\n<\/tr>\n<tr>\n<td>accidente cerebrovascular tornillo fundido<\/td>\n<td>mm<\/td>\n<td>420<\/td>\n<td>450<\/td>\n<td>460<\/td>\n<\/tr>\n<tr>\n<td>Presi\u00f3n de inyecci\u00f3n<\/td>\n<td>Mpa<\/td>\n<td><\/td>\n<td><\/td>\n<td><\/td>\n<\/tr>\n<tr>\n<td>di\u00e1metro de tornillo de inyecci\u00f3n<\/td>\n<td>mm<\/td>\n<td>100<\/td>\n<td>110<\/td>\n<td>120<\/td>\n<\/tr>\n<tr>\n<td>accidente cerebrovascular tornillo de inyecci\u00f3n<\/td>\n<td>mm<\/td>\n<td>375<\/td>\n<td>400<\/td>\n<td>420<\/td>\n<\/tr>\n<tr>\n<td>volumen de tiro<\/td>\n<td>cm3<\/td>\n<td>2945<\/td>\n<td>3800<\/td>\n<td>4750<\/td>\n<\/tr>\n<tr>\n<td>peso tiro (PS)<\/td>\n<td>g<\/td>\n<td>2770<\/td>\n<td>3570<\/td>\n<td>4464<\/td>\n<\/tr>\n<tr>\n<td>peso tiro (PET)<\/td>\n<td>g<\/td>\n<td>3430<\/td>\n<td>4420<\/td>\n<td>5527<\/td>\n<\/tr>\n<tr>\n<td>peso tiro (PP)<\/td>\n<td>g<\/td>\n<td>2370<\/td>\n<td>2740<\/td>\n<td>3420<\/td>\n<\/tr>\n<tr>\n<td>Presi\u00f3n de inyecci\u00f3n<\/td>\n<td>Mpa<\/td>\n<td>92<\/td>\n<td>97<\/td>\n<td>95<\/td>\n<\/tr>\n<tr>\n<td>Max. velocidad del tornillo rotativo<\/td>\n<td>r.p.m.<\/td>\n<td>130<\/td>\n<td>120<\/td>\n<td>107<\/td>\n<\/tr>\n<tr>\n<td><strong>UNIDAD DE PODER<\/strong><\/td>\n<td><\/td>\n<td><\/td>\n<td><\/td>\n<td><\/td>\n<\/tr>\n<tr>\n<td>Presi\u00f3n hidr\u00e1ulica<\/td>\n<td>Mpa<\/td>\n<td>1735<\/td>\n<td>17.5<\/td>\n<td>17.5<\/td>\n<\/tr>\n<tr>\n<td>Potencia de la bomba del motor<\/td>\n<td>KW<\/td>\n<td>55+37<\/td>\n<td>30+30+35<\/td>\n<td>37+37+45+45<\/td>\n<\/tr>\n<tr>\n<td>La potencia del calentador<\/td>\n<td>KW<\/td>\n<td>31<\/td>\n<td>65<\/td>\n<td>80<\/td>\n<\/tr>\n<tr>\n<td><strong>GENERAL<\/strong><\/td>\n<td><\/td>\n<td><\/td>\n<td><\/td>\n<td><\/td>\n<\/tr>\n<tr>\n<td>Capacidad de aceite<\/td>\n<td>L<\/td>\n<td>800<\/td>\n<td>1600<\/td>\n<td>2100<\/td>\n<\/tr>\n<tr>\n<td>Peso de la m\u00e1quina<\/td>\n<td>Ton<\/td>\n<td>20<\/td>\n<td>21<\/td>\n<td>24<\/td>\n<\/tr>\n<tr>\n<td>dimensi\u00f3n de la m\u00e1quina<\/td>\n<td>m<\/td>\n<td>8.9x4x2.4<\/td>\n<td>10.4&#215;4.3&#215;2.6<\/td>\n<td>12&#215;4.5&#215;2.8<\/td>\n<\/tr>\n<\/tbody>\n<tfoot>\n<tr>\n<td colspan=\"4\">\n        * Debido modernizaci\u00f3n de las m\u00e1quinas, los par\u00e1metros t\u00e9cnicos puede ser actualizada.\n        <\/td>\n<\/tr>\n<\/tfoot>\n<\/table>\n\n<p><\/div><\/div><div class=\"tab-content\" id=\"tab-3-content\"><div class=\"tabs-inner-padding\"><style type=\"text\/css\">\r\n                #content-block-background-1826 { background-image: url(); background-position: center bottom; background-repeat: no-repeat; background-color: #FFFFFF; background-attachment: scroll; background-size: auto; }\r\n                #content-block-body-1826 { padding: 20px 0; color: #171D2D; }\r\n                .content-block-body { margin-left: auto; margin-right: auto; position: relative; }\r\n            <\/style>\r\n                <style type=\"text\/css\">\r\n                    #wrapper-1 { overflow-x: hidden; }\r\n                    #content-block-background-1826 { margin: 0 -10000px; padding: 0 10000px; }\r\n                <\/style>\r\n            \r\n                \r\n            <div class=\"clear\"><\/div>\r\n            <div id=\"content-block-background-1826\" class=\"content-block-background \">\r\n                <div id=\"content-block-body-1826\" class=\"content-block-body\">\r\n                    <div class=\"clear\"><\/div>\r\n                    \n    <div class=\"one_half\"><img decoding=\"async\" src=\"https:\/\/www.powerjet-machinery.com\/wp-content\/uploads\/2016\/05\/High-Speed-PET-Preform-Injection-System.jpg\" alt=\"portada de alta velocidad de preformas de PET de moldeo por inyecci\u00f3n Sistema Folleto\" class=\"alignnone size-full wp-image-231\" \/><\/div>\n    <div class=\"one_half last_column\">\n<h4 style=\"margin-bottom: 35px;\"><span style=\"font-size: 34px; color:#171D2D; line-height:1.1; font-weight:bold;\">Lo que se puede conseguir:<\/span><\/h4>\n\n<ul class=\"list-7\">\n     <Li> caracter\u00edstica principal de alta velocidad de inyecci\u00f3n de preformas de PET sistema de moldeo <\/ li><br \/>\n\u00a0\u00a0\u00a0\u00a0 <Li> Par\u00e1metros t\u00e9cnicos principales de la serie de preformas HPET M\u00e1quinas de moldeo <\/ li><br \/>\n\u00a0\u00a0\u00a0\u00a0 <Li> platina Dimensiones Informaci\u00f3n para todos los modelos de m\u00e1quinas HPET Proform <\/ li><br \/>\n\u00a0\u00a0\u00a0\u00a0 <Li> Una breve lista de equipos auxiliares para preformas de PET de l\u00ednea <\/ li><br \/>\n\u00a0\u00a0\u00a0\u00a0 <Li> Un caso de producci\u00f3n para su referencia <\/ li>\n<\/ul>\n\n<div class=\"clear\"><\/div>\n<div class=\"clear\"><\/div>\n<div class=\"align-btn-center\"><a class=\"flat-custom-button\" href=\"https:\/\/www.powerjet-machinery.com\/wp-content\/uploads\/2016\/05\/High-speed-PET-preform-systems.pdf\" title=\"Descargar el folleto de alta velocidad de inyecci\u00f3n de preformas de PET sistema de moldeo\"><span style=\"padding:15px 25px; background-color:transparent; border:1px solid #333333; color:#333333; font-size:13px;\">Haga clic y descargar<\/span><\/a><\/div>\n<p>    <\/div>\n                    <div class=\"clear\"><\/div>\r\n                <\/div>\r\n            <\/div>\r\n            <div class=\"clear\"><\/div>\r\n\n<p><\/div><\/div><div class=\"tab-content\" id=\"tab-4-content\"><div class=\"tabs-inner-padding\"><iframe loading=\"lazy\" width=\"820\" height=\"460\" src=\"https:\/\/www.youtube.com\/embed\/6a5GziVSOdg?list=PLCVq4OkHKPZedBE9zDQthZMWZmWYgP45N\" frameborder=\"0\" allowfullscreen><\/iframe><br \/><\/div><\/div><\/div><!-- tabs-wrapper end --><div class=\"clear\"><\/div>\n\n<div class=\"wpcf7 no-js\" id=\"wpcf7-f718-o1\" lang=\"en-US\" dir=\"ltr\" data-wpcf7-id=\"718\">\n<div class=\"screen-reader-response\"><p role=\"status\" aria-live=\"polite\" aria-atomic=\"true\"><\/p> <ul><\/ul><\/div>\n<form action=\"\/es\/wp-json\/wp\/v2\/pages\/1450#wpcf7-f718-o1\" method=\"post\" class=\"wpcf7-form init\" aria-label=\"Contact form\" novalidate=\"novalidate\" data-status=\"init\">\n<fieldset class=\"hidden-fields-container\"><input type=\"hidden\" name=\"_wpcf7\" value=\"718\" \/><input type=\"hidden\" name=\"_wpcf7_version\" value=\"6.1.5\" \/><input type=\"hidden\" name=\"_wpcf7_locale\" value=\"en_US\" \/><input type=\"hidden\" name=\"_wpcf7_unit_tag\" value=\"wpcf7-f718-o1\" \/><input type=\"hidden\" name=\"_wpcf7_container_post\" value=\"0\" \/><input type=\"hidden\" name=\"_wpcf7_posted_data_hash\" value=\"\" \/>\n<\/fieldset>\n<p><span font-size:13px;> Enquiry Now:<\/span>\n<\/p>\n<p><span class=\"wpcf7-form-control-wrap\" data-name=\"your-name\"><input size=\"40\" maxlength=\"400\" class=\"wpcf7-form-control wpcf7-text wpcf7-validates-as-required\" aria-required=\"true\" aria-invalid=\"false\" placeholder=\"Your full name *\" value=\"\" type=\"text\" name=\"your-name\" \/><\/span>\n<\/p>\n<p><span class=\"wpcf7-form-control-wrap\" data-name=\"your-email\"><input size=\"40\" maxlength=\"400\" class=\"wpcf7-form-control wpcf7-email wpcf7-validates-as-required wpcf7-text wpcf7-validates-as-email\" aria-required=\"true\" aria-invalid=\"false\" placeholder=\"Your Email Address *\" value=\"\" type=\"email\" name=\"your-email\" \/><\/span>\n<\/p>\n<p><span class=\"wpcf7-form-control-wrap\" data-name=\"your-country\"><input size=\"40\" maxlength=\"400\" class=\"wpcf7-form-control wpcf7-text wpcf7-validates-as-required\" aria-required=\"true\" aria-invalid=\"false\" placeholder=\"Your country *\" value=\"\" type=\"text\" name=\"your-country\" \/><\/span>\n<\/p>\n<p><span class=\"wpcf7-form-control-wrap\" data-name=\"Model\"><input size=\"40\" maxlength=\"400\" class=\"wpcf7-form-control wpcf7-text\" aria-invalid=\"false\" placeholder=\"Machine`s model found in above parameter tab\" value=\"\" type=\"text\" name=\"Model\" \/><\/span>\n<\/p>\n<p><span class=\"wpcf7-form-control-wrap\" data-name=\"your-message\"><textarea cols=\"40\" rows=\"10\" maxlength=\"2000\" class=\"wpcf7-form-control wpcf7-textarea wpcf7-validates-as-required\" aria-required=\"true\" aria-invalid=\"false\" placeholder=\"Must filled*: Please describe your project details as possible as you can.\" name=\"your-message\"><\/textarea><\/span>\n<\/p>\n<p><span class=\"wpcf7-form-control-wrap\" data-name=\"checkbox-807\"><span class=\"wpcf7-form-control wpcf7-checkbox wpcf7-validates-as-required XXXXXXXXXXXXXXXXXXXXXXXXX\"><span class=\"wpcf7-list-item first last\"><input type=\"checkbox\" name=\"checkbox-807[]\" value=\"Click to help us from Spamming.\" \/><span class=\"wpcf7-list-item-label\">Click to help us from Spamming.<\/span><\/span><\/span><\/span>\n<\/p>\n<p><input class=\"wpcf7-form-control wpcf7-submit has-spinner\" type=\"submit\" value=\"Send\" \/>\n<\/p><p style=\"display: none !important;\" class=\"akismet-fields-container\" data-prefix=\"_wpcf7_ak_\"><label>&#916;<textarea name=\"_wpcf7_ak_hp_textarea\" cols=\"45\" rows=\"8\" maxlength=\"100\"><\/textarea><\/label><input type=\"hidden\" id=\"ak_js_1\" name=\"_wpcf7_ak_js\" value=\"179\"\/><script type=\"text\/javascript\">\n\/* <![CDATA[ *\/\ndocument.getElementById( \"ak_js_1\" ).setAttribute( \"value\", ( new Date() ).getTime() );\n\/* ]]> *\/\n<\/script>\n<\/p><div class=\"wpcf7-response-output\" aria-hidden=\"true\"><\/div>\n<\/form>\n<\/div>\n\n","protected":false},"excerpt":{"rendered":"<p>Sistema de alta velocidad de moldeo por inyecci\u00f3n de preformas de PET<\/p>\n","protected":false},"author":1,"featured_media":0,"parent":0,"menu_order":0,"comment_status":"closed","ping_status":"closed","template":"page-PageTemplate8.php","meta":{"nf_dc_page":"","footnotes":""},"class_list":["post-1450","page","type-page","status-publish","hentry"],"yoast_head":"<!-- This site is optimized with the Yoast SEO plugin v27.4 - https:\/\/yoast.com\/product\/yoast-seo-wordpress\/ -->\n<title>Sistema de alta velocidad de moldeo por inyecci\u00f3n de preformas de PET - Powerjet Plastic Machinery<\/title>\n<meta name=\"robots\" content=\"index, follow, max-snippet:-1, max-image-preview:large, max-video-preview:-1\" \/>\n<link rel=\"canonical\" href=\"https:\/\/www.powerjet-machinery.com\/es\/sistema-de-alta-velocidad-de-moldeo-por-inyeccion-de-preformas-de-pet\/\" \/>\n<meta property=\"og:locale\" content=\"es_ES\" \/>\n<meta property=\"og:type\" content=\"article\" \/>\n<meta property=\"og:title\" content=\"Sistema de alta velocidad de moldeo por inyecci\u00f3n de preformas de PET - Powerjet Plastic Machinery\" \/>\n<meta property=\"og:description\" content=\"Sistema de alta velocidad de moldeo por inyecci\u00f3n de preformas de PET\" \/>\n<meta property=\"og:url\" content=\"https:\/\/www.powerjet-machinery.com\/es\/sistema-de-alta-velocidad-de-moldeo-por-inyeccion-de-preformas-de-pet\/\" \/>\n<meta property=\"og:site_name\" content=\"Powerjet Plastic Machinery\" \/>\n<meta property=\"og:image\" content=\"https:\/\/www.powerjet-machinery.com\/wp-content\/uploads\/2016\/05\/HPET-Series-High-speed-PET-preform-injection-systems.jpg\" \/>\n<meta name=\"twitter:card\" content=\"summary_large_image\" \/>\n<meta name=\"twitter:label1\" content=\"Tiempo de lectura\" \/>\n\t<meta name=\"twitter:data1\" content=\"4 minutos\" \/>\n<script type=\"application\/ld+json\" class=\"yoast-schema-graph\">{\"@context\":\"https:\\\/\\\/schema.org\",\"@graph\":[{\"@type\":\"WebPage\",\"@id\":\"https:\\\/\\\/www.powerjet-machinery.com\\\/es\\\/sistema-de-alta-velocidad-de-moldeo-por-inyeccion-de-preformas-de-pet\\\/\",\"url\":\"https:\\\/\\\/www.powerjet-machinery.com\\\/es\\\/sistema-de-alta-velocidad-de-moldeo-por-inyeccion-de-preformas-de-pet\\\/\",\"name\":\"Sistema de alta velocidad de moldeo por inyecci\u00f3n de preformas de PET - Powerjet Plastic Machinery\",\"isPartOf\":{\"@id\":\"https:\\\/\\\/www.powerjet-machinery.com\\\/#website\"},\"primaryImageOfPage\":{\"@id\":\"https:\\\/\\\/www.powerjet-machinery.com\\\/es\\\/sistema-de-alta-velocidad-de-moldeo-por-inyeccion-de-preformas-de-pet\\\/#primaryimage\"},\"image\":{\"@id\":\"https:\\\/\\\/www.powerjet-machinery.com\\\/es\\\/sistema-de-alta-velocidad-de-moldeo-por-inyeccion-de-preformas-de-pet\\\/#primaryimage\"},\"thumbnailUrl\":\"https:\\\/\\\/www.powerjet-machinery.com\\\/wp-content\\\/uploads\\\/2016\\\/05\\\/HPET-Series-High-speed-PET-preform-injection-systems.jpg\",\"datePublished\":\"2016-09-05T03:12:33+00:00\",\"breadcrumb\":{\"@id\":\"https:\\\/\\\/www.powerjet-machinery.com\\\/es\\\/sistema-de-alta-velocidad-de-moldeo-por-inyeccion-de-preformas-de-pet\\\/#breadcrumb\"},\"inLanguage\":\"es\",\"potentialAction\":[{\"@type\":\"ReadAction\",\"target\":[\"https:\\\/\\\/www.powerjet-machinery.com\\\/es\\\/sistema-de-alta-velocidad-de-moldeo-por-inyeccion-de-preformas-de-pet\\\/\"]}]},{\"@type\":\"ImageObject\",\"inLanguage\":\"es\",\"@id\":\"https:\\\/\\\/www.powerjet-machinery.com\\\/es\\\/sistema-de-alta-velocidad-de-moldeo-por-inyeccion-de-preformas-de-pet\\\/#primaryimage\",\"url\":\"https:\\\/\\\/www.powerjet-machinery.com\\\/wp-content\\\/uploads\\\/2016\\\/05\\\/HPET-Series-High-speed-PET-preform-injection-systems.jpg\",\"contentUrl\":\"https:\\\/\\\/www.powerjet-machinery.com\\\/wp-content\\\/uploads\\\/2016\\\/05\\\/HPET-Series-High-speed-PET-preform-injection-systems.jpg\"},{\"@type\":\"BreadcrumbList\",\"@id\":\"https:\\\/\\\/www.powerjet-machinery.com\\\/es\\\/sistema-de-alta-velocidad-de-moldeo-por-inyeccion-de-preformas-de-pet\\\/#breadcrumb\",\"itemListElement\":[{\"@type\":\"ListItem\",\"position\":1,\"name\":\"Home\",\"item\":\"https:\\\/\\\/www.powerjet-machinery.com\\\/es\\\/\"},{\"@type\":\"ListItem\",\"position\":2,\"name\":\"Sistema de alta velocidad de moldeo por inyecci\u00f3n de preformas de PET\"}]},{\"@type\":\"WebSite\",\"@id\":\"https:\\\/\\\/www.powerjet-machinery.com\\\/#website\",\"url\":\"https:\\\/\\\/www.powerjet-machinery.com\\\/\",\"name\":\"Powerjet Plastic Machinery\",\"description\":\"\",\"potentialAction\":[{\"@type\":\"SearchAction\",\"target\":{\"@type\":\"EntryPoint\",\"urlTemplate\":\"https:\\\/\\\/www.powerjet-machinery.com\\\/?s={search_term_string}\"},\"query-input\":{\"@type\":\"PropertyValueSpecification\",\"valueRequired\":true,\"valueName\":\"search_term_string\"}}],\"inLanguage\":\"es\"}]}<\/script>\n<!-- \/ Yoast SEO plugin. -->","yoast_head_json":{"title":"Sistema de alta velocidad de moldeo por inyecci\u00f3n de preformas de PET - Powerjet Plastic Machinery","robots":{"index":"index","follow":"follow","max-snippet":"max-snippet:-1","max-image-preview":"max-image-preview:large","max-video-preview":"max-video-preview:-1"},"canonical":"https:\/\/www.powerjet-machinery.com\/es\/sistema-de-alta-velocidad-de-moldeo-por-inyeccion-de-preformas-de-pet\/","og_locale":"es_ES","og_type":"article","og_title":"Sistema de alta velocidad de moldeo por inyecci\u00f3n de preformas de PET - Powerjet Plastic Machinery","og_description":"Sistema de alta velocidad de moldeo por inyecci\u00f3n de preformas de PET","og_url":"https:\/\/www.powerjet-machinery.com\/es\/sistema-de-alta-velocidad-de-moldeo-por-inyeccion-de-preformas-de-pet\/","og_site_name":"Powerjet Plastic Machinery","og_image":[{"url":"https:\/\/www.powerjet-machinery.com\/wp-content\/uploads\/2016\/05\/HPET-Series-High-speed-PET-preform-injection-systems.jpg","type":"","width":"","height":""}],"twitter_card":"summary_large_image","twitter_misc":{"Tiempo de lectura":"4 minutos"},"schema":{"@context":"https:\/\/schema.org","@graph":[{"@type":"WebPage","@id":"https:\/\/www.powerjet-machinery.com\/es\/sistema-de-alta-velocidad-de-moldeo-por-inyeccion-de-preformas-de-pet\/","url":"https:\/\/www.powerjet-machinery.com\/es\/sistema-de-alta-velocidad-de-moldeo-por-inyeccion-de-preformas-de-pet\/","name":"Sistema de alta velocidad de moldeo por inyecci\u00f3n de preformas de PET - Powerjet Plastic Machinery","isPartOf":{"@id":"https:\/\/www.powerjet-machinery.com\/#website"},"primaryImageOfPage":{"@id":"https:\/\/www.powerjet-machinery.com\/es\/sistema-de-alta-velocidad-de-moldeo-por-inyeccion-de-preformas-de-pet\/#primaryimage"},"image":{"@id":"https:\/\/www.powerjet-machinery.com\/es\/sistema-de-alta-velocidad-de-moldeo-por-inyeccion-de-preformas-de-pet\/#primaryimage"},"thumbnailUrl":"https:\/\/www.powerjet-machinery.com\/wp-content\/uploads\/2016\/05\/HPET-Series-High-speed-PET-preform-injection-systems.jpg","datePublished":"2016-09-05T03:12:33+00:00","breadcrumb":{"@id":"https:\/\/www.powerjet-machinery.com\/es\/sistema-de-alta-velocidad-de-moldeo-por-inyeccion-de-preformas-de-pet\/#breadcrumb"},"inLanguage":"es","potentialAction":[{"@type":"ReadAction","target":["https:\/\/www.powerjet-machinery.com\/es\/sistema-de-alta-velocidad-de-moldeo-por-inyeccion-de-preformas-de-pet\/"]}]},{"@type":"ImageObject","inLanguage":"es","@id":"https:\/\/www.powerjet-machinery.com\/es\/sistema-de-alta-velocidad-de-moldeo-por-inyeccion-de-preformas-de-pet\/#primaryimage","url":"https:\/\/www.powerjet-machinery.com\/wp-content\/uploads\/2016\/05\/HPET-Series-High-speed-PET-preform-injection-systems.jpg","contentUrl":"https:\/\/www.powerjet-machinery.com\/wp-content\/uploads\/2016\/05\/HPET-Series-High-speed-PET-preform-injection-systems.jpg"},{"@type":"BreadcrumbList","@id":"https:\/\/www.powerjet-machinery.com\/es\/sistema-de-alta-velocidad-de-moldeo-por-inyeccion-de-preformas-de-pet\/#breadcrumb","itemListElement":[{"@type":"ListItem","position":1,"name":"Home","item":"https:\/\/www.powerjet-machinery.com\/es\/"},{"@type":"ListItem","position":2,"name":"Sistema de alta velocidad de moldeo por inyecci\u00f3n de preformas de PET"}]},{"@type":"WebSite","@id":"https:\/\/www.powerjet-machinery.com\/#website","url":"https:\/\/www.powerjet-machinery.com\/","name":"Powerjet Plastic Machinery","description":"","potentialAction":[{"@type":"SearchAction","target":{"@type":"EntryPoint","urlTemplate":"https:\/\/www.powerjet-machinery.com\/?s={search_term_string}"},"query-input":{"@type":"PropertyValueSpecification","valueRequired":true,"valueName":"search_term_string"}}],"inLanguage":"es"}]}},"_links":{"self":[{"href":"https:\/\/www.powerjet-machinery.com\/es\/wp-json\/wp\/v2\/pages\/1450","targetHints":{"allow":["GET"]}}],"collection":[{"href":"https:\/\/www.powerjet-machinery.com\/es\/wp-json\/wp\/v2\/pages"}],"about":[{"href":"https:\/\/www.powerjet-machinery.com\/es\/wp-json\/wp\/v2\/types\/page"}],"author":[{"embeddable":true,"href":"https:\/\/www.powerjet-machinery.com\/es\/wp-json\/wp\/v2\/users\/1"}],"replies":[{"embeddable":true,"href":"https:\/\/www.powerjet-machinery.com\/es\/wp-json\/wp\/v2\/comments?post=1450"}],"version-history":[{"count":1,"href":"https:\/\/www.powerjet-machinery.com\/es\/wp-json\/wp\/v2\/pages\/1450\/revisions"}],"predecessor-version":[{"id":1452,"href":"https:\/\/www.powerjet-machinery.com\/es\/wp-json\/wp\/v2\/pages\/1450\/revisions\/1452"}],"wp:attachment":[{"href":"https:\/\/www.powerjet-machinery.com\/es\/wp-json\/wp\/v2\/media?parent=1450"}],"curies":[{"name":"wp","href":"https:\/\/api.w.org\/{rel}","templated":true}]}}