{"id":1445,"date":"2016-09-04T15:43:05","date_gmt":"2016-09-04T15:43:05","guid":{"rendered":"https:\/\/www.powerjet-machinery.com\/es\/?page_id=1445"},"modified":"2016-09-04T15:43:05","modified_gmt":"2016-09-04T15:43:05","slug":"maquina-de-moldeo-por-inyeccion-para-instrumental-medico","status":"publish","type":"page","link":"https:\/\/www.powerjet-machinery.com\/es\/maquina-de-moldeo-por-inyeccion-para-instrumental-medico\/","title":{"rendered":"M\u00e1quina de moldeo por inyecci\u00f3n para instrumental m\u00e9dico"},"content":{"rendered":"<p>   <img loading=\"lazy\" decoding=\"async\" src=\"https:\/\/www.powerjet-machinery.com\/wp-content\/uploads\/2016\/05\/Medical-Injection-Molding-Machine-Manufactured-in-China.jpg\" alt=\"Inyecci\u00f3n m\u00e9dica m\u00e1quina de moldeo fabricados en China\" width=\"960\" height=\"473\" class=\"aligncenter size-full wp-image-1073\" srcset=\"https:\/\/www.powerjet-machinery.com\/wp-content\/uploads\/2016\/05\/Medical-Injection-Molding-Machine-Manufactured-in-China.jpg 960w, https:\/\/www.powerjet-machinery.com\/wp-content\/uploads\/2016\/05\/Medical-Injection-Molding-Machine-Manufactured-in-China-300x148.jpg 300w, https:\/\/www.powerjet-machinery.com\/wp-content\/uploads\/2016\/05\/Medical-Injection-Molding-Machine-Manufactured-in-China-768x378.jpg 768w\" sizes=\"auto, (max-width: 960px) 100vw, 960px\" \/><\/p>\n<h2 style=\"margin-bottom: 15px; text-align: center;\"><span style=\"font-size: 18px; color: #FFFFFF; line-height: 1.2; font-weight:bold; text-align: center;\"><span style=\"color:#FD7800;\">M\u00e1quina de moldeo por inyecci\u00f3n para instrumental m\u00e9dico<\/span><\/span><\/h2>\n<div class=\"clear\"><\/div><div class=\"tabs-wrapper\"><ul class=\"tabs\"><li><a href=\"javascript:void(0)\" class=\"defaulttab\" id=\"tab-1\"><span>Especificaci\u00f3n<\/span><\/a><\/li><li><a href=\"javascript:void(0)\" id=\"tab-2\"><span>par\u00e1metros<\/span><\/a><\/li><li><a href=\"javascript:void(0)\" id=\"tab-3\"><span>Descargar folleto<\/span><\/a><\/li><li><a href=\"javascript:void(0)\" id=\"tab-4\"><span>v\u00eddeos<\/span><\/a><\/li><\/ul><div class=\"tab-content\" id=\"tab-1-content\"><div class=\"tabs-inner-padding\"><p><strong>piezas especialmente optimizados para la m\u00e1quina de moldeo por inyecci\u00f3n m\u00e9dica: <\/strong><\/p>\n\n<ul class=\"list-4\">\n<p><Li> Dise\u00f1o completamente cerrado con dispositivo de flujo de aire laminar presi\u00f3n positiva para los productos terminados para mantener esta \u00e1rea limpia. <\/ Li><\/p>\n<p><Li> apertura del molde y expulsi\u00f3n de forma sincr\u00f3nica, acorta el ciclo de moldeo y mejora la eficiencia de la producci\u00f3n. <\/ Li><\/p>\n<p><Li> circulante sistema de lubricaci\u00f3n para bisagras de sujeci\u00f3n, reduce la contaminaci\u00f3n del aceite lubricante y mantiene la m\u00e1quina limpia. <\/ Li><\/p>\n<p><Li> Nuevo material se utiliza en los pies de deslizamiento auto-lubricante, lo que reduce la contaminaci\u00f3n del aceite lubricante. <\/ Li><\/p>\n<p><Li> placa de acero inoxidable se utiliza en el \u00e1mbito de los productos terminados, que separa la zona de la cinta transportadora para evitar la contaminaci\u00f3n de los productos. <\/ Li><\/p>\n<p><Li> Sistema de control de servo para el petr\u00f3leo y la electricidad, con una respuesta r\u00e1pida, de alta precisi\u00f3n, y el control de bucle cerrado de presi\u00f3n hidr\u00e1ulica y velocidad. <\/ Li><\/p>\n<\/ul><\/div><\/div><div class=\"tab-content\" id=\"tab-2-content\"><div class=\"tabs-inner-padding\"><table class=\"custom-table\"  summary=\"Hoja de datos para m\u00e1quinas de moldeo por inyecci\u00f3n de pl\u00e1sticos m\u00e9dicos Instruments\">\n<thead>\n<tr>\n<th scope=\"col\">Descripci\u00f3n<\/th>\n<th scope=\"col\">UNIDAD<\/th>\n<th scope=\"col\">KE-258S6<\/th>\n<\/tr>\n<\/thead>\n<tbody>\n<tr>\n<td>Tama\u00f1o Internacional<\/td>\n<td><\/td>\n<td>2500-502<\/td>\n<\/tr>\n<tr>\n<td><strong>UNIDAD DE SUJECI\u00d3N<\/td>\n<td><\/td>\n<td><\/td>\n<\/tr>\n<tr>\n<td>Fuerza de sujecion<\/td>\n<td>KN<\/td>\n<td>2580<\/td>\n<\/tr>\n<tr>\n<td>Carrera de apertura<\/td>\n<td>mm<\/td>\n<td>520<\/td>\n<\/tr>\n<tr>\n<td>Max. luz<\/td>\n<td>mm<\/td>\n<td>1100<\/td>\n<\/tr>\n<tr>\n<td>tama\u00f1o de platina<\/td>\n<td>mm<\/td>\n<td>800&#215;760<\/td>\n<\/tr>\n<tr>\n<td>Max. tama\u00f1o del molde<\/td>\n<td>mm<\/td>\n<td>560&#215;490<\/td>\n<\/tr>\n<tr>\n<td>Max. El grueso del molde<\/td>\n<td>mm<\/td>\n<td>580<\/td>\n<\/tr>\n<tr>\n<td>Min. El grueso del molde<\/td>\n<td>mm<\/td>\n<td>230<\/td>\n<\/tr>\n<tr>\n<td>Recorrido del expulsor<\/td>\n<td>mm<\/td>\n<td>145<\/td>\n<\/tr>\n<tr>\n<td>la fuerza del eyector<\/td>\n<td>KN<\/td>\n<td>77<\/td>\n<\/tr>\n<tr>\n<td><strong>Unidad de inyecci\u00f3n<\/strong><\/td>\n<td><\/td>\n<td><\/td>\n<\/tr>\n<tr>\n<td>di\u00e1metro de husillo<\/td>\n<td>mm<\/td>\n<td>46<\/td>\n<\/tr>\n<tr>\n<td>El tornillo L \/ D ratio<\/td>\n<td><\/td>\n<td>24<\/td>\n<\/tr>\n<tr>\n<td>Presi\u00f3n de inyecci\u00f3n<\/td>\n<td>Mpa<\/td>\n<td>168<\/td>\n<\/tr>\n<tr>\n<td>volumen de tiro<\/td>\n<td>cm3<\/td>\n<td>299<\/td>\n<\/tr>\n<tr>\n<td>peso tiro (PS)<\/td>\n<td>g<\/td>\n<td>266<\/td>\n<\/tr>\n<tr>\n<td>velocidad de inyecci\u00f3n<\/td>\n<td>g\/s<\/td>\n<td>368<\/td>\n<\/tr>\n<tr>\n<td>capacidad de plastificaci\u00f3n<\/td>\n<td>g\/s<\/td>\n<td>50<\/td>\n<\/tr>\n<tr>\n<td>accidente cerebrovascular tornillo<\/td>\n<td>mm<\/td>\n<td>180<\/td>\n<\/tr>\n<tr>\n<td>La velocidad del tornillo<\/td>\n<td>r.p.m.<\/td>\n<td>350<\/td>\n<\/tr>\n<tr>\n<td><strong>UNIDAD DE PODER <\/strong><\/td>\n<td><\/td>\n<td><\/td>\n<\/tr>\n<tr>\n<td>Presi\u00f3n hidr\u00e1ulica<\/td>\n<td>Mpa<\/td>\n<td>17.5<\/td>\n<\/tr>\n<tr>\n<td>Potencia de la bomba del motor<\/td>\n<td>KW<\/td>\n<td>11+41<\/td>\n<\/tr>\n<tr>\n<td>La potencia del calentador<\/td>\n<td>KW<\/td>\n<td>17.7<\/td>\n<\/tr>\n<tr>\n<td><strong>GENERAL<\/strong><\/td>\n<td><\/td>\n<td><\/td>\n<\/tr>\n<tr>\n<td>el tiempo de ciclo en seco<\/td>\n<td>Sec.<\/td>\n<td>3<\/td>\n<\/tr>\n<tr>\n<td>Capacidad del dep\u00f3sito de aceite<\/td>\n<td>L<\/td>\n<td>420<\/td>\n<\/tr>\n<tr>\n<td>Peso de la m\u00e1quina<\/td>\n<td>Ton<\/td>\n<td>8.2<\/td>\n<\/tr>\n<tr>\n<td>dimensiones de la m\u00e1quina<\/td>\n<td>M<\/td>\n<td>5.9&#215;1.5&#215;2.2<\/td>\n<\/tr>\n<\/tbody>\n<tfoot>\n<tr>\n<td colspan=\"4\">\n        * Algunos datos pueden actualizarse sin previo aviso\n        <\/td>\n<\/tr>\n<\/tfoot>\n<\/table>\n\n<p><\/div><\/div><div class=\"tab-content\" id=\"tab-3-content\"><div class=\"tabs-inner-padding\"><style type=\"text\/css\">\r\n                #content-block-background-1232 { background-image: url(); background-position: center bottom; background-repeat: no-repeat; background-color: #FFFFFF; background-attachment: scroll; background-size: auto; }\r\n                #content-block-body-1232 { padding: 20px 0; color: #171D2D; }\r\n                .content-block-body { margin-left: auto; margin-right: auto; position: relative; }\r\n            <\/style>\r\n                <style type=\"text\/css\">\r\n                    #wrapper-1 { overflow-x: hidden; }\r\n                    #content-block-background-1232 { margin: 0 -10000px; padding: 0 10000px; }\r\n                <\/style>\r\n            \r\n                \r\n            <div class=\"clear\"><\/div>\r\n            <div id=\"content-block-background-1232\" class=\"content-block-background \">\r\n                <div id=\"content-block-body-1232\" class=\"content-block-body\">\r\n                    <div class=\"clear\"><\/div>\r\n                    \n    <div class=\"one_half\"><img decoding=\"async\" src=\"https:\/\/www.powerjet-machinery.com\/wp-content\/uploads\/2016\/05\/Injection-Molding-Machines-to-produce-medical-instrument.jpg\" alt=\"portada de inyecci\u00f3n M\u00e9dico m\u00e1quina de moldeo Folleto\" class=\"alignnone size-full wp-image-231\" \/><\/div>\n    <div class=\"one_half last_column\">\n<h4 style=\"margin-bottom: 35px;\"><span style=\"font-size: 34px; color:#171D2D; line-height:1.1; font-weight:bold;\">Lo que se puede conseguir:<\/span><\/h4>\n\n<ul class=\"list-7\">\n     <Li> principal caracter\u00edstica de Medicina Instruments` m\u00e1quinas de moldeo por inyecci\u00f3n <\/ li><br \/>\n\u00a0\u00a0\u00a0\u00a0 <Li> Principales par\u00e1metros t\u00e9cnicos de m\u00e1quinas de inyecci\u00f3n M\u00e9dico Instruments` <\/ li><br \/>\n\u00a0\u00a0\u00a0\u00a0 <Li> platina Dimensiones Informaci\u00f3n para m\u00e1quinas de inyecci\u00f3n M\u00e9dico Instruments` <\/ li><br \/>\n\u00a0\u00a0\u00a0\u00a0 <Li> Un caso de producci\u00f3n (5 ml tubo de la jeringa) para su referencia <\/ li>\n<\/ul>\n\n<div class=\"clear\"><\/div>\n<div class=\"clear\"><\/div>\n<div class=\"align-btn-center\"><a class=\"flat-custom-button\" href=\"https:\/\/www.powerjet-machinery.com\/wp-content\/uploads\/2016\/05\/Medical-instrument-injection-blow-molding-machines.pdf\" title=\"Descarga M\u00e9dico Instruments` m\u00e1quinas de moldeo por inyecci\u00f3n Folleto\"><span style=\"padding:15px 25px; background-color:transparent; border:1px solid #333333; color:#333333; font-size:13px;\">Haga clic y descargar<\/span><\/a><\/div>\n<p>    <\/div>\n                    <div class=\"clear\"><\/div>\r\n                <\/div>\r\n            <\/div>\r\n            <div class=\"clear\"><\/div>\r\n\n<p><\/div><\/div><div class=\"tab-content\" id=\"tab-4-content\"><div class=\"tabs-inner-padding\">Contenido de v\u00eddeo Tab va aqu\u00ed&#8230;<br \/><\/div><\/div><\/div><!-- tabs-wrapper end --><div class=\"clear\"><\/div>\n\n<div class=\"wpcf7 no-js\" id=\"wpcf7-f718-o1\" lang=\"en-US\" dir=\"ltr\" data-wpcf7-id=\"718\">\n<div class=\"screen-reader-response\"><p role=\"status\" aria-live=\"polite\" aria-atomic=\"true\"><\/p> <ul><\/ul><\/div>\n<form action=\"\/es\/wp-json\/wp\/v2\/pages\/1445#wpcf7-f718-o1\" method=\"post\" class=\"wpcf7-form init\" aria-label=\"Contact form\" novalidate=\"novalidate\" data-status=\"init\">\n<fieldset class=\"hidden-fields-container\"><input type=\"hidden\" name=\"_wpcf7\" value=\"718\" \/><input type=\"hidden\" name=\"_wpcf7_version\" value=\"6.1.5\" \/><input type=\"hidden\" name=\"_wpcf7_locale\" value=\"en_US\" \/><input type=\"hidden\" name=\"_wpcf7_unit_tag\" value=\"wpcf7-f718-o1\" \/><input type=\"hidden\" name=\"_wpcf7_container_post\" value=\"0\" \/><input type=\"hidden\" name=\"_wpcf7_posted_data_hash\" value=\"\" \/>\n<\/fieldset>\n<p><span font-size:13px;> Enquiry Now:<\/span>\n<\/p>\n<p><span class=\"wpcf7-form-control-wrap\" data-name=\"your-name\"><input size=\"40\" maxlength=\"400\" class=\"wpcf7-form-control wpcf7-text wpcf7-validates-as-required\" aria-required=\"true\" aria-invalid=\"false\" placeholder=\"Your full name *\" value=\"\" type=\"text\" name=\"your-name\" \/><\/span>\n<\/p>\n<p><span class=\"wpcf7-form-control-wrap\" data-name=\"your-email\"><input size=\"40\" maxlength=\"400\" class=\"wpcf7-form-control wpcf7-email wpcf7-validates-as-required wpcf7-text wpcf7-validates-as-email\" aria-required=\"true\" aria-invalid=\"false\" placeholder=\"Your Email Address *\" value=\"\" type=\"email\" name=\"your-email\" \/><\/span>\n<\/p>\n<p><span class=\"wpcf7-form-control-wrap\" data-name=\"your-country\"><input size=\"40\" maxlength=\"400\" class=\"wpcf7-form-control wpcf7-text wpcf7-validates-as-required\" aria-required=\"true\" aria-invalid=\"false\" placeholder=\"Your country *\" value=\"\" type=\"text\" name=\"your-country\" \/><\/span>\n<\/p>\n<p><span class=\"wpcf7-form-control-wrap\" data-name=\"Model\"><input size=\"40\" maxlength=\"400\" class=\"wpcf7-form-control wpcf7-text\" aria-invalid=\"false\" placeholder=\"Machine`s model found in above parameter tab\" value=\"\" type=\"text\" name=\"Model\" \/><\/span>\n<\/p>\n<p><span class=\"wpcf7-form-control-wrap\" data-name=\"your-message\"><textarea cols=\"40\" rows=\"10\" maxlength=\"2000\" class=\"wpcf7-form-control wpcf7-textarea wpcf7-validates-as-required\" aria-required=\"true\" aria-invalid=\"false\" placeholder=\"Must filled*: Please describe your project details as possible as you can.\" name=\"your-message\"><\/textarea><\/span>\n<\/p>\n<p><span class=\"wpcf7-form-control-wrap\" data-name=\"checkbox-807\"><span class=\"wpcf7-form-control wpcf7-checkbox wpcf7-validates-as-required XXXXXXXXXXXXXXXXXXXXXXXXX\"><span class=\"wpcf7-list-item first last\"><input type=\"checkbox\" name=\"checkbox-807[]\" value=\"Click to help us from Spamming.\" \/><span class=\"wpcf7-list-item-label\">Click to help us from Spamming.<\/span><\/span><\/span><\/span>\n<\/p>\n<p><input class=\"wpcf7-form-control wpcf7-submit has-spinner\" type=\"submit\" value=\"Send\" \/>\n<\/p><p style=\"display: none !important;\" class=\"akismet-fields-container\" data-prefix=\"_wpcf7_ak_\"><label>&#916;<textarea name=\"_wpcf7_ak_hp_textarea\" cols=\"45\" rows=\"8\" maxlength=\"100\"><\/textarea><\/label><input type=\"hidden\" id=\"ak_js_1\" name=\"_wpcf7_ak_js\" value=\"185\"\/><script type=\"text\/javascript\">\n\/* <![CDATA[ *\/\ndocument.getElementById( \"ak_js_1\" ).setAttribute( \"value\", ( new Date() ).getTime() );\n\/* ]]> *\/\n<\/script>\n<\/p><div class=\"wpcf7-response-output\" aria-hidden=\"true\"><\/div>\n<\/form>\n<\/div>\n\n","protected":false},"excerpt":{"rendered":"<p>M\u00e1quina de moldeo por inyecci\u00f3n para instrumental m\u00e9dico<\/p>\n","protected":false},"author":1,"featured_media":0,"parent":0,"menu_order":0,"comment_status":"closed","ping_status":"closed","template":"page-PageTemplate8.php","meta":{"nf_dc_page":"","footnotes":""},"class_list":["post-1445","page","type-page","status-publish","hentry"],"yoast_head":"<!-- This site is optimized with the Yoast SEO plugin v27.4 - https:\/\/yoast.com\/product\/yoast-seo-wordpress\/ -->\n<title>M\u00e1quina de moldeo por inyecci\u00f3n para instrumental m\u00e9dico - Powerjet Plastic Machinery<\/title>\n<meta name=\"robots\" content=\"index, follow, max-snippet:-1, max-image-preview:large, max-video-preview:-1\" \/>\n<link rel=\"canonical\" href=\"https:\/\/www.powerjet-machinery.com\/es\/maquina-de-moldeo-por-inyeccion-para-instrumental-medico\/\" \/>\n<meta property=\"og:locale\" content=\"es_ES\" \/>\n<meta property=\"og:type\" content=\"article\" \/>\n<meta property=\"og:title\" content=\"M\u00e1quina de moldeo por inyecci\u00f3n para instrumental m\u00e9dico - Powerjet Plastic Machinery\" \/>\n<meta property=\"og:description\" content=\"M\u00e1quina de moldeo por inyecci\u00f3n para instrumental m\u00e9dico\" \/>\n<meta property=\"og:url\" content=\"https:\/\/www.powerjet-machinery.com\/es\/maquina-de-moldeo-por-inyeccion-para-instrumental-medico\/\" \/>\n<meta property=\"og:site_name\" content=\"Powerjet Plastic Machinery\" \/>\n<meta property=\"og:image\" content=\"https:\/\/www.powerjet-machinery.com\/wp-content\/uploads\/2016\/05\/Medical-Injection-Molding-Machine-Manufactured-in-China.jpg\" \/>\n<meta name=\"twitter:card\" content=\"summary_large_image\" \/>\n<meta name=\"twitter:label1\" content=\"Tiempo de lectura\" \/>\n\t<meta name=\"twitter:data1\" content=\"3 minutos\" \/>\n<script type=\"application\/ld+json\" class=\"yoast-schema-graph\">{\"@context\":\"https:\\\/\\\/schema.org\",\"@graph\":[{\"@type\":\"WebPage\",\"@id\":\"https:\\\/\\\/www.powerjet-machinery.com\\\/es\\\/maquina-de-moldeo-por-inyeccion-para-instrumental-medico\\\/\",\"url\":\"https:\\\/\\\/www.powerjet-machinery.com\\\/es\\\/maquina-de-moldeo-por-inyeccion-para-instrumental-medico\\\/\",\"name\":\"M\u00e1quina de moldeo por inyecci\u00f3n para instrumental m\u00e9dico - Powerjet Plastic Machinery\",\"isPartOf\":{\"@id\":\"https:\\\/\\\/www.powerjet-machinery.com\\\/#website\"},\"primaryImageOfPage\":{\"@id\":\"https:\\\/\\\/www.powerjet-machinery.com\\\/es\\\/maquina-de-moldeo-por-inyeccion-para-instrumental-medico\\\/#primaryimage\"},\"image\":{\"@id\":\"https:\\\/\\\/www.powerjet-machinery.com\\\/es\\\/maquina-de-moldeo-por-inyeccion-para-instrumental-medico\\\/#primaryimage\"},\"thumbnailUrl\":\"https:\\\/\\\/www.powerjet-machinery.com\\\/wp-content\\\/uploads\\\/2016\\\/05\\\/Medical-Injection-Molding-Machine-Manufactured-in-China.jpg\",\"datePublished\":\"2016-09-04T15:43:05+00:00\",\"breadcrumb\":{\"@id\":\"https:\\\/\\\/www.powerjet-machinery.com\\\/es\\\/maquina-de-moldeo-por-inyeccion-para-instrumental-medico\\\/#breadcrumb\"},\"inLanguage\":\"es\",\"potentialAction\":[{\"@type\":\"ReadAction\",\"target\":[\"https:\\\/\\\/www.powerjet-machinery.com\\\/es\\\/maquina-de-moldeo-por-inyeccion-para-instrumental-medico\\\/\"]}]},{\"@type\":\"ImageObject\",\"inLanguage\":\"es\",\"@id\":\"https:\\\/\\\/www.powerjet-machinery.com\\\/es\\\/maquina-de-moldeo-por-inyeccion-para-instrumental-medico\\\/#primaryimage\",\"url\":\"https:\\\/\\\/www.powerjet-machinery.com\\\/wp-content\\\/uploads\\\/2016\\\/05\\\/Medical-Injection-Molding-Machine-Manufactured-in-China.jpg\",\"contentUrl\":\"https:\\\/\\\/www.powerjet-machinery.com\\\/wp-content\\\/uploads\\\/2016\\\/05\\\/Medical-Injection-Molding-Machine-Manufactured-in-China.jpg\"},{\"@type\":\"BreadcrumbList\",\"@id\":\"https:\\\/\\\/www.powerjet-machinery.com\\\/es\\\/maquina-de-moldeo-por-inyeccion-para-instrumental-medico\\\/#breadcrumb\",\"itemListElement\":[{\"@type\":\"ListItem\",\"position\":1,\"name\":\"Home\",\"item\":\"https:\\\/\\\/www.powerjet-machinery.com\\\/es\\\/\"},{\"@type\":\"ListItem\",\"position\":2,\"name\":\"M\u00e1quina de moldeo por inyecci\u00f3n para instrumental m\u00e9dico\"}]},{\"@type\":\"WebSite\",\"@id\":\"https:\\\/\\\/www.powerjet-machinery.com\\\/#website\",\"url\":\"https:\\\/\\\/www.powerjet-machinery.com\\\/\",\"name\":\"Powerjet Plastic Machinery\",\"description\":\"\",\"potentialAction\":[{\"@type\":\"SearchAction\",\"target\":{\"@type\":\"EntryPoint\",\"urlTemplate\":\"https:\\\/\\\/www.powerjet-machinery.com\\\/?s={search_term_string}\"},\"query-input\":{\"@type\":\"PropertyValueSpecification\",\"valueRequired\":true,\"valueName\":\"search_term_string\"}}],\"inLanguage\":\"es\"}]}<\/script>\n<!-- \/ Yoast SEO plugin. -->","yoast_head_json":{"title":"M\u00e1quina de moldeo por inyecci\u00f3n para instrumental m\u00e9dico - Powerjet Plastic Machinery","robots":{"index":"index","follow":"follow","max-snippet":"max-snippet:-1","max-image-preview":"max-image-preview:large","max-video-preview":"max-video-preview:-1"},"canonical":"https:\/\/www.powerjet-machinery.com\/es\/maquina-de-moldeo-por-inyeccion-para-instrumental-medico\/","og_locale":"es_ES","og_type":"article","og_title":"M\u00e1quina de moldeo por inyecci\u00f3n para instrumental m\u00e9dico - Powerjet Plastic Machinery","og_description":"M\u00e1quina de moldeo por inyecci\u00f3n para instrumental m\u00e9dico","og_url":"https:\/\/www.powerjet-machinery.com\/es\/maquina-de-moldeo-por-inyeccion-para-instrumental-medico\/","og_site_name":"Powerjet Plastic Machinery","og_image":[{"url":"https:\/\/www.powerjet-machinery.com\/wp-content\/uploads\/2016\/05\/Medical-Injection-Molding-Machine-Manufactured-in-China.jpg","type":"","width":"","height":""}],"twitter_card":"summary_large_image","twitter_misc":{"Tiempo de lectura":"3 minutos"},"schema":{"@context":"https:\/\/schema.org","@graph":[{"@type":"WebPage","@id":"https:\/\/www.powerjet-machinery.com\/es\/maquina-de-moldeo-por-inyeccion-para-instrumental-medico\/","url":"https:\/\/www.powerjet-machinery.com\/es\/maquina-de-moldeo-por-inyeccion-para-instrumental-medico\/","name":"M\u00e1quina de moldeo por inyecci\u00f3n para instrumental m\u00e9dico - Powerjet Plastic Machinery","isPartOf":{"@id":"https:\/\/www.powerjet-machinery.com\/#website"},"primaryImageOfPage":{"@id":"https:\/\/www.powerjet-machinery.com\/es\/maquina-de-moldeo-por-inyeccion-para-instrumental-medico\/#primaryimage"},"image":{"@id":"https:\/\/www.powerjet-machinery.com\/es\/maquina-de-moldeo-por-inyeccion-para-instrumental-medico\/#primaryimage"},"thumbnailUrl":"https:\/\/www.powerjet-machinery.com\/wp-content\/uploads\/2016\/05\/Medical-Injection-Molding-Machine-Manufactured-in-China.jpg","datePublished":"2016-09-04T15:43:05+00:00","breadcrumb":{"@id":"https:\/\/www.powerjet-machinery.com\/es\/maquina-de-moldeo-por-inyeccion-para-instrumental-medico\/#breadcrumb"},"inLanguage":"es","potentialAction":[{"@type":"ReadAction","target":["https:\/\/www.powerjet-machinery.com\/es\/maquina-de-moldeo-por-inyeccion-para-instrumental-medico\/"]}]},{"@type":"ImageObject","inLanguage":"es","@id":"https:\/\/www.powerjet-machinery.com\/es\/maquina-de-moldeo-por-inyeccion-para-instrumental-medico\/#primaryimage","url":"https:\/\/www.powerjet-machinery.com\/wp-content\/uploads\/2016\/05\/Medical-Injection-Molding-Machine-Manufactured-in-China.jpg","contentUrl":"https:\/\/www.powerjet-machinery.com\/wp-content\/uploads\/2016\/05\/Medical-Injection-Molding-Machine-Manufactured-in-China.jpg"},{"@type":"BreadcrumbList","@id":"https:\/\/www.powerjet-machinery.com\/es\/maquina-de-moldeo-por-inyeccion-para-instrumental-medico\/#breadcrumb","itemListElement":[{"@type":"ListItem","position":1,"name":"Home","item":"https:\/\/www.powerjet-machinery.com\/es\/"},{"@type":"ListItem","position":2,"name":"M\u00e1quina de moldeo por inyecci\u00f3n para instrumental m\u00e9dico"}]},{"@type":"WebSite","@id":"https:\/\/www.powerjet-machinery.com\/#website","url":"https:\/\/www.powerjet-machinery.com\/","name":"Powerjet Plastic Machinery","description":"","potentialAction":[{"@type":"SearchAction","target":{"@type":"EntryPoint","urlTemplate":"https:\/\/www.powerjet-machinery.com\/?s={search_term_string}"},"query-input":{"@type":"PropertyValueSpecification","valueRequired":true,"valueName":"search_term_string"}}],"inLanguage":"es"}]}},"_links":{"self":[{"href":"https:\/\/www.powerjet-machinery.com\/es\/wp-json\/wp\/v2\/pages\/1445","targetHints":{"allow":["GET"]}}],"collection":[{"href":"https:\/\/www.powerjet-machinery.com\/es\/wp-json\/wp\/v2\/pages"}],"about":[{"href":"https:\/\/www.powerjet-machinery.com\/es\/wp-json\/wp\/v2\/types\/page"}],"author":[{"embeddable":true,"href":"https:\/\/www.powerjet-machinery.com\/es\/wp-json\/wp\/v2\/users\/1"}],"replies":[{"embeddable":true,"href":"https:\/\/www.powerjet-machinery.com\/es\/wp-json\/wp\/v2\/comments?post=1445"}],"version-history":[{"count":1,"href":"https:\/\/www.powerjet-machinery.com\/es\/wp-json\/wp\/v2\/pages\/1445\/revisions"}],"predecessor-version":[{"id":1446,"href":"https:\/\/www.powerjet-machinery.com\/es\/wp-json\/wp\/v2\/pages\/1445\/revisions\/1446"}],"wp:attachment":[{"href":"https:\/\/www.powerjet-machinery.com\/es\/wp-json\/wp\/v2\/media?parent=1445"}],"curies":[{"name":"wp","href":"https:\/\/api.w.org\/{rel}","templated":true}]}}