{"id":1434,"date":"2016-09-04T09:44:24","date_gmt":"2016-09-04T09:44:24","guid":{"rendered":"https:\/\/www.powerjet-machinery.com\/es\/?page_id=1434"},"modified":"2016-09-04T09:44:24","modified_gmt":"2016-09-04T09:44:24","slug":"12-y-30-litros-de-doble-estacion-de-alta-velocidad-de-extrusion-maquinas-de-moldeo","status":"publish","type":"page","link":"https:\/\/www.powerjet-machinery.com\/es\/12-y-30-litros-de-doble-estacion-de-alta-velocidad-de-extrusion-maquinas-de-moldeo\/","title":{"rendered":"12 y 30 litros de doble estaci\u00f3n de alta velocidad de extrusi\u00f3n m\u00e1quinas de moldeo"},"content":{"rendered":"<p> <img decoding=\"async\" src=\"https:\/\/www.powerjet-machinery.com\/wp-content\/uploads\/2016\/05\/12-30-Liter-Double-Station-High-Speed-Extrusion-Molding-Machines.jpg\" alt=\"12 y 30 litros de doble estaci\u00f3n de alta velocidad de extrusi\u00f3n m\u00e1quinas de moldeo\" \/><\/p>\n<h2 style=\"margin-bottom: 15px; text-align: center;\"><span style=\"font-size: 18px; color: #FFFFFF; line-height: 1.2; font-weight:bold; text-align: center;\"><span style=\"color:#FD7800;\">12 y 30 litros de doble estaci\u00f3n de alta velocidad de extrusi\u00f3n m\u00e1quinas de moldeo<\/span><\/span><\/h2>\n<div class=\"clear\"><\/div><div class=\"tabs-wrapper\"><ul class=\"tabs\"><li><a href=\"javascript:void(0)\" class=\"defaulttab\" id=\"tab-1\"><span>Especificaci\u00f3n<\/span><\/a><\/li><li><a href=\"javascript:void(0)\" id=\"tab-2\"><span>par\u00e1metros<\/span><\/a><\/li><li><a href=\"javascript:void(0)\" id=\"tab-3\"><span>Molde Tama\u00f1o de platina<\/span><\/a><\/li><li><a href=\"javascript:void(0)\" id=\"tab-4\"><span>Descarga el cat\u00e1logo<\/span><\/a><\/li><li><a href=\"javascript:void(0)\" id=\"tab-5\"><span>v\u00eddeos<\/span><\/a><\/li><\/ul><div class=\"tab-content\" id=\"tab-1-content\"><div class=\"tabs-inner-padding\"><ul class=\"list-4\">\n<p><Li> Activar estructura del balance de sujeci\u00f3n, con la apertura de la platina y la sujeci\u00f3n y movimiento de platina de molde por gu\u00eda lineal, para lograr una baja fricci\u00f3n y alta velocidad. <\/ Li><\/p>\n<p><Li> Seg\u00fan el dise\u00f1o del an\u00e1lisis de elementos finitos, y la platina, de modo y bastidor de plato hecho en alta intensidad de fundici\u00f3n nodular. <\/ Li><\/p>\n<p><Li> cilindro de aceite de sujeci\u00f3n de moldes de alta velocidad con funci\u00f3n de velocidad diferencial, y el molde de alta velocidad del cilindro de aceite de sujeci\u00f3n con estructura especial antichoque v\u00e1lvula de amortiguaci\u00f3n. <\/ Li><\/p>\n<p><Li> tornillo especialmente dise\u00f1ado con una alta relaci\u00f3n L \/ D asegura buena plastificaci\u00f3n y extrusi\u00f3n estable; alta precisi\u00f3n y ninguna l\u00ednea de cabezal de roscar parte requisito garantiza la mejor calidad de los clientes. <\/ li><\/p>\n<p><Li> Multi-tornillo y la cabeza multi-matriz se pueden adoptar para mejorar la calidad del producto y reducir el coste de material. <\/ Li><\/p>\n<p><Li> conocida marca de convertidor de par vectorial en alta tracci\u00f3n, cumplido reductor endurecido especial de extrusi\u00f3n, pueden operar en el estado de ruido estable, duradero y bajo. <\/ Li><\/p>\n<p><Li> Todas las partes hidr\u00e1ulicas son de Yuken (Jap\u00f3n). Presi\u00f3n y control proporcional se establecen por PLC, lo que garantiza el funcionamiento estable; el movimiento del molde es controlado por v\u00e1lvulas limitados de velocidad especial, asegurando posici\u00f3n precisa y no llamativa. <\/ li><\/p>\n<p><Li> Las partes del sistema neum\u00e1tico son importados de FESTO (Alemania), SMC (Jap\u00f3n), etc, que son las mejores marcas en el mundo. . Estos hacen que el funcionamiento de la m\u00e1quina fiable y precisa; la circulaci\u00f3n de aire es grande, mientras que la fuga es muy peque\u00f1a. <\/ li><\/p>\n<p><Li> alta velocidad Siemens (Alemania) PLC con pantalla t\u00e1ctil de m\u00faltiples idiomas, visualizaci\u00f3n del men\u00fa de f\u00e1cil acceso, es f\u00e1cil de controlar y operar. <\/ Li><\/p>\n<p><Li> Schneider (Francia) sensores sin contacto y los interruptores son adoptados, que son fiables y de bajo calor, y prolongan la vida. <\/ Li><\/p>\n<p><Li> v\u00edas m\u00faltiple con control PID de calentamiento la temperatura es precisa y estable. <\/ Li><\/p>\n<p><Li> totalmente la operaci\u00f3n autom\u00e1tica se puede lograr mediante equipos opcionales como auto-desbarbado, el dispositivo de recorte rotativo, o el equipo de corte giratorio separado. <\/ Li><\/p>\n<\/ul>\n\n<p><\/div><\/div><div class=\"tab-content\" id=\"tab-2-content\"><div class=\"tabs-inner-padding\"><table class=\"custom-table\"  summary=\"Hoja de datos de 12 y 30 litros de doble estaci\u00f3n de alta velocidad de extrusi\u00f3n M\u00e1quinas de Moldeo\">\n<thead>\n<tr>\n<th scope=\"col\">Modelo<\/th>\n<th scope=\"col\">Unidad<\/th>\n<th scope=\"col\">EB120U85<\/th>\n<th scope=\"col\">EB120U90<\/th>\n<th scope=\"col\">EB300U100<\/th>\n<\/tr>\n<\/thead>\n<tbody>\n<tr>\n<td>Max. Volumen<\/td>\n<td>L<\/td>\n<td>12<\/td>\n<td>12<\/td>\n<td>30<\/td>\n<\/tr>\n<tr>\n<td>Fuerza de sujecion<\/td>\n<td>KN<\/td>\n<td>150<\/td>\n<td>150<\/td>\n<td>200<\/td>\n<\/tr>\n<tr>\n<td>Max. Tama\u00f1o del molde<\/td>\n<td>mm<\/td>\n<td>600x52x<\/td>\n<td>820&#215;420<\/td>\n<td>850&#215;700<\/td>\n<\/tr>\n<tr>\n<td>Di\u00e1metro del tornillo<\/td>\n<td>mm<\/td>\n<td>85<\/td>\n<td>90-100<\/td>\n<td>100<\/td>\n<\/tr>\n<tr>\n<td>El tornillo L \/ D Ratio<\/td>\n<td>mm<\/td>\n<td>24<\/td>\n<td>24<\/td>\n<td>24<\/td>\n<\/tr>\n<tr>\n<td>Velocidad de tornillo rotativo<\/td>\n<td>RPM<\/td>\n<td>70<\/td>\n<td>70-75<\/td>\n<td>70<\/td>\n<\/tr>\n<tr>\n<td>Peso de extrusi\u00f3n (HDPE)<\/td>\n<td>kg\/hr<\/td>\n<td>130<\/td>\n<td>150<\/td>\n<td>200<\/td>\n<\/tr>\n<tr>\n<td>Potencia del motor de extrusi\u00f3n<\/td>\n<td>KW<\/td>\n<td>30<\/td>\n<td>37-55<\/td>\n<td>55<\/td>\n<\/tr>\n<tr>\n<td>Potencia del motor de la bomba<\/td>\n<td>KW<\/td>\n<td>22<\/td>\n<td>22<\/td>\n<td>22<\/td>\n<\/tr>\n<tr>\n<td>Poder de calefacci\u00f3n<\/td>\n<td>KW<\/td>\n<td>20<\/td>\n<td>22<\/td>\n<td>25<\/td>\n<\/tr>\n<tr>\n<td>Presi\u00f3n operacional<\/td>\n<td>Mpa<\/td>\n<td>0.6 &#8211; 0.8<\/td>\n<td>0.6 &#8211; 0.8<\/td>\n<td>0.6 &#8211; 0.8<\/td>\n<\/tr>\n<tr>\n<td>Consumo de aire<\/td>\n<td>m3\/min.<\/td>\n<td>4<\/td>\n<td>4<\/td>\n<td>3<\/td>\n<\/tr>\n<tr>\n<td>25\u00b0C Consumo de agua refrigerada<\/td>\n<td>L\/min<\/td>\n<td>300<\/td>\n<td>300<\/td>\n<td>400<\/td>\n<\/tr>\n<tr>\n<td>Capacidad del dep\u00f3sito de aceite<\/td>\n<td>L<\/td>\n<td>180<\/td>\n<td>180<\/td>\n<td>210<\/td>\n<\/tr>\n<tr>\n<td>Dimensi\u00f3n de la m\u00e1quina<\/td>\n<td>M<\/td>\n<td>4.2&#215;3.5&#215;3.0<\/td>\n<td>4.2&#215;3.5&#215;3.0<\/td>\n<td>5.5&#215;5.1&#215;4.3<\/td>\n<\/tr>\n<tr>\n<td>Peso de la m\u00e1quina<\/td>\n<td>Ton<\/td>\n<td>11.0<\/td>\n<td>11.2<\/td>\n<td>20.0<\/td>\n<\/tr>\n<\/tbody>\n<tfoot>\n<tr>\n<td colspan=\"4\">\n        * Algunos datos pueden actualizarse sin previo aviso\n        <\/td>\n<\/tr>\n<\/tfoot>\n<\/table>\n\n<p><\/div><\/div><div class=\"tab-content\" id=\"tab-3-content\"><div class=\"tabs-inner-padding\"><img decoding=\"async\" src=\"https:\/\/www.powerjet-machinery.com\/wp-content\/uploads\/2016\/05\/Mould-platen-and-die-head-drawings-and-product-specification_EB120-300U.jpg\" alt=\"platina de molde y morir dibujos en la cabeza y las especificaciones_EB120\/300U\" \/><\/p>\n<p><\/div><\/div><div class=\"tab-content\" id=\"tab-4-content\"><div class=\"tabs-inner-padding\"><div class=\"one_half\">\n<p><img loading=\"lazy\" decoding=\"async\" src=\"https:\/\/www.powerjet-machinery.com\/wp-content\/uploads\/2016\/05\/Cover-of-extrusion-blow-molding-machines-brochure.jpg\" alt=\"Cubierta por extrusi\u00f3n y soplado de m\u00e1quinas de moldeo folleto\" width=\"450\" height=\"535\" class=\"aligncenter size-full wp-image-1017\" srcset=\"https:\/\/www.powerjet-machinery.com\/wp-content\/uploads\/2016\/05\/Cover-of-extrusion-blow-molding-machines-brochure.jpg 450w, https:\/\/www.powerjet-machinery.com\/wp-content\/uploads\/2016\/05\/Cover-of-extrusion-blow-molding-machines-brochure-252x300.jpg 252w\" sizes=\"auto, (max-width: 450px) 100vw, 450px\" \/><br \/>\n    <\/div>\n<div class=\"one_half last_column\">\n<h4 style=\"margin-bottom: 35px;\"><span style=\"font-size: 28px; color:#171D2D; line-height:1.1; font-weight:bold;\">Lo que se puede conseguir:<\/span><\/h4>\n\n<ul class=\"list-1\">\n<Li> Unidad de Advantage para Powerjet extrusi\u00f3n y soplado M\u00e1quinas <\/ li><br \/>\n<Li> 1.0 litros detalles de extrusi\u00f3n y soplado autom\u00e1tico machines` <\/ li><br \/>\n<Li> 2,5 litros detalles de extrusi\u00f3n y soplado autom\u00e1tico machines` <\/ li><br \/>\n<Li> 5.0 litros detalles de extrusi\u00f3n y soplado autom\u00e1tico machines` <\/ li><br \/>\n<Li> 4,0 \/ 7,0 \/ 10,0 litros de doble estaci\u00f3n de moldeo por extrusi\u00f3n a alta velocidad de datos machines` <\/ li><br \/>\n<Li> 12,0 \/ 30,0 litros de doble estaci\u00f3n de moldeo por extrusi\u00f3n a alta velocidad de datos machines` <\/ li><br \/>\n<Li> 30,0 \/ 60,0 litros vertical de golpe fijo molde platina de moldeo por extrusi\u00f3n de detalles machines` <\/ li><br \/>\n<Li> equipos auxiliares opcionales para el moldeo por extrusi\u00f3n y soplado detalles machines` <\/ li>\n<\/ul>\n\n<div class=\"align-btn-center\"><a class=\"flat-custom-button\" href=\"https:\/\/www.powerjet-machinery.com\/wp-content\/uploads\/2016\/05\/Extrusion-Blow-Molding-Machines.pdf\" title=\"Descargar Stretch Blowing M\u00e1quinas de moldeo Folleto\"><span style=\"padding:15px 25px; background-color:transparent; border:1px solid #333333; color:#333333; font-size:13px;\">Haga clic y descargar<\/span><\/a><\/div>\n<p>    <\/div>\n<p><\/div><\/div><div class=\"tab-content\" id=\"tab-5-content\"><div class=\"tabs-inner-padding\"><iframe loading=\"lazy\" width=\"820\" height=\"460\" src=\"https:\/\/www.youtube.com\/embed\/AIKJpZS4XWo?list=PLCVq4OkHKPZcAYTnyHdoLtdAUm3piT22Y\" frameborder=\"0\" allowfullscreen><\/iframe><br \/><\/div><\/div><\/div><!-- tabs-wrapper end --><div class=\"clear\"><\/div>\n\n<div class=\"wpcf7 no-js\" id=\"wpcf7-f718-o1\" lang=\"en-US\" dir=\"ltr\" data-wpcf7-id=\"718\">\n<div class=\"screen-reader-response\"><p role=\"status\" aria-live=\"polite\" aria-atomic=\"true\"><\/p> <ul><\/ul><\/div>\n<form action=\"\/es\/wp-json\/wp\/v2\/pages\/1434#wpcf7-f718-o1\" method=\"post\" class=\"wpcf7-form init\" aria-label=\"Contact form\" novalidate=\"novalidate\" data-status=\"init\">\n<fieldset class=\"hidden-fields-container\"><input type=\"hidden\" name=\"_wpcf7\" value=\"718\" \/><input type=\"hidden\" name=\"_wpcf7_version\" value=\"6.1.5\" \/><input type=\"hidden\" name=\"_wpcf7_locale\" value=\"en_US\" \/><input type=\"hidden\" name=\"_wpcf7_unit_tag\" value=\"wpcf7-f718-o1\" \/><input type=\"hidden\" name=\"_wpcf7_container_post\" value=\"0\" \/><input type=\"hidden\" name=\"_wpcf7_posted_data_hash\" value=\"\" \/>\n<\/fieldset>\n<p><span font-size:13px;> Enquiry Now:<\/span>\n<\/p>\n<p><span class=\"wpcf7-form-control-wrap\" data-name=\"your-name\"><input size=\"40\" maxlength=\"400\" class=\"wpcf7-form-control wpcf7-text wpcf7-validates-as-required\" aria-required=\"true\" aria-invalid=\"false\" placeholder=\"Your full name *\" value=\"\" type=\"text\" name=\"your-name\" \/><\/span>\n<\/p>\n<p><span class=\"wpcf7-form-control-wrap\" data-name=\"your-email\"><input size=\"40\" maxlength=\"400\" class=\"wpcf7-form-control wpcf7-email wpcf7-validates-as-required wpcf7-text wpcf7-validates-as-email\" aria-required=\"true\" aria-invalid=\"false\" placeholder=\"Your Email Address *\" value=\"\" type=\"email\" name=\"your-email\" \/><\/span>\n<\/p>\n<p><span class=\"wpcf7-form-control-wrap\" data-name=\"your-country\"><input size=\"40\" maxlength=\"400\" class=\"wpcf7-form-control wpcf7-text wpcf7-validates-as-required\" aria-required=\"true\" aria-invalid=\"false\" placeholder=\"Your country *\" value=\"\" type=\"text\" name=\"your-country\" \/><\/span>\n<\/p>\n<p><span class=\"wpcf7-form-control-wrap\" data-name=\"Model\"><input size=\"40\" maxlength=\"400\" class=\"wpcf7-form-control wpcf7-text\" aria-invalid=\"false\" placeholder=\"Machine`s model found in above parameter tab\" value=\"\" type=\"text\" name=\"Model\" \/><\/span>\n<\/p>\n<p><span class=\"wpcf7-form-control-wrap\" data-name=\"your-message\"><textarea cols=\"40\" rows=\"10\" maxlength=\"2000\" class=\"wpcf7-form-control wpcf7-textarea wpcf7-validates-as-required\" aria-required=\"true\" aria-invalid=\"false\" placeholder=\"Must filled*: Please describe your project details as possible as you can.\" name=\"your-message\"><\/textarea><\/span>\n<\/p>\n<p><span class=\"wpcf7-form-control-wrap\" data-name=\"checkbox-807\"><span class=\"wpcf7-form-control wpcf7-checkbox wpcf7-validates-as-required XXXXXXXXXXXXXXXXXXXXXXXXX\"><span class=\"wpcf7-list-item first last\"><input type=\"checkbox\" name=\"checkbox-807[]\" value=\"Click to help us from Spamming.\" \/><span class=\"wpcf7-list-item-label\">Click to help us from Spamming.<\/span><\/span><\/span><\/span>\n<\/p>\n<p><input class=\"wpcf7-form-control wpcf7-submit has-spinner\" type=\"submit\" value=\"Send\" \/>\n<\/p><p style=\"display: none !important;\" class=\"akismet-fields-container\" data-prefix=\"_wpcf7_ak_\"><label>&#916;<textarea name=\"_wpcf7_ak_hp_textarea\" cols=\"45\" rows=\"8\" maxlength=\"100\"><\/textarea><\/label><input type=\"hidden\" id=\"ak_js_1\" name=\"_wpcf7_ak_js\" value=\"36\"\/><script type=\"text\/javascript\">\n\/* <![CDATA[ *\/\ndocument.getElementById( \"ak_js_1\" ).setAttribute( \"value\", ( new Date() ).getTime() );\n\/* ]]> *\/\n<\/script>\n<\/p><div class=\"wpcf7-response-output\" aria-hidden=\"true\"><\/div>\n<\/form>\n<\/div>\n\n","protected":false},"excerpt":{"rendered":"<p>12 y 30 litros de doble estaci\u00f3n de alta velocidad de extrusi\u00f3n m\u00e1quinas de moldeo<\/p>\n","protected":false},"author":1,"featured_media":0,"parent":0,"menu_order":0,"comment_status":"closed","ping_status":"closed","template":"page-PageTemplate8.php","meta":{"nf_dc_page":"","footnotes":""},"class_list":["post-1434","page","type-page","status-publish","hentry"],"yoast_head":"<!-- This site is optimized with the Yoast SEO plugin v27.4 - https:\/\/yoast.com\/product\/yoast-seo-wordpress\/ -->\n<title>12 y 30 litros de doble estaci\u00f3n de alta velocidad de extrusi\u00f3n m\u00e1quinas de moldeo - Powerjet Plastic Machinery<\/title>\n<meta name=\"robots\" content=\"index, follow, max-snippet:-1, max-image-preview:large, max-video-preview:-1\" \/>\n<link rel=\"canonical\" href=\"https:\/\/www.powerjet-machinery.com\/es\/12-y-30-litros-de-doble-estacion-de-alta-velocidad-de-extrusion-maquinas-de-moldeo\/\" \/>\n<meta property=\"og:locale\" content=\"es_ES\" \/>\n<meta property=\"og:type\" content=\"article\" \/>\n<meta property=\"og:title\" content=\"12 y 30 litros de doble estaci\u00f3n de alta velocidad de extrusi\u00f3n m\u00e1quinas de moldeo - Powerjet Plastic Machinery\" \/>\n<meta property=\"og:description\" content=\"12 y 30 litros de doble estaci\u00f3n de alta velocidad de extrusi\u00f3n m\u00e1quinas de moldeo\" \/>\n<meta property=\"og:url\" content=\"https:\/\/www.powerjet-machinery.com\/es\/12-y-30-litros-de-doble-estacion-de-alta-velocidad-de-extrusion-maquinas-de-moldeo\/\" \/>\n<meta property=\"og:site_name\" content=\"Powerjet Plastic Machinery\" \/>\n<meta property=\"og:image\" content=\"https:\/\/www.powerjet-machinery.com\/wp-content\/uploads\/2016\/05\/12-30-Liter-Double-Station-High-Speed-Extrusion-Molding-Machines.jpg\" \/>\n<meta name=\"twitter:card\" content=\"summary_large_image\" \/>\n<meta name=\"twitter:label1\" content=\"Tiempo de lectura\" \/>\n\t<meta name=\"twitter:data1\" content=\"4 minutos\" \/>\n<script type=\"application\/ld+json\" class=\"yoast-schema-graph\">{\"@context\":\"https:\\\/\\\/schema.org\",\"@graph\":[{\"@type\":\"WebPage\",\"@id\":\"https:\\\/\\\/www.powerjet-machinery.com\\\/es\\\/12-y-30-litros-de-doble-estacion-de-alta-velocidad-de-extrusion-maquinas-de-moldeo\\\/\",\"url\":\"https:\\\/\\\/www.powerjet-machinery.com\\\/es\\\/12-y-30-litros-de-doble-estacion-de-alta-velocidad-de-extrusion-maquinas-de-moldeo\\\/\",\"name\":\"12 y 30 litros de doble estaci\u00f3n de alta velocidad de extrusi\u00f3n m\u00e1quinas de moldeo - Powerjet Plastic Machinery\",\"isPartOf\":{\"@id\":\"https:\\\/\\\/www.powerjet-machinery.com\\\/#website\"},\"primaryImageOfPage\":{\"@id\":\"https:\\\/\\\/www.powerjet-machinery.com\\\/es\\\/12-y-30-litros-de-doble-estacion-de-alta-velocidad-de-extrusion-maquinas-de-moldeo\\\/#primaryimage\"},\"image\":{\"@id\":\"https:\\\/\\\/www.powerjet-machinery.com\\\/es\\\/12-y-30-litros-de-doble-estacion-de-alta-velocidad-de-extrusion-maquinas-de-moldeo\\\/#primaryimage\"},\"thumbnailUrl\":\"https:\\\/\\\/www.powerjet-machinery.com\\\/wp-content\\\/uploads\\\/2016\\\/05\\\/12-30-Liter-Double-Station-High-Speed-Extrusion-Molding-Machines.jpg\",\"datePublished\":\"2016-09-04T09:44:24+00:00\",\"breadcrumb\":{\"@id\":\"https:\\\/\\\/www.powerjet-machinery.com\\\/es\\\/12-y-30-litros-de-doble-estacion-de-alta-velocidad-de-extrusion-maquinas-de-moldeo\\\/#breadcrumb\"},\"inLanguage\":\"es\",\"potentialAction\":[{\"@type\":\"ReadAction\",\"target\":[\"https:\\\/\\\/www.powerjet-machinery.com\\\/es\\\/12-y-30-litros-de-doble-estacion-de-alta-velocidad-de-extrusion-maquinas-de-moldeo\\\/\"]}]},{\"@type\":\"ImageObject\",\"inLanguage\":\"es\",\"@id\":\"https:\\\/\\\/www.powerjet-machinery.com\\\/es\\\/12-y-30-litros-de-doble-estacion-de-alta-velocidad-de-extrusion-maquinas-de-moldeo\\\/#primaryimage\",\"url\":\"https:\\\/\\\/www.powerjet-machinery.com\\\/wp-content\\\/uploads\\\/2016\\\/05\\\/12-30-Liter-Double-Station-High-Speed-Extrusion-Molding-Machines.jpg\",\"contentUrl\":\"https:\\\/\\\/www.powerjet-machinery.com\\\/wp-content\\\/uploads\\\/2016\\\/05\\\/12-30-Liter-Double-Station-High-Speed-Extrusion-Molding-Machines.jpg\"},{\"@type\":\"BreadcrumbList\",\"@id\":\"https:\\\/\\\/www.powerjet-machinery.com\\\/es\\\/12-y-30-litros-de-doble-estacion-de-alta-velocidad-de-extrusion-maquinas-de-moldeo\\\/#breadcrumb\",\"itemListElement\":[{\"@type\":\"ListItem\",\"position\":1,\"name\":\"Home\",\"item\":\"https:\\\/\\\/www.powerjet-machinery.com\\\/es\\\/\"},{\"@type\":\"ListItem\",\"position\":2,\"name\":\"12 y 30 litros de doble estaci\u00f3n de alta velocidad de extrusi\u00f3n m\u00e1quinas de moldeo\"}]},{\"@type\":\"WebSite\",\"@id\":\"https:\\\/\\\/www.powerjet-machinery.com\\\/#website\",\"url\":\"https:\\\/\\\/www.powerjet-machinery.com\\\/\",\"name\":\"Powerjet Plastic Machinery\",\"description\":\"\",\"potentialAction\":[{\"@type\":\"SearchAction\",\"target\":{\"@type\":\"EntryPoint\",\"urlTemplate\":\"https:\\\/\\\/www.powerjet-machinery.com\\\/?s={search_term_string}\"},\"query-input\":{\"@type\":\"PropertyValueSpecification\",\"valueRequired\":true,\"valueName\":\"search_term_string\"}}],\"inLanguage\":\"es\"}]}<\/script>\n<!-- \/ Yoast SEO plugin. -->","yoast_head_json":{"title":"12 y 30 litros de doble estaci\u00f3n de alta velocidad de extrusi\u00f3n m\u00e1quinas de moldeo - Powerjet Plastic Machinery","robots":{"index":"index","follow":"follow","max-snippet":"max-snippet:-1","max-image-preview":"max-image-preview:large","max-video-preview":"max-video-preview:-1"},"canonical":"https:\/\/www.powerjet-machinery.com\/es\/12-y-30-litros-de-doble-estacion-de-alta-velocidad-de-extrusion-maquinas-de-moldeo\/","og_locale":"es_ES","og_type":"article","og_title":"12 y 30 litros de doble estaci\u00f3n de alta velocidad de extrusi\u00f3n m\u00e1quinas de moldeo - Powerjet Plastic Machinery","og_description":"12 y 30 litros de doble estaci\u00f3n de alta velocidad de extrusi\u00f3n m\u00e1quinas de moldeo","og_url":"https:\/\/www.powerjet-machinery.com\/es\/12-y-30-litros-de-doble-estacion-de-alta-velocidad-de-extrusion-maquinas-de-moldeo\/","og_site_name":"Powerjet Plastic Machinery","og_image":[{"url":"https:\/\/www.powerjet-machinery.com\/wp-content\/uploads\/2016\/05\/12-30-Liter-Double-Station-High-Speed-Extrusion-Molding-Machines.jpg","type":"","width":"","height":""}],"twitter_card":"summary_large_image","twitter_misc":{"Tiempo de lectura":"4 minutos"},"schema":{"@context":"https:\/\/schema.org","@graph":[{"@type":"WebPage","@id":"https:\/\/www.powerjet-machinery.com\/es\/12-y-30-litros-de-doble-estacion-de-alta-velocidad-de-extrusion-maquinas-de-moldeo\/","url":"https:\/\/www.powerjet-machinery.com\/es\/12-y-30-litros-de-doble-estacion-de-alta-velocidad-de-extrusion-maquinas-de-moldeo\/","name":"12 y 30 litros de doble estaci\u00f3n de alta velocidad de extrusi\u00f3n m\u00e1quinas de moldeo - Powerjet Plastic Machinery","isPartOf":{"@id":"https:\/\/www.powerjet-machinery.com\/#website"},"primaryImageOfPage":{"@id":"https:\/\/www.powerjet-machinery.com\/es\/12-y-30-litros-de-doble-estacion-de-alta-velocidad-de-extrusion-maquinas-de-moldeo\/#primaryimage"},"image":{"@id":"https:\/\/www.powerjet-machinery.com\/es\/12-y-30-litros-de-doble-estacion-de-alta-velocidad-de-extrusion-maquinas-de-moldeo\/#primaryimage"},"thumbnailUrl":"https:\/\/www.powerjet-machinery.com\/wp-content\/uploads\/2016\/05\/12-30-Liter-Double-Station-High-Speed-Extrusion-Molding-Machines.jpg","datePublished":"2016-09-04T09:44:24+00:00","breadcrumb":{"@id":"https:\/\/www.powerjet-machinery.com\/es\/12-y-30-litros-de-doble-estacion-de-alta-velocidad-de-extrusion-maquinas-de-moldeo\/#breadcrumb"},"inLanguage":"es","potentialAction":[{"@type":"ReadAction","target":["https:\/\/www.powerjet-machinery.com\/es\/12-y-30-litros-de-doble-estacion-de-alta-velocidad-de-extrusion-maquinas-de-moldeo\/"]}]},{"@type":"ImageObject","inLanguage":"es","@id":"https:\/\/www.powerjet-machinery.com\/es\/12-y-30-litros-de-doble-estacion-de-alta-velocidad-de-extrusion-maquinas-de-moldeo\/#primaryimage","url":"https:\/\/www.powerjet-machinery.com\/wp-content\/uploads\/2016\/05\/12-30-Liter-Double-Station-High-Speed-Extrusion-Molding-Machines.jpg","contentUrl":"https:\/\/www.powerjet-machinery.com\/wp-content\/uploads\/2016\/05\/12-30-Liter-Double-Station-High-Speed-Extrusion-Molding-Machines.jpg"},{"@type":"BreadcrumbList","@id":"https:\/\/www.powerjet-machinery.com\/es\/12-y-30-litros-de-doble-estacion-de-alta-velocidad-de-extrusion-maquinas-de-moldeo\/#breadcrumb","itemListElement":[{"@type":"ListItem","position":1,"name":"Home","item":"https:\/\/www.powerjet-machinery.com\/es\/"},{"@type":"ListItem","position":2,"name":"12 y 30 litros de doble estaci\u00f3n de alta velocidad de extrusi\u00f3n m\u00e1quinas de moldeo"}]},{"@type":"WebSite","@id":"https:\/\/www.powerjet-machinery.com\/#website","url":"https:\/\/www.powerjet-machinery.com\/","name":"Powerjet Plastic Machinery","description":"","potentialAction":[{"@type":"SearchAction","target":{"@type":"EntryPoint","urlTemplate":"https:\/\/www.powerjet-machinery.com\/?s={search_term_string}"},"query-input":{"@type":"PropertyValueSpecification","valueRequired":true,"valueName":"search_term_string"}}],"inLanguage":"es"}]}},"_links":{"self":[{"href":"https:\/\/www.powerjet-machinery.com\/es\/wp-json\/wp\/v2\/pages\/1434","targetHints":{"allow":["GET"]}}],"collection":[{"href":"https:\/\/www.powerjet-machinery.com\/es\/wp-json\/wp\/v2\/pages"}],"about":[{"href":"https:\/\/www.powerjet-machinery.com\/es\/wp-json\/wp\/v2\/types\/page"}],"author":[{"embeddable":true,"href":"https:\/\/www.powerjet-machinery.com\/es\/wp-json\/wp\/v2\/users\/1"}],"replies":[{"embeddable":true,"href":"https:\/\/www.powerjet-machinery.com\/es\/wp-json\/wp\/v2\/comments?post=1434"}],"version-history":[{"count":1,"href":"https:\/\/www.powerjet-machinery.com\/es\/wp-json\/wp\/v2\/pages\/1434\/revisions"}],"predecessor-version":[{"id":1436,"href":"https:\/\/www.powerjet-machinery.com\/es\/wp-json\/wp\/v2\/pages\/1434\/revisions\/1436"}],"wp:attachment":[{"href":"https:\/\/www.powerjet-machinery.com\/es\/wp-json\/wp\/v2\/media?parent=1434"}],"curies":[{"name":"wp","href":"https:\/\/api.w.org\/{rel}","templated":true}]}}