{"id":1422,"date":"2016-09-04T02:02:30","date_gmt":"2016-09-04T02:02:30","guid":{"rendered":"https:\/\/www.powerjet-machinery.com\/es\/?page_id=1422"},"modified":"2016-09-04T02:02:30","modified_gmt":"2016-09-04T02:02:30","slug":"automatico-de-estirado-soplado-de-pet-maquina-de-moldeo-sbs280-1w","status":"publish","type":"page","link":"https:\/\/www.powerjet-machinery.com\/es\/automatico-de-estirado-soplado-de-pet-maquina-de-moldeo-sbs280-1w\/","title":{"rendered":"Autom\u00e1tico de estirado-soplado de PET m\u00e1quina de moldeo &#8211; SBS280-1W"},"content":{"rendered":"<p> <img decoding=\"async\" src=\"https:\/\/www.powerjet-machinery.com\/wp-content\/uploads\/2016\/05\/Automatic-PET-stretch-blow-moulding-machine_Powerjet-SBS280-\n1W.jpg\" alt=\"Autom\u00e1tico, estirado y soplado de PET m\u00e1quina de moldeo_Powerjet SBS280-1W\" \/><\/p>\n<h2 style=\"margin-bottom: 15px; text-align: center;\"><span style=\"font-size: 18px; color: #FFFFFF; line-height: 1.2; font-weight:bold; text-align: center;\"><span style=\"color:#FD7800;\">Autom\u00e1tico de estirado-soplado de PET m\u00e1quina de moldeo &#8211; SBS280-1W-1W<\/span><\/span><\/h2>\n<div class=\"clear\"><\/div><div class=\"tabs-wrapper\"><ul class=\"tabs\"><li><a href=\"javascript:void(0)\" class=\"defaulttab\" id=\"tab-1\"><span>Especificaci\u00f3n<\/span><\/a><\/li><li><a href=\"javascript:void(0)\" id=\"tab-2\"><span>par\u00e1metros<\/span><\/a><\/li><li><a href=\"javascript:void(0)\" id=\"tab-3\"><span>Molde Tama\u00f1o de platina<\/span><\/a><\/li><li><a href=\"javascript:void(0)\" id=\"tab-4\"><span>Descarga el cat\u00e1logo<\/span><\/a><\/li><li><a href=\"javascript:void(0)\" id=\"tab-5\"><span>v\u00eddeos<\/span><\/a><\/li><\/ul><div class=\"tab-content\" id=\"tab-1-content\"><div class=\"tabs-inner-padding\"><ul class=\"list-4\">\n<Li> Activar el mecanismo de sujeci\u00f3n del molde garantiza gran fuerza de sujeci\u00f3n, no hay expansi\u00f3n del molde, sin aumento del consumo de aire de alta presi\u00f3n. <\/Li><\/p>\n<p><Li> deslizante garantiza la transferencia de un funcionamiento estable, r\u00e1pido y preciso. <\/Li><\/p>\n<p><Li> sellado del cilindro de alta presi\u00f3n y la barra de estiramiento controlado independiente garantiza un sellado fiable y precisa de estiramiento. <\/Li><\/p>\n<p><Li> preforma autom\u00e1tico de equipos de manipulaci\u00f3n y robots para realizar la carga y tomar la salida hacen que el proceso de producci\u00f3n completamente autom\u00e1tica. <\/Li><\/p>\n<p><Li> Latest de alta velocidad de PLC y HMI Chino-Ingl\u00e9s se adoptan. El ajuste de la hora puede ser preciso en 0,01 segundos. Se hace la operaci\u00f3n m\u00e1s f\u00e1cil y la configuraci\u00f3n t\u00e9cnica m\u00e1s precisa. <\/Li><br \/>\n<Li> piezas neum\u00e1ticas de alta calidad son importados de Europa o Jap\u00f3n. La regeneraci\u00f3n r\u00e1pida de la v\u00e1lvula de solenoide (de Alemania) se adopt\u00f3 en el soplado de alta presi\u00f3n. Asegura el segundo tiempo de soplado precisa y controlable. <\/Li><\/p>\n<p><Li> calefacci\u00f3n centralizada hace que incluso, efecto estable, y reduce el consumo de energ\u00eda en su mayor\u00eda. <\/Li><\/p>\n<p><Li> Primer bucle de sistema de control de la calefacci\u00f3n con el contador de corresponsabilidad alta precisi\u00f3n digital y regulador de frecuencia de alta potencia ajustable importado, aseg\u00farese de que la calefacci\u00f3n estable, ahorro de energ\u00eda y de no ser por el voltaje de fluctuado aff6cted. l\u00e1mpara de infrarrojos que es m\u00e1s eficiente para la calefacci\u00f3n de PET, est\u00e1 totalmente considerado para un menor consumo de energ\u00eda y una mayor eficiencia de la producci\u00f3n. <\/Li>\n<\/ul>\n\n<p><\/div><\/div><div class=\"tab-content\" id=\"tab-2-content\"><div class=\"tabs-inner-padding\"><table class=\"custom-table\"  summary=\"Ficha de Datos de estiramiento autom\u00e1tica s de la m\u00e1quina de moldeo por soplado\">\n<thead>\n<tr>\n<th scope=\"col\">Descripci\u00f3n<\/th>\n<th scope=\"col\">UNIDAD<\/th>\n<th scope=\"col\">SBS280-1W<\/th>\n<\/tr>\n<\/thead>\n<tbody>\n<tr>\n<td>Fuerza de sujecion<\/td>\n<td>KN<\/td>\n<td>280<\/td>\n<\/tr>\n<tr>\n<td>El grueso del molde<\/td>\n<td>mm<\/td>\n<td>290-350<\/td>\n<\/tr>\n<tr>\n<td>Molde abierto accidente cerebrovascular<\/td>\n<td>mm<\/td>\n<td>205<\/td>\n<\/tr>\n<tr>\n<td>capacidad de la botella<\/td>\n<td>ml<\/td>\n<td>5000<\/td>\n<\/tr>\n<tr>\n<td>salida de referencia<\/td>\n<td>BPH<\/td>\n<td>500<\/td>\n<\/tr>\n<tr>\n<td>Max. di\u00e1metro de cuello<\/td>\n<td>mm<\/td>\n<td>120<\/td>\n<\/tr>\n<tr>\n<td>Max. di\u00e1metro de la botella<\/td>\n<td>mm<\/td>\n<td>335<\/td>\n<\/tr>\n<tr>\n<td>cavidades de molde<\/td>\n<td> <\/td>\n<td>1 <\/td>\n<\/tr>\n<tr>\n<td>la distancia central<\/td>\n<td>mm<\/td>\n<td>&#8211;<\/td>\n<\/tr>\n<tr>\n<td>Potencial Nominal<\/td>\n<td>KW<\/td>\n<td>20<\/td>\n<\/tr>\n<tr>\n<td>El consumo de energ\u00eda<\/td>\n<td>KW<\/td>\n<td><10<\/td>\n<\/tr>\n<tr>\n<td>Presi\u00f3n operacional<\/td>\n<td>Mpa<\/td>\n<td>0.8<\/td>\n<\/tr>\n<tr>\n<td>Consumo de aire<\/td>\n<td>M3\/min<\/td>\n<td>0.6<\/td>\n<\/tr>\n<tr>\n<td>Alta presi\u00f3n<\/td>\n<td>Mpa<\/td>\n<td>3.0<\/td>\n<\/tr>\n<tr>\n<td>Consumo de aire<\/td>\n<td>M3\/min<\/td>\n<td>1.0<\/td>\n<\/tr>\n<tr>\n<td>dimensiones de la m\u00e1quina<\/td>\n<td>M<\/td>\n<td>2.2&#215;1.4&#215;2.0<\/td>\n<\/tr>\n<tr>\n<td>Peso de la m\u00e1quina<\/td>\n<td>Ton<\/td>\n<td>1.9<\/td>\n<\/tr>\n<\/tbody>\n<tfoot>\n<tr>\n<td colspan=\"4\">\n        * Algunos datos pueden actualizarse sin previo aviso\n        <\/td>\n<\/tr>\n<\/tfoot>\n<\/table>\n\n<p><\/div><\/div><div class=\"tab-content\" id=\"tab-3-content\"><div class=\"tabs-inner-padding\"><img decoding=\"async\" src=\"https:\/\/www.powerjet-machinery.com\/wp-content\/uploads\/2016\/05\/Mould-Platen-Size_Powerjet-SBS280-PET-stretch-blow-machines.jpg\" alt=\"Molde platina Size_Powerjet SBS280 PET estirar las m\u00e1quinas de soplado\" \/><\/p>\n<p><\/div><\/div><div class=\"tab-content\" id=\"tab-4-content\"><div class=\"tabs-inner-padding\"><div class=\"one_half\"><img decoding=\"async\" src=\"https:\/\/www.powerjet-machinery.com\/wp-content\/uploads\/2016\/05\/Cover-of-Stretch-Blow-Molding-Machines-brochure-.jpg\" \n\nalt=\"Cubierta de estiramiento m\u00e1quina de soplado folleto\" class=\"alignnone size-full wp-image-231\" \/><br \/>\n    <\/div>\n<div class=\"one_half last_column\">\n<h4 style=\"margin-bottom: 35px;\"><span style=\"font-size: 28px; color:#171D2D; line-height:1.1; font-weight:bold;\">Lo que se puede obtener:<\/span><\/h4>\n\n<ul class=\"list-7\">\n<Li> Simple introducci\u00f3n de maquinaria de pl\u00e1stico Powerjet Limited <\/ li><br \/>\n<Li> Unidad de Advantage para Powerjet estiramiento y soplado M\u00e1quinas <\/ li><br \/>\n<Li> Los detalles de las m\u00e1quinas de moldeo por soplado PP semiautom\u00e1ticas SBL70 <\/ li><br \/>\n<Li> Los detalles de la m\u00e1quina autom\u00e1tica de moldeo por soplado y estirado SBL280 <\/ li><br \/>\n<Li> Los detalles de la m\u00e1quina autom\u00e1tica de moldeo por soplado y estirado SBL480 <\/ li><br \/>\n<Li> Los detalles de la m\u00e1quina de moldeo de PET llenado en caliente autom\u00e1tica SBD480 <\/ li><br \/>\n<Li> Los detalles de botellas \/ frasco de boca ancha se extienden m\u00e1quinas de soplado SBS480 <\/ li><br \/>\n<Li> Los detalles de la m\u00e1quina autom\u00e1tica de moldeo por soplado y estirado SBS280-1W <\/ li><br \/>\n<Li> Los detalles de Powerjet calentador de horno de infrarrojos <\/ li><\/p>\n<\/ul>\n\n<div class=\"align-btn-center\"><a class=\"flat-custom-button\" href=\"https:\/\/www.powerjet-machinery.com\/wp-content\/uploads\/2016\/05\/Stretch-Blow-Moulding-Machines.pdf\" title=\"Descargar Stretch Blowing M\u00e1quinas de moldeo Folleto\"><span style=\"padding:15px 25px; background-color:transparent; border:1px solid #333333; color:#333333; font-size:13px;\">Haga clic y descargar<\/span><\/a><\/div>\n<p>    <\/div><\/div><\/div><div class=\"tab-content\" id=\"tab-5-content\"><div class=\"tabs-inner-padding\"><iframe loading=\"lazy\" width=\"820\" height=\"460\" src=\"https:\/\/www.youtube.com\/embed\/Q1cxeXuXmok?list=PLCVq4OkHKPZcq1CoJuYc2oKhMPRbm6s1A\" frameborder=\"0\" allowfullscreen><\/iframe><br \/><\/div><\/div><\/div><!-- tabs-wrapper end --><div class=\"clear\"><\/div>\n\n<div class=\"wpcf7 no-js\" id=\"wpcf7-f718-o1\" lang=\"en-US\" dir=\"ltr\" data-wpcf7-id=\"718\">\n<div class=\"screen-reader-response\"><p role=\"status\" aria-live=\"polite\" aria-atomic=\"true\"><\/p> <ul><\/ul><\/div>\n<form action=\"\/es\/wp-json\/wp\/v2\/pages\/1422#wpcf7-f718-o1\" method=\"post\" class=\"wpcf7-form init\" aria-label=\"Contact form\" novalidate=\"novalidate\" data-status=\"init\">\n<fieldset class=\"hidden-fields-container\"><input type=\"hidden\" name=\"_wpcf7\" value=\"718\" \/><input type=\"hidden\" name=\"_wpcf7_version\" value=\"6.1.5\" \/><input type=\"hidden\" name=\"_wpcf7_locale\" value=\"en_US\" \/><input type=\"hidden\" name=\"_wpcf7_unit_tag\" value=\"wpcf7-f718-o1\" \/><input type=\"hidden\" name=\"_wpcf7_container_post\" value=\"0\" \/><input type=\"hidden\" name=\"_wpcf7_posted_data_hash\" value=\"\" \/>\n<\/fieldset>\n<p><span font-size:13px;> Enquiry Now:<\/span>\n<\/p>\n<p><span class=\"wpcf7-form-control-wrap\" data-name=\"your-name\"><input size=\"40\" maxlength=\"400\" class=\"wpcf7-form-control wpcf7-text wpcf7-validates-as-required\" aria-required=\"true\" aria-invalid=\"false\" placeholder=\"Your full name *\" value=\"\" type=\"text\" name=\"your-name\" \/><\/span>\n<\/p>\n<p><span class=\"wpcf7-form-control-wrap\" data-name=\"your-email\"><input size=\"40\" maxlength=\"400\" class=\"wpcf7-form-control wpcf7-email wpcf7-validates-as-required wpcf7-text wpcf7-validates-as-email\" aria-required=\"true\" aria-invalid=\"false\" placeholder=\"Your Email Address *\" value=\"\" type=\"email\" name=\"your-email\" \/><\/span>\n<\/p>\n<p><span class=\"wpcf7-form-control-wrap\" data-name=\"your-country\"><input size=\"40\" maxlength=\"400\" class=\"wpcf7-form-control wpcf7-text wpcf7-validates-as-required\" aria-required=\"true\" aria-invalid=\"false\" placeholder=\"Your country *\" value=\"\" type=\"text\" name=\"your-country\" \/><\/span>\n<\/p>\n<p><span class=\"wpcf7-form-control-wrap\" data-name=\"Model\"><input size=\"40\" maxlength=\"400\" class=\"wpcf7-form-control wpcf7-text\" aria-invalid=\"false\" placeholder=\"Machine`s model found in above parameter tab\" value=\"\" type=\"text\" name=\"Model\" \/><\/span>\n<\/p>\n<p><span class=\"wpcf7-form-control-wrap\" data-name=\"your-message\"><textarea cols=\"40\" rows=\"10\" maxlength=\"2000\" class=\"wpcf7-form-control wpcf7-textarea wpcf7-validates-as-required\" aria-required=\"true\" aria-invalid=\"false\" placeholder=\"Must filled*: Please describe your project details as possible as you can.\" name=\"your-message\"><\/textarea><\/span>\n<\/p>\n<p><span class=\"wpcf7-form-control-wrap\" data-name=\"checkbox-807\"><span class=\"wpcf7-form-control wpcf7-checkbox wpcf7-validates-as-required XXXXXXXXXXXXXXXXXXXXXXXXX\"><span class=\"wpcf7-list-item first last\"><input type=\"checkbox\" name=\"checkbox-807[]\" value=\"Click to help us from Spamming.\" \/><span class=\"wpcf7-list-item-label\">Click to help us from Spamming.<\/span><\/span><\/span><\/span>\n<\/p>\n<p><input class=\"wpcf7-form-control wpcf7-submit has-spinner\" type=\"submit\" value=\"Send\" \/>\n<\/p><p style=\"display: none !important;\" class=\"akismet-fields-container\" data-prefix=\"_wpcf7_ak_\"><label>&#916;<textarea name=\"_wpcf7_ak_hp_textarea\" cols=\"45\" rows=\"8\" maxlength=\"100\"><\/textarea><\/label><input type=\"hidden\" id=\"ak_js_1\" name=\"_wpcf7_ak_js\" value=\"23\"\/><script type=\"text\/javascript\">\n\/* <![CDATA[ *\/\ndocument.getElementById( \"ak_js_1\" ).setAttribute( \"value\", ( new Date() ).getTime() );\n\/* ]]> *\/\n<\/script>\n<\/p><div class=\"wpcf7-response-output\" aria-hidden=\"true\"><\/div>\n<\/form>\n<\/div>\n\n","protected":false},"excerpt":{"rendered":"<p>Autom\u00e1tico de estirado-soplado de PET m\u00e1quina de moldeo &#8211; SBS280-1W-1W<\/p>\n","protected":false},"author":1,"featured_media":0,"parent":0,"menu_order":0,"comment_status":"closed","ping_status":"closed","template":"page-PageTemplate8.php","meta":{"nf_dc_page":"","footnotes":""},"class_list":["post-1422","page","type-page","status-publish","hentry"],"yoast_head":"<!-- This site is optimized with the Yoast SEO plugin v27.4 - https:\/\/yoast.com\/product\/yoast-seo-wordpress\/ -->\n<title>Autom\u00e1tico de estirado-soplado de PET m\u00e1quina de moldeo - SBS280-1W - Powerjet Plastic Machinery<\/title>\n<meta name=\"robots\" content=\"index, follow, max-snippet:-1, max-image-preview:large, max-video-preview:-1\" \/>\n<link rel=\"canonical\" href=\"https:\/\/www.powerjet-machinery.com\/es\/automatico-de-estirado-soplado-de-pet-maquina-de-moldeo-sbs280-1w\/\" \/>\n<meta property=\"og:locale\" content=\"es_ES\" \/>\n<meta property=\"og:type\" content=\"article\" \/>\n<meta property=\"og:title\" content=\"Autom\u00e1tico de estirado-soplado de PET m\u00e1quina de moldeo - SBS280-1W - Powerjet Plastic Machinery\" \/>\n<meta property=\"og:description\" content=\"Autom\u00e1tico de estirado-soplado de PET m\u00e1quina de moldeo &#8211; SBS280-1W-1W\" \/>\n<meta property=\"og:url\" content=\"https:\/\/www.powerjet-machinery.com\/es\/automatico-de-estirado-soplado-de-pet-maquina-de-moldeo-sbs280-1w\/\" \/>\n<meta property=\"og:site_name\" content=\"Powerjet Plastic Machinery\" \/>\n<meta property=\"og:image\" content=\"https:\/\/www.powerjet-machinery.com\/wp-content\/uploads\/2016\/05\/Mould-Platen-Size_Powerjet-SBS280-PET-stretch-blow-machines.jpg\" \/>\n<meta name=\"twitter:card\" content=\"summary_large_image\" \/>\n<meta name=\"twitter:label1\" content=\"Tiempo de lectura\" \/>\n\t<meta name=\"twitter:data1\" content=\"2 minutos\" \/>\n<script type=\"application\/ld+json\" class=\"yoast-schema-graph\">{\"@context\":\"https:\\\/\\\/schema.org\",\"@graph\":[{\"@type\":\"WebPage\",\"@id\":\"https:\\\/\\\/www.powerjet-machinery.com\\\/es\\\/automatico-de-estirado-soplado-de-pet-maquina-de-moldeo-sbs280-1w\\\/\",\"url\":\"https:\\\/\\\/www.powerjet-machinery.com\\\/es\\\/automatico-de-estirado-soplado-de-pet-maquina-de-moldeo-sbs280-1w\\\/\",\"name\":\"Autom\u00e1tico de estirado-soplado de PET m\u00e1quina de moldeo - SBS280-1W - Powerjet Plastic Machinery\",\"isPartOf\":{\"@id\":\"https:\\\/\\\/www.powerjet-machinery.com\\\/#website\"},\"primaryImageOfPage\":{\"@id\":\"https:\\\/\\\/www.powerjet-machinery.com\\\/es\\\/automatico-de-estirado-soplado-de-pet-maquina-de-moldeo-sbs280-1w\\\/#primaryimage\"},\"image\":{\"@id\":\"https:\\\/\\\/www.powerjet-machinery.com\\\/es\\\/automatico-de-estirado-soplado-de-pet-maquina-de-moldeo-sbs280-1w\\\/#primaryimage\"},\"thumbnailUrl\":\"https:\\\/\\\/www.powerjet-machinery.com\\\/wp-content\\\/uploads\\\/2016\\\/05\\\/Mould-Platen-Size_Powerjet-SBS280-PET-stretch-blow-machines.jpg\",\"datePublished\":\"2016-09-04T02:02:30+00:00\",\"breadcrumb\":{\"@id\":\"https:\\\/\\\/www.powerjet-machinery.com\\\/es\\\/automatico-de-estirado-soplado-de-pet-maquina-de-moldeo-sbs280-1w\\\/#breadcrumb\"},\"inLanguage\":\"es\",\"potentialAction\":[{\"@type\":\"ReadAction\",\"target\":[\"https:\\\/\\\/www.powerjet-machinery.com\\\/es\\\/automatico-de-estirado-soplado-de-pet-maquina-de-moldeo-sbs280-1w\\\/\"]}]},{\"@type\":\"ImageObject\",\"inLanguage\":\"es\",\"@id\":\"https:\\\/\\\/www.powerjet-machinery.com\\\/es\\\/automatico-de-estirado-soplado-de-pet-maquina-de-moldeo-sbs280-1w\\\/#primaryimage\",\"url\":\"https:\\\/\\\/www.powerjet-machinery.com\\\/wp-content\\\/uploads\\\/2016\\\/05\\\/Mould-Platen-Size_Powerjet-SBS280-PET-stretch-blow-machines.jpg\",\"contentUrl\":\"https:\\\/\\\/www.powerjet-machinery.com\\\/wp-content\\\/uploads\\\/2016\\\/05\\\/Mould-Platen-Size_Powerjet-SBS280-PET-stretch-blow-machines.jpg\"},{\"@type\":\"BreadcrumbList\",\"@id\":\"https:\\\/\\\/www.powerjet-machinery.com\\\/es\\\/automatico-de-estirado-soplado-de-pet-maquina-de-moldeo-sbs280-1w\\\/#breadcrumb\",\"itemListElement\":[{\"@type\":\"ListItem\",\"position\":1,\"name\":\"Home\",\"item\":\"https:\\\/\\\/www.powerjet-machinery.com\\\/es\\\/\"},{\"@type\":\"ListItem\",\"position\":2,\"name\":\"Autom\u00e1tico de estirado-soplado de PET m\u00e1quina de moldeo &#8211; SBS280-1W\"}]},{\"@type\":\"WebSite\",\"@id\":\"https:\\\/\\\/www.powerjet-machinery.com\\\/#website\",\"url\":\"https:\\\/\\\/www.powerjet-machinery.com\\\/\",\"name\":\"Powerjet Plastic Machinery\",\"description\":\"\",\"potentialAction\":[{\"@type\":\"SearchAction\",\"target\":{\"@type\":\"EntryPoint\",\"urlTemplate\":\"https:\\\/\\\/www.powerjet-machinery.com\\\/?s={search_term_string}\"},\"query-input\":{\"@type\":\"PropertyValueSpecification\",\"valueRequired\":true,\"valueName\":\"search_term_string\"}}],\"inLanguage\":\"es\"}]}<\/script>\n<!-- \/ Yoast SEO plugin. -->","yoast_head_json":{"title":"Autom\u00e1tico de estirado-soplado de PET m\u00e1quina de moldeo - SBS280-1W - Powerjet Plastic Machinery","robots":{"index":"index","follow":"follow","max-snippet":"max-snippet:-1","max-image-preview":"max-image-preview:large","max-video-preview":"max-video-preview:-1"},"canonical":"https:\/\/www.powerjet-machinery.com\/es\/automatico-de-estirado-soplado-de-pet-maquina-de-moldeo-sbs280-1w\/","og_locale":"es_ES","og_type":"article","og_title":"Autom\u00e1tico de estirado-soplado de PET m\u00e1quina de moldeo - SBS280-1W - Powerjet Plastic Machinery","og_description":"Autom\u00e1tico de estirado-soplado de PET m\u00e1quina de moldeo &#8211; SBS280-1W-1W","og_url":"https:\/\/www.powerjet-machinery.com\/es\/automatico-de-estirado-soplado-de-pet-maquina-de-moldeo-sbs280-1w\/","og_site_name":"Powerjet Plastic Machinery","og_image":[{"url":"https:\/\/www.powerjet-machinery.com\/wp-content\/uploads\/2016\/05\/Mould-Platen-Size_Powerjet-SBS280-PET-stretch-blow-machines.jpg","type":"","width":"","height":""}],"twitter_card":"summary_large_image","twitter_misc":{"Tiempo de lectura":"2 minutos"},"schema":{"@context":"https:\/\/schema.org","@graph":[{"@type":"WebPage","@id":"https:\/\/www.powerjet-machinery.com\/es\/automatico-de-estirado-soplado-de-pet-maquina-de-moldeo-sbs280-1w\/","url":"https:\/\/www.powerjet-machinery.com\/es\/automatico-de-estirado-soplado-de-pet-maquina-de-moldeo-sbs280-1w\/","name":"Autom\u00e1tico de estirado-soplado de PET m\u00e1quina de moldeo - SBS280-1W - Powerjet Plastic Machinery","isPartOf":{"@id":"https:\/\/www.powerjet-machinery.com\/#website"},"primaryImageOfPage":{"@id":"https:\/\/www.powerjet-machinery.com\/es\/automatico-de-estirado-soplado-de-pet-maquina-de-moldeo-sbs280-1w\/#primaryimage"},"image":{"@id":"https:\/\/www.powerjet-machinery.com\/es\/automatico-de-estirado-soplado-de-pet-maquina-de-moldeo-sbs280-1w\/#primaryimage"},"thumbnailUrl":"https:\/\/www.powerjet-machinery.com\/wp-content\/uploads\/2016\/05\/Mould-Platen-Size_Powerjet-SBS280-PET-stretch-blow-machines.jpg","datePublished":"2016-09-04T02:02:30+00:00","breadcrumb":{"@id":"https:\/\/www.powerjet-machinery.com\/es\/automatico-de-estirado-soplado-de-pet-maquina-de-moldeo-sbs280-1w\/#breadcrumb"},"inLanguage":"es","potentialAction":[{"@type":"ReadAction","target":["https:\/\/www.powerjet-machinery.com\/es\/automatico-de-estirado-soplado-de-pet-maquina-de-moldeo-sbs280-1w\/"]}]},{"@type":"ImageObject","inLanguage":"es","@id":"https:\/\/www.powerjet-machinery.com\/es\/automatico-de-estirado-soplado-de-pet-maquina-de-moldeo-sbs280-1w\/#primaryimage","url":"https:\/\/www.powerjet-machinery.com\/wp-content\/uploads\/2016\/05\/Mould-Platen-Size_Powerjet-SBS280-PET-stretch-blow-machines.jpg","contentUrl":"https:\/\/www.powerjet-machinery.com\/wp-content\/uploads\/2016\/05\/Mould-Platen-Size_Powerjet-SBS280-PET-stretch-blow-machines.jpg"},{"@type":"BreadcrumbList","@id":"https:\/\/www.powerjet-machinery.com\/es\/automatico-de-estirado-soplado-de-pet-maquina-de-moldeo-sbs280-1w\/#breadcrumb","itemListElement":[{"@type":"ListItem","position":1,"name":"Home","item":"https:\/\/www.powerjet-machinery.com\/es\/"},{"@type":"ListItem","position":2,"name":"Autom\u00e1tico de estirado-soplado de PET m\u00e1quina de moldeo &#8211; SBS280-1W"}]},{"@type":"WebSite","@id":"https:\/\/www.powerjet-machinery.com\/#website","url":"https:\/\/www.powerjet-machinery.com\/","name":"Powerjet Plastic Machinery","description":"","potentialAction":[{"@type":"SearchAction","target":{"@type":"EntryPoint","urlTemplate":"https:\/\/www.powerjet-machinery.com\/?s={search_term_string}"},"query-input":{"@type":"PropertyValueSpecification","valueRequired":true,"valueName":"search_term_string"}}],"inLanguage":"es"}]}},"_links":{"self":[{"href":"https:\/\/www.powerjet-machinery.com\/es\/wp-json\/wp\/v2\/pages\/1422","targetHints":{"allow":["GET"]}}],"collection":[{"href":"https:\/\/www.powerjet-machinery.com\/es\/wp-json\/wp\/v2\/pages"}],"about":[{"href":"https:\/\/www.powerjet-machinery.com\/es\/wp-json\/wp\/v2\/types\/page"}],"author":[{"embeddable":true,"href":"https:\/\/www.powerjet-machinery.com\/es\/wp-json\/wp\/v2\/users\/1"}],"replies":[{"embeddable":true,"href":"https:\/\/www.powerjet-machinery.com\/es\/wp-json\/wp\/v2\/comments?post=1422"}],"version-history":[{"count":1,"href":"https:\/\/www.powerjet-machinery.com\/es\/wp-json\/wp\/v2\/pages\/1422\/revisions"}],"predecessor-version":[{"id":1423,"href":"https:\/\/www.powerjet-machinery.com\/es\/wp-json\/wp\/v2\/pages\/1422\/revisions\/1423"}],"wp:attachment":[{"href":"https:\/\/www.powerjet-machinery.com\/es\/wp-json\/wp\/v2\/media?parent=1422"}],"curies":[{"name":"wp","href":"https:\/\/api.w.org\/{rel}","templated":true}]}}