{"id":1415,"date":"2016-09-04T00:47:56","date_gmt":"2016-09-04T00:47:56","guid":{"rendered":"https:\/\/www.powerjet-machinery.com\/es\/?page_id=1415"},"modified":"2016-09-04T00:47:56","modified_gmt":"2016-09-04T00:47:56","slug":"equipo-auxiliar-para-las-maquinas-de-moldeo-por-extrusion-y-soplado","status":"publish","type":"page","link":"https:\/\/www.powerjet-machinery.com\/es\/equipo-auxiliar-para-las-maquinas-de-moldeo-por-extrusion-y-soplado\/","title":{"rendered":"Equipo auxiliar para las m\u00e1quinas de moldeo por extrusi\u00f3n y soplado"},"content":{"rendered":"<p><img decoding=\"async\" src=\"https:\/\/www.powerjet-machinery.com\/wp-content\/uploads\/2016\/05\/Auxiliary-Equipment-for-Extrusion-Blow-Molding-Machines.jpg\" alt=\"Equipo auxiliar para las m\u00e1quinas de moldeo por extrusi\u00f3n y soplado\" \/><\/p>\n<div class=\"clear\"><\/div><div class=\"tabs-wrapper\"><ul class=\"tabs\"><li><a href=\"javascript:void(0)\" class=\"defaulttab\" id=\"tab-1\"><span>controlador preforma<\/span><\/a><\/li><li><a href=\"javascript:void(0)\" id=\"tab-2\"><span>Die Jefes<\/span><\/a><\/li><li><a href=\"javascript:void(0)\" id=\"tab-3\"><span>Equipo de recorte<\/span><\/a><\/li><li><a href=\"javascript:void(0)\" id=\"tab-4\"><span>Configuraci\u00f3n de recorte<\/span><\/a><\/li><li><a href=\"javascript:void(0)\" id=\"tab-5\"><span>dispositivo de desbarbado<\/span><\/a><\/li><li><a href=\"javascript:void(0)\" id=\"tab-6\"><span>moldes de soplado<\/span><\/a><\/li><\/ul><div class=\"tab-content\" id=\"tab-1-content\"><div class=\"tabs-inner-padding\"><img decoding=\"async\" src=\"https:\/\/www.powerjet-machinery.com\/wp-content\/uploads\/2016\/05\/Parison-Controller-for-extrusion-blow-molding-machines.jpg\" alt=\"Controlador de comparaci\u00f3n para las m\u00e1quinas de moldeo por soplado de extrusi\u00f3n\" \/><\/p>\n\n<ul class=\"list-1\">\n<Li> El famoso servov\u00e1lvula marca de posici\u00f3n LVDT testing <\/li>\n<p>\u00a0\u00a0\u00a0\u00a0 <Li> 100-300 Puntos de control por ordenador precisa, autom\u00e1ticamente har\u00e1 que la curva ajustada <\/ li><br \/>\n\u00a0\u00a0\u00a0\u00a0 <Li> 20-100 art\u00edculos estado guardado en el PLC <\/li>\n<\/ul><\/div><\/div><div class=\"tab-content\" id=\"tab-2-content\"><div class=\"tabs-inner-padding\"><img decoding=\"async\" src=\"https:\/\/www.powerjet-machinery.com\/wp-content\/uploads\/2016\/05\/Die-Heads-for-extrusion-blow-molding-machines.jpg\" alt=\"Jefes morir por extrusi\u00f3n-soplado\nm\u00e1quinas\" \/><\/p>\n\n<ul class=\"list-1\">\n<Li> conectado con el PLC para la producci\u00f3n completamente autom\u00e1tica <\/li>\n<p>\u00a0\u00a0\u00a0\u00a0 <Li> adoped con componentes neum\u00e1ticos de la marca de fama mundial, cojinetes lineales, para asegurar el funcionamiento preciso <\/li>\n<p>\u00a0\u00a0\u00a0\u00a0 <Li> Multi-capa de la cabeza y multi-matriz est\u00e1 disponible <\/li>\n<\/ul><\/div><\/div><div class=\"tab-content\" id=\"tab-3-content\"><div class=\"tabs-inner-padding\"><img decoding=\"async\" src=\"https:\/\/www.powerjet-machinery.com\/wp-content\/uploads\/2016\/05\/Rotary-Trimming-Equipment-for-extrusion-blow-molding-machines.jpg\" alt=\"Equipo de recorte giratorio para m\u00e1quinas de moldeo por soplado de extrusi\u00f3n\" \/><\/p>\n\n<ul class=\"list-1\">\n<Li> Se puede utilizar de forma independiente o equipada con la m\u00e1quina de extrusi\u00f3n y soplado <\/li>\n<p>\u00a0\u00a0\u00a0\u00a0 <Li> Especialmente dise\u00f1o para el tama\u00f1o del cuello delgado \/ inversi\u00f3n, o un tarro <\/ li><br \/>\n\u00a0\u00a0\u00a0\u00a0 <Li> Logra boca de la botella lisa, sin bordes defectuosos <\/li>\n<p>\u00a0\u00a0\u00a0\u00a0 <Li> No se trefilado, sin polvo acumulados <\/li>\n<p>\u00a0\u00a0\u00a0\u00a0 <Li> Desbarbado separado con el producto <\/li>\n<p>\u00a0\u00a0\u00a0\u00a0 <Li> costo bajo y duradero <\/ li><br \/>\n\u00a0\u00a0\u00a0\u00a0 <Li> regulaci\u00f3n de velocidad continua <\/li>\n<\/ul>\n\n<p><\/div><\/div><div class=\"tab-content\" id=\"tab-4-content\"><div class=\"tabs-inner-padding\"><img decoding=\"async\" src=\"https:\/\/www.powerjet-machinery.com\/wp-content\/uploads\/2016\/05\/Rotary-Trimming-Configuration-for-extrusion-blow-molding-machines.jpg\" alt=\"Configuraci\u00f3n de recorte giratorio para m\u00e1quinas de moldeo por soplado de extrusi\u00f3n\" \/><br \/>\n\n<ul class=\"list-1\">\n<Li> Equipada en la m\u00e1quina, especialmente para el tama\u00f1o del cuello delgado \/ inversi\u00f3n, o un tarro <\/li>\n<p>\u00a0\u00a0\u00a0\u00a0 <Li> conectado con el PLC para la producci\u00f3n completamente autom\u00e1tica <\/li>\n<p>\u00a0\u00a0\u00a0\u00a0 <Li> Adoptado con componentes neum\u00e1ticos de la marca de fama mundial, cojinetes lineales, para asegurar el funcionamiento preciso <\/li>\n<p>\u00a0\u00a0\u00a0\u00a0 <Li> El corte de la boca de la botella es lisa y sin flash <\/li>\n<p>\u00a0\u00a0\u00a0\u00a0 <Li> Especialmente cortador de dise\u00f1o garantiza que no haya trefilado, sin polvo acumulados <\/li>\n<\/ul><\/div><\/div><div class=\"tab-content\" id=\"tab-5-content\"><div class=\"tabs-inner-padding\"><img decoding=\"async\" src=\"https:\/\/www.powerjet-machinery.com\/wp-content\/uploads\/2016\/05\/Auto-deflashing-equipment-for-extrusion-blow-molding-machines.jpg\" alt=\"equipos de desbarbado autom\u00e1tico para m\u00e1quinas de moldeo por soplado de extrusi\u00f3n\" \/><\/p>\n\n<ul class=\"list-1\">\n<Li> conectado con el PLC para la producci\u00f3n completamente autom\u00e1tica. <\/ Li> <\/p>\n<li> Adoptado con componentes neum\u00e1ticos de la marca de fama mundial, rodamientos lineales para asegurar el funcionamiento preciso <\/ li>\n<\/ul><\/div><\/div><div class=\"tab-content\" id=\"tab-6-content\"><div class=\"tabs-inner-padding\"><img decoding=\"async\" src=\"https:\/\/www.powerjet-machinery.com\/wp-content\/uploads\/2016\/05\/Blow-Moulds-for-extrusion-blow-molding-machines.jpg\" alt=\"Moldes de soplado para m\u00e1quinas de moldeo por soplado de extrusi\u00f3n\" \/><\/p>\n\n<ul class=\"list-1\">\n<Li> Seg\u00fan el requisito, duralium importada 7075 o acero inoxidable S136 est\u00e1 disponible <\/li>\n<p>\u00a0\u00a0\u00a0\u00a0 <Li> El dise\u00f1o especial para el sistema de escape y refrigeraci\u00f3n <\/li>\n<p>\u00a0\u00a0\u00a0\u00a0 <Li> Importado CNC asegurar la precisi\u00f3n del molde para satisfacer la requiment especial de formas complicar <\/li>\n<\/ul><\/div><\/div><\/div><!-- tabs-wrapper end --><div class=\"clear\"><\/div>\n\n<div class=\"wpcf7 no-js\" id=\"wpcf7-f718-o1\" lang=\"en-US\" dir=\"ltr\" data-wpcf7-id=\"718\">\n<div class=\"screen-reader-response\"><p role=\"status\" aria-live=\"polite\" aria-atomic=\"true\"><\/p> <ul><\/ul><\/div>\n<form action=\"\/es\/wp-json\/wp\/v2\/pages\/1415#wpcf7-f718-o1\" method=\"post\" class=\"wpcf7-form init\" aria-label=\"Contact form\" novalidate=\"novalidate\" data-status=\"init\">\n<fieldset class=\"hidden-fields-container\"><input type=\"hidden\" name=\"_wpcf7\" value=\"718\" \/><input type=\"hidden\" name=\"_wpcf7_version\" value=\"6.1.5\" \/><input type=\"hidden\" name=\"_wpcf7_locale\" value=\"en_US\" \/><input type=\"hidden\" name=\"_wpcf7_unit_tag\" value=\"wpcf7-f718-o1\" \/><input type=\"hidden\" name=\"_wpcf7_container_post\" value=\"0\" \/><input type=\"hidden\" name=\"_wpcf7_posted_data_hash\" value=\"\" \/>\n<\/fieldset>\n<p><span font-size:13px;> Enquiry Now:<\/span>\n<\/p>\n<p><span class=\"wpcf7-form-control-wrap\" data-name=\"your-name\"><input size=\"40\" maxlength=\"400\" class=\"wpcf7-form-control wpcf7-text wpcf7-validates-as-required\" aria-required=\"true\" aria-invalid=\"false\" placeholder=\"Your full name *\" value=\"\" type=\"text\" name=\"your-name\" \/><\/span>\n<\/p>\n<p><span class=\"wpcf7-form-control-wrap\" data-name=\"your-email\"><input size=\"40\" maxlength=\"400\" class=\"wpcf7-form-control wpcf7-email wpcf7-validates-as-required wpcf7-text wpcf7-validates-as-email\" aria-required=\"true\" aria-invalid=\"false\" placeholder=\"Your Email Address *\" value=\"\" type=\"email\" name=\"your-email\" \/><\/span>\n<\/p>\n<p><span class=\"wpcf7-form-control-wrap\" data-name=\"your-country\"><input size=\"40\" maxlength=\"400\" class=\"wpcf7-form-control wpcf7-text wpcf7-validates-as-required\" aria-required=\"true\" aria-invalid=\"false\" placeholder=\"Your country *\" value=\"\" type=\"text\" name=\"your-country\" \/><\/span>\n<\/p>\n<p><span class=\"wpcf7-form-control-wrap\" data-name=\"Model\"><input size=\"40\" maxlength=\"400\" class=\"wpcf7-form-control wpcf7-text\" aria-invalid=\"false\" placeholder=\"Machine`s model found in above parameter tab\" value=\"\" type=\"text\" name=\"Model\" \/><\/span>\n<\/p>\n<p><span class=\"wpcf7-form-control-wrap\" data-name=\"your-message\"><textarea cols=\"40\" rows=\"10\" maxlength=\"2000\" class=\"wpcf7-form-control wpcf7-textarea wpcf7-validates-as-required\" aria-required=\"true\" aria-invalid=\"false\" placeholder=\"Must filled*: Please describe your project details as possible as you can.\" name=\"your-message\"><\/textarea><\/span>\n<\/p>\n<p><span class=\"wpcf7-form-control-wrap\" data-name=\"checkbox-807\"><span class=\"wpcf7-form-control wpcf7-checkbox wpcf7-validates-as-required XXXXXXXXXXXXXXXXXXXXXXXXX\"><span class=\"wpcf7-list-item first last\"><input type=\"checkbox\" name=\"checkbox-807[]\" value=\"Click to help us from Spamming.\" \/><span class=\"wpcf7-list-item-label\">Click to help us from Spamming.<\/span><\/span><\/span><\/span>\n<\/p>\n<p><input class=\"wpcf7-form-control wpcf7-submit has-spinner\" type=\"submit\" value=\"Send\" \/>\n<\/p><p style=\"display: none !important;\" class=\"akismet-fields-container\" data-prefix=\"_wpcf7_ak_\"><label>&#916;<textarea name=\"_wpcf7_ak_hp_textarea\" cols=\"45\" rows=\"8\" maxlength=\"100\"><\/textarea><\/label><input type=\"hidden\" id=\"ak_js_1\" name=\"_wpcf7_ak_js\" value=\"109\"\/><script type=\"text\/javascript\">\n\/* <![CDATA[ *\/\ndocument.getElementById( \"ak_js_1\" ).setAttribute( \"value\", ( new Date() ).getTime() );\n\/* ]]> *\/\n<\/script>\n<\/p><div class=\"wpcf7-response-output\" aria-hidden=\"true\"><\/div>\n<\/form>\n<\/div>\n\n","protected":false},"excerpt":{"rendered":"controlador preformaDie JefesEquipo de recorteConfiguraci\u00f3n de recortedispositivo de desbarbadomoldes de soplado El famoso servov\u00e1lvula marca de posici\u00f3n LVDT testing \u00a0\u00a0\u00a0\u00a0 100-300 Puntos de control por ordenador precisa, autom\u00e1ticamente har\u00e1 que la curva ajustada \u00a0\u00a0\u00a0\u00a0 20-100 art\u00edculos estado guardado en el PLC conectado con el PLC para la producci\u00f3n completamente autom\u00e1tica [...]","protected":false},"author":1,"featured_media":0,"parent":0,"menu_order":0,"comment_status":"closed","ping_status":"closed","template":"page-PageTemplate8.php","meta":{"nf_dc_page":"","footnotes":""},"class_list":["post-1415","page","type-page","status-publish","hentry"],"yoast_head":"<!-- This site is optimized with the Yoast SEO plugin v27.4 - https:\/\/yoast.com\/product\/yoast-seo-wordpress\/ -->\n<title>Equipo auxiliar para las m\u00e1quinas de moldeo por extrusi\u00f3n y soplado - Powerjet Plastic Machinery<\/title>\n<meta name=\"robots\" content=\"index, follow, max-snippet:-1, max-image-preview:large, max-video-preview:-1\" \/>\n<link rel=\"canonical\" href=\"https:\/\/www.powerjet-machinery.com\/es\/equipo-auxiliar-para-las-maquinas-de-moldeo-por-extrusion-y-soplado\/\" \/>\n<meta property=\"og:locale\" content=\"es_ES\" \/>\n<meta property=\"og:type\" content=\"article\" \/>\n<meta property=\"og:title\" content=\"Equipo auxiliar para las m\u00e1quinas de moldeo por extrusi\u00f3n y soplado - Powerjet Plastic Machinery\" \/>\n<meta property=\"og:url\" content=\"https:\/\/www.powerjet-machinery.com\/es\/equipo-auxiliar-para-las-maquinas-de-moldeo-por-extrusion-y-soplado\/\" \/>\n<meta property=\"og:site_name\" content=\"Powerjet Plastic Machinery\" \/>\n<meta property=\"og:image\" content=\"https:\/\/www.powerjet-machinery.com\/wp-content\/uploads\/2016\/05\/Auxiliary-Equipment-for-Extrusion-Blow-Molding-Machines.jpg\" \/>\n<meta name=\"twitter:card\" content=\"summary_large_image\" \/>\n<meta name=\"twitter:label1\" content=\"Tiempo de lectura\" \/>\n\t<meta name=\"twitter:data1\" content=\"2 minutos\" \/>\n<script type=\"application\/ld+json\" class=\"yoast-schema-graph\">{\"@context\":\"https:\\\/\\\/schema.org\",\"@graph\":[{\"@type\":\"WebPage\",\"@id\":\"https:\\\/\\\/www.powerjet-machinery.com\\\/es\\\/equipo-auxiliar-para-las-maquinas-de-moldeo-por-extrusion-y-soplado\\\/\",\"url\":\"https:\\\/\\\/www.powerjet-machinery.com\\\/es\\\/equipo-auxiliar-para-las-maquinas-de-moldeo-por-extrusion-y-soplado\\\/\",\"name\":\"Equipo auxiliar para las m\u00e1quinas de moldeo por extrusi\u00f3n y soplado - Powerjet Plastic Machinery\",\"isPartOf\":{\"@id\":\"https:\\\/\\\/www.powerjet-machinery.com\\\/#website\"},\"primaryImageOfPage\":{\"@id\":\"https:\\\/\\\/www.powerjet-machinery.com\\\/es\\\/equipo-auxiliar-para-las-maquinas-de-moldeo-por-extrusion-y-soplado\\\/#primaryimage\"},\"image\":{\"@id\":\"https:\\\/\\\/www.powerjet-machinery.com\\\/es\\\/equipo-auxiliar-para-las-maquinas-de-moldeo-por-extrusion-y-soplado\\\/#primaryimage\"},\"thumbnailUrl\":\"https:\\\/\\\/www.powerjet-machinery.com\\\/wp-content\\\/uploads\\\/2016\\\/05\\\/Auxiliary-Equipment-for-Extrusion-Blow-Molding-Machines.jpg\",\"datePublished\":\"2016-09-04T00:47:56+00:00\",\"breadcrumb\":{\"@id\":\"https:\\\/\\\/www.powerjet-machinery.com\\\/es\\\/equipo-auxiliar-para-las-maquinas-de-moldeo-por-extrusion-y-soplado\\\/#breadcrumb\"},\"inLanguage\":\"es\",\"potentialAction\":[{\"@type\":\"ReadAction\",\"target\":[\"https:\\\/\\\/www.powerjet-machinery.com\\\/es\\\/equipo-auxiliar-para-las-maquinas-de-moldeo-por-extrusion-y-soplado\\\/\"]}]},{\"@type\":\"ImageObject\",\"inLanguage\":\"es\",\"@id\":\"https:\\\/\\\/www.powerjet-machinery.com\\\/es\\\/equipo-auxiliar-para-las-maquinas-de-moldeo-por-extrusion-y-soplado\\\/#primaryimage\",\"url\":\"https:\\\/\\\/www.powerjet-machinery.com\\\/wp-content\\\/uploads\\\/2016\\\/05\\\/Auxiliary-Equipment-for-Extrusion-Blow-Molding-Machines.jpg\",\"contentUrl\":\"https:\\\/\\\/www.powerjet-machinery.com\\\/wp-content\\\/uploads\\\/2016\\\/05\\\/Auxiliary-Equipment-for-Extrusion-Blow-Molding-Machines.jpg\"},{\"@type\":\"BreadcrumbList\",\"@id\":\"https:\\\/\\\/www.powerjet-machinery.com\\\/es\\\/equipo-auxiliar-para-las-maquinas-de-moldeo-por-extrusion-y-soplado\\\/#breadcrumb\",\"itemListElement\":[{\"@type\":\"ListItem\",\"position\":1,\"name\":\"Home\",\"item\":\"https:\\\/\\\/www.powerjet-machinery.com\\\/es\\\/\"},{\"@type\":\"ListItem\",\"position\":2,\"name\":\"Equipo auxiliar para las m\u00e1quinas de moldeo por extrusi\u00f3n y soplado\"}]},{\"@type\":\"WebSite\",\"@id\":\"https:\\\/\\\/www.powerjet-machinery.com\\\/#website\",\"url\":\"https:\\\/\\\/www.powerjet-machinery.com\\\/\",\"name\":\"Powerjet Plastic Machinery\",\"description\":\"\",\"potentialAction\":[{\"@type\":\"SearchAction\",\"target\":{\"@type\":\"EntryPoint\",\"urlTemplate\":\"https:\\\/\\\/www.powerjet-machinery.com\\\/?s={search_term_string}\"},\"query-input\":{\"@type\":\"PropertyValueSpecification\",\"valueRequired\":true,\"valueName\":\"search_term_string\"}}],\"inLanguage\":\"es\"}]}<\/script>\n<!-- \/ Yoast SEO plugin. -->","yoast_head_json":{"title":"Equipo auxiliar para las m\u00e1quinas de moldeo por extrusi\u00f3n y soplado - Powerjet Plastic Machinery","robots":{"index":"index","follow":"follow","max-snippet":"max-snippet:-1","max-image-preview":"max-image-preview:large","max-video-preview":"max-video-preview:-1"},"canonical":"https:\/\/www.powerjet-machinery.com\/es\/equipo-auxiliar-para-las-maquinas-de-moldeo-por-extrusion-y-soplado\/","og_locale":"es_ES","og_type":"article","og_title":"Equipo auxiliar para las m\u00e1quinas de moldeo por extrusi\u00f3n y soplado - Powerjet Plastic Machinery","og_url":"https:\/\/www.powerjet-machinery.com\/es\/equipo-auxiliar-para-las-maquinas-de-moldeo-por-extrusion-y-soplado\/","og_site_name":"Powerjet Plastic Machinery","og_image":[{"url":"https:\/\/www.powerjet-machinery.com\/wp-content\/uploads\/2016\/05\/Auxiliary-Equipment-for-Extrusion-Blow-Molding-Machines.jpg","type":"","width":"","height":""}],"twitter_card":"summary_large_image","twitter_misc":{"Tiempo de lectura":"2 minutos"},"schema":{"@context":"https:\/\/schema.org","@graph":[{"@type":"WebPage","@id":"https:\/\/www.powerjet-machinery.com\/es\/equipo-auxiliar-para-las-maquinas-de-moldeo-por-extrusion-y-soplado\/","url":"https:\/\/www.powerjet-machinery.com\/es\/equipo-auxiliar-para-las-maquinas-de-moldeo-por-extrusion-y-soplado\/","name":"Equipo auxiliar para las m\u00e1quinas de moldeo por extrusi\u00f3n y soplado - Powerjet Plastic Machinery","isPartOf":{"@id":"https:\/\/www.powerjet-machinery.com\/#website"},"primaryImageOfPage":{"@id":"https:\/\/www.powerjet-machinery.com\/es\/equipo-auxiliar-para-las-maquinas-de-moldeo-por-extrusion-y-soplado\/#primaryimage"},"image":{"@id":"https:\/\/www.powerjet-machinery.com\/es\/equipo-auxiliar-para-las-maquinas-de-moldeo-por-extrusion-y-soplado\/#primaryimage"},"thumbnailUrl":"https:\/\/www.powerjet-machinery.com\/wp-content\/uploads\/2016\/05\/Auxiliary-Equipment-for-Extrusion-Blow-Molding-Machines.jpg","datePublished":"2016-09-04T00:47:56+00:00","breadcrumb":{"@id":"https:\/\/www.powerjet-machinery.com\/es\/equipo-auxiliar-para-las-maquinas-de-moldeo-por-extrusion-y-soplado\/#breadcrumb"},"inLanguage":"es","potentialAction":[{"@type":"ReadAction","target":["https:\/\/www.powerjet-machinery.com\/es\/equipo-auxiliar-para-las-maquinas-de-moldeo-por-extrusion-y-soplado\/"]}]},{"@type":"ImageObject","inLanguage":"es","@id":"https:\/\/www.powerjet-machinery.com\/es\/equipo-auxiliar-para-las-maquinas-de-moldeo-por-extrusion-y-soplado\/#primaryimage","url":"https:\/\/www.powerjet-machinery.com\/wp-content\/uploads\/2016\/05\/Auxiliary-Equipment-for-Extrusion-Blow-Molding-Machines.jpg","contentUrl":"https:\/\/www.powerjet-machinery.com\/wp-content\/uploads\/2016\/05\/Auxiliary-Equipment-for-Extrusion-Blow-Molding-Machines.jpg"},{"@type":"BreadcrumbList","@id":"https:\/\/www.powerjet-machinery.com\/es\/equipo-auxiliar-para-las-maquinas-de-moldeo-por-extrusion-y-soplado\/#breadcrumb","itemListElement":[{"@type":"ListItem","position":1,"name":"Home","item":"https:\/\/www.powerjet-machinery.com\/es\/"},{"@type":"ListItem","position":2,"name":"Equipo auxiliar para las m\u00e1quinas de moldeo por extrusi\u00f3n y soplado"}]},{"@type":"WebSite","@id":"https:\/\/www.powerjet-machinery.com\/#website","url":"https:\/\/www.powerjet-machinery.com\/","name":"Powerjet Plastic Machinery","description":"","potentialAction":[{"@type":"SearchAction","target":{"@type":"EntryPoint","urlTemplate":"https:\/\/www.powerjet-machinery.com\/?s={search_term_string}"},"query-input":{"@type":"PropertyValueSpecification","valueRequired":true,"valueName":"search_term_string"}}],"inLanguage":"es"}]}},"_links":{"self":[{"href":"https:\/\/www.powerjet-machinery.com\/es\/wp-json\/wp\/v2\/pages\/1415","targetHints":{"allow":["GET"]}}],"collection":[{"href":"https:\/\/www.powerjet-machinery.com\/es\/wp-json\/wp\/v2\/pages"}],"about":[{"href":"https:\/\/www.powerjet-machinery.com\/es\/wp-json\/wp\/v2\/types\/page"}],"author":[{"embeddable":true,"href":"https:\/\/www.powerjet-machinery.com\/es\/wp-json\/wp\/v2\/users\/1"}],"replies":[{"embeddable":true,"href":"https:\/\/www.powerjet-machinery.com\/es\/wp-json\/wp\/v2\/comments?post=1415"}],"version-history":[{"count":1,"href":"https:\/\/www.powerjet-machinery.com\/es\/wp-json\/wp\/v2\/pages\/1415\/revisions"}],"predecessor-version":[{"id":1416,"href":"https:\/\/www.powerjet-machinery.com\/es\/wp-json\/wp\/v2\/pages\/1415\/revisions\/1416"}],"wp:attachment":[{"href":"https:\/\/www.powerjet-machinery.com\/es\/wp-json\/wp\/v2\/media?parent=1415"}],"curies":[{"name":"wp","href":"https:\/\/api.w.org\/{rel}","templated":true}]}}