{"id":1404,"date":"2016-09-02T06:11:06","date_gmt":"2016-09-02T06:11:06","guid":{"rendered":"https:\/\/www.powerjet-machinery.com\/es\/?page_id=1404"},"modified":"2016-09-02T06:11:06","modified_gmt":"2016-09-02T06:11:06","slug":"sobre-nosotros","status":"publish","type":"page","link":"https:\/\/www.powerjet-machinery.com\/es\/sobre-nosotros\/","title":{"rendered":"Sobre nosotros"},"content":{"rendered":"<p><img loading=\"lazy\" decoding=\"async\" src=\"https:\/\/www.powerjet-machinery.com\/wp-content\/uploads\/2016\/05\/Glance-of-Powerjet-Factory.jpg\" alt=\"Glance of Powerjet Plastic Machinery Factory\" width=\"1633\" height=\"665\" class=\"aligncenter size-full wp-image-698\" srcset=\"https:\/\/www.powerjet-machinery.com\/wp-content\/uploads\/2016\/05\/Glance-of-Powerjet-Factory.jpg 1633w, https:\/\/www.powerjet-machinery.com\/wp-content\/uploads\/2016\/05\/Glance-of-Powerjet-Factory-300x122.jpg 300w, https:\/\/www.powerjet-machinery.com\/wp-content\/uploads\/2016\/05\/Glance-of-Powerjet-Factory-768x313.jpg 768w, https:\/\/www.powerjet-machinery.com\/wp-content\/uploads\/2016\/05\/Glance-of-Powerjet-Factory-1024x417.jpg 1024w\" sizes=\"auto, (max-width: 1633px) 100vw, 1633px\" \/><\/p>\n<p><strong>Powerjet Plastic Machinery Co.,Ltd<\/strong> &#8211; la gran <a href=\"https:\/\/www.powerjet-machinery.com\/\" target=\"_blank\">fabricante profesional<\/a> de <a href=\"https:\/\/www.powerjet-machinery.com\/plastic-injection-molding-machines\/\" target=\"_blank\">m\u00e1quina de moldeo por inyecci\u00f3n<\/a> &amp; <a href=\"https:\/\/www.powerjet-machinery.com\/plastic-molding-machines\/automatic-hot-filled-pet-stretch-blow-molding-machine\/\" target=\"_blank\">m\u00e1quina de moldeo por soplado y estirado<\/a> and <a href=\"https:\/\/www.powerjet-machinery.com\/plastic-molding-machines\/1-liter-automatic-extrusion-blow-molding-machines\/\" target=\"_blank\">extrusi\u00f3n m\u00e1quina de soplado<\/a>. Fundada en 1999, Powerjet Plastic Machinery Co., Ltd se localiza en el parque industrial de Nanhai en Foshan Guangdong China. Ocupando una superficie de 30.000 metros cuadrados. Los equipos avanzados como CNC importados de Mitsubishi, Okuma, Doosan se introducen en la producci\u00f3n.<\/p>\n<p>Powerjet tiene un gran n\u00famero de expertos en la industria y la gesti\u00f3n de maquinaria de pl\u00e1stico que tienen el profundo estudio y la comprensi\u00f3n de la necesidades de los clientes, mercado, tecnolog\u00eda de la m\u00e1quina y el desarrollo de la industria. El equipo profesional logra varias ventajas de las m\u00e1quinas de pl\u00e1stico Powerjet &#8220;de ahorro de energ\u00eda, de alto rendimiento, alta velocidad, precisi\u00f3n&#8221;. Los principales productos de m\u00e1quinas de moldeo por inyecci\u00f3n de pl\u00e1stico V6 \/ S6 ahorrar energ\u00eda de la energ\u00eda alrededor del 25% &#8211; 60%, que son costo-beneficio significativamente. Tambi\u00e9n nos centramos en el desarrollo de m\u00e1quinas especiales seg\u00fan las necesidades de los clientes, como las m\u00e1quinas para preformas de PET, PVC \/ apropiado peste de peque\u00f1os rumiantes, productos de paredes delgadas, de silicona, baquelita, y los productos de m\u00faltiples materiales, tambi\u00e9n proporcionan los proyectos llave en mano para los clientes .<br \/>\nGracias a la mejora continua, nos estamos convirtiendo r\u00e1pidamente. Powerjet toma filosof\u00eda empresarial &#8220;centrada en el cliente&#8221; y construye la estrategia de marca a largo plazo para proporcionar mejores servicios para los clientes de todo el mundo.<\/p>\n<p>Ocupando una superficie de 100.000 metros cuadrados, el Sanshui base de producci\u00f3n de nueva construcci\u00f3n en marcha de Powerjet ha sido puesto en funcionamiento. Es un completamente nuevo comienzo para Powerjet satisfacer a los clientes!<\/p>\n","protected":false},"excerpt":{"rendered":"<p>Powerjet Plastic Machinery Co.,Ltd &#8211; la gran fabricante profesional de m\u00e1quina de moldeo por inyecci\u00f3n &amp; m\u00e1quina de moldeo por soplado y estirado and extrusi\u00f3n m\u00e1quina de soplado. Fundada en 1999, Powerjet Plastic Machinery Co., Ltd se localiza en el parque industrial de Nanhai en Foshan Guangdong China. Ocupando una [&hellip;]<\/p>\n","protected":false},"author":1,"featured_media":0,"parent":0,"menu_order":0,"comment_status":"closed","ping_status":"closed","template":"page-FullWidth.php","meta":{"nf_dc_page":"","footnotes":""},"class_list":["post-1404","page","type-page","status-publish","hentry"],"yoast_head":"<!-- This site is optimized with the Yoast SEO plugin v27.4 - https:\/\/yoast.com\/product\/yoast-seo-wordpress\/ -->\n<title>Sobre nosotros - Powerjet Plastic Machinery<\/title>\n<meta name=\"robots\" content=\"index, follow, max-snippet:-1, max-image-preview:large, max-video-preview:-1\" \/>\n<link rel=\"canonical\" href=\"https:\/\/www.powerjet-machinery.com\/es\/sobre-nosotros\/\" \/>\n<meta property=\"og:locale\" content=\"es_ES\" \/>\n<meta property=\"og:type\" content=\"article\" \/>\n<meta property=\"og:title\" content=\"Sobre nosotros - Powerjet Plastic Machinery\" \/>\n<meta property=\"og:description\" content=\"Powerjet Plastic Machinery Co.,Ltd &#8211; la gran fabricante profesional de m\u00e1quina de moldeo por inyecci\u00f3n &amp; m\u00e1quina de moldeo por soplado y estirado and extrusi\u00f3n m\u00e1quina de soplado. Fundada en 1999, Powerjet Plastic Machinery Co., Ltd se localiza en el parque industrial de Nanhai en Foshan Guangdong China. Ocupando una [&hellip;]\" \/>\n<meta property=\"og:url\" content=\"https:\/\/www.powerjet-machinery.com\/es\/sobre-nosotros\/\" \/>\n<meta property=\"og:site_name\" content=\"Powerjet Plastic Machinery\" \/>\n<meta property=\"og:image\" content=\"https:\/\/www.powerjet-machinery.com\/wp-content\/uploads\/2016\/05\/Glance-of-Powerjet-Factory.jpg\" \/>\n<meta name=\"twitter:card\" content=\"summary_large_image\" \/>\n<meta name=\"twitter:label1\" content=\"Tiempo de lectura\" \/>\n\t<meta name=\"twitter:data1\" content=\"2 minutos\" \/>\n<script type=\"application\/ld+json\" class=\"yoast-schema-graph\">{\"@context\":\"https:\\\/\\\/schema.org\",\"@graph\":[{\"@type\":\"WebPage\",\"@id\":\"https:\\\/\\\/www.powerjet-machinery.com\\\/es\\\/sobre-nosotros\\\/\",\"url\":\"https:\\\/\\\/www.powerjet-machinery.com\\\/es\\\/sobre-nosotros\\\/\",\"name\":\"Sobre nosotros - Powerjet Plastic Machinery\",\"isPartOf\":{\"@id\":\"https:\\\/\\\/www.powerjet-machinery.com\\\/#website\"},\"primaryImageOfPage\":{\"@id\":\"https:\\\/\\\/www.powerjet-machinery.com\\\/es\\\/sobre-nosotros\\\/#primaryimage\"},\"image\":{\"@id\":\"https:\\\/\\\/www.powerjet-machinery.com\\\/es\\\/sobre-nosotros\\\/#primaryimage\"},\"thumbnailUrl\":\"https:\\\/\\\/www.powerjet-machinery.com\\\/wp-content\\\/uploads\\\/2016\\\/05\\\/Glance-of-Powerjet-Factory.jpg\",\"datePublished\":\"2016-09-02T06:11:06+00:00\",\"breadcrumb\":{\"@id\":\"https:\\\/\\\/www.powerjet-machinery.com\\\/es\\\/sobre-nosotros\\\/#breadcrumb\"},\"inLanguage\":\"es\",\"potentialAction\":[{\"@type\":\"ReadAction\",\"target\":[\"https:\\\/\\\/www.powerjet-machinery.com\\\/es\\\/sobre-nosotros\\\/\"]}]},{\"@type\":\"ImageObject\",\"inLanguage\":\"es\",\"@id\":\"https:\\\/\\\/www.powerjet-machinery.com\\\/es\\\/sobre-nosotros\\\/#primaryimage\",\"url\":\"https:\\\/\\\/www.powerjet-machinery.com\\\/wp-content\\\/uploads\\\/2016\\\/05\\\/Glance-of-Powerjet-Factory.jpg\",\"contentUrl\":\"https:\\\/\\\/www.powerjet-machinery.com\\\/wp-content\\\/uploads\\\/2016\\\/05\\\/Glance-of-Powerjet-Factory.jpg\"},{\"@type\":\"BreadcrumbList\",\"@id\":\"https:\\\/\\\/www.powerjet-machinery.com\\\/es\\\/sobre-nosotros\\\/#breadcrumb\",\"itemListElement\":[{\"@type\":\"ListItem\",\"position\":1,\"name\":\"Home\",\"item\":\"https:\\\/\\\/www.powerjet-machinery.com\\\/es\\\/\"},{\"@type\":\"ListItem\",\"position\":2,\"name\":\"Sobre nosotros\"}]},{\"@type\":\"WebSite\",\"@id\":\"https:\\\/\\\/www.powerjet-machinery.com\\\/#website\",\"url\":\"https:\\\/\\\/www.powerjet-machinery.com\\\/\",\"name\":\"Powerjet Plastic Machinery\",\"description\":\"\",\"potentialAction\":[{\"@type\":\"SearchAction\",\"target\":{\"@type\":\"EntryPoint\",\"urlTemplate\":\"https:\\\/\\\/www.powerjet-machinery.com\\\/?s={search_term_string}\"},\"query-input\":{\"@type\":\"PropertyValueSpecification\",\"valueRequired\":true,\"valueName\":\"search_term_string\"}}],\"inLanguage\":\"es\"}]}<\/script>\n<!-- \/ Yoast SEO plugin. -->","yoast_head_json":{"title":"Sobre nosotros - Powerjet Plastic Machinery","robots":{"index":"index","follow":"follow","max-snippet":"max-snippet:-1","max-image-preview":"max-image-preview:large","max-video-preview":"max-video-preview:-1"},"canonical":"https:\/\/www.powerjet-machinery.com\/es\/sobre-nosotros\/","og_locale":"es_ES","og_type":"article","og_title":"Sobre nosotros - Powerjet Plastic Machinery","og_description":"Powerjet Plastic Machinery Co.,Ltd &#8211; la gran fabricante profesional de m\u00e1quina de moldeo por inyecci\u00f3n &amp; m\u00e1quina de moldeo por soplado y estirado and extrusi\u00f3n m\u00e1quina de soplado. Fundada en 1999, Powerjet Plastic Machinery Co., Ltd se localiza en el parque industrial de Nanhai en Foshan Guangdong China. Ocupando una [&hellip;]","og_url":"https:\/\/www.powerjet-machinery.com\/es\/sobre-nosotros\/","og_site_name":"Powerjet Plastic Machinery","og_image":[{"url":"https:\/\/www.powerjet-machinery.com\/wp-content\/uploads\/2016\/05\/Glance-of-Powerjet-Factory.jpg","type":"","width":"","height":""}],"twitter_card":"summary_large_image","twitter_misc":{"Tiempo de lectura":"2 minutos"},"schema":{"@context":"https:\/\/schema.org","@graph":[{"@type":"WebPage","@id":"https:\/\/www.powerjet-machinery.com\/es\/sobre-nosotros\/","url":"https:\/\/www.powerjet-machinery.com\/es\/sobre-nosotros\/","name":"Sobre nosotros - Powerjet Plastic Machinery","isPartOf":{"@id":"https:\/\/www.powerjet-machinery.com\/#website"},"primaryImageOfPage":{"@id":"https:\/\/www.powerjet-machinery.com\/es\/sobre-nosotros\/#primaryimage"},"image":{"@id":"https:\/\/www.powerjet-machinery.com\/es\/sobre-nosotros\/#primaryimage"},"thumbnailUrl":"https:\/\/www.powerjet-machinery.com\/wp-content\/uploads\/2016\/05\/Glance-of-Powerjet-Factory.jpg","datePublished":"2016-09-02T06:11:06+00:00","breadcrumb":{"@id":"https:\/\/www.powerjet-machinery.com\/es\/sobre-nosotros\/#breadcrumb"},"inLanguage":"es","potentialAction":[{"@type":"ReadAction","target":["https:\/\/www.powerjet-machinery.com\/es\/sobre-nosotros\/"]}]},{"@type":"ImageObject","inLanguage":"es","@id":"https:\/\/www.powerjet-machinery.com\/es\/sobre-nosotros\/#primaryimage","url":"https:\/\/www.powerjet-machinery.com\/wp-content\/uploads\/2016\/05\/Glance-of-Powerjet-Factory.jpg","contentUrl":"https:\/\/www.powerjet-machinery.com\/wp-content\/uploads\/2016\/05\/Glance-of-Powerjet-Factory.jpg"},{"@type":"BreadcrumbList","@id":"https:\/\/www.powerjet-machinery.com\/es\/sobre-nosotros\/#breadcrumb","itemListElement":[{"@type":"ListItem","position":1,"name":"Home","item":"https:\/\/www.powerjet-machinery.com\/es\/"},{"@type":"ListItem","position":2,"name":"Sobre nosotros"}]},{"@type":"WebSite","@id":"https:\/\/www.powerjet-machinery.com\/#website","url":"https:\/\/www.powerjet-machinery.com\/","name":"Powerjet Plastic Machinery","description":"","potentialAction":[{"@type":"SearchAction","target":{"@type":"EntryPoint","urlTemplate":"https:\/\/www.powerjet-machinery.com\/?s={search_term_string}"},"query-input":{"@type":"PropertyValueSpecification","valueRequired":true,"valueName":"search_term_string"}}],"inLanguage":"es"}]}},"_links":{"self":[{"href":"https:\/\/www.powerjet-machinery.com\/es\/wp-json\/wp\/v2\/pages\/1404","targetHints":{"allow":["GET"]}}],"collection":[{"href":"https:\/\/www.powerjet-machinery.com\/es\/wp-json\/wp\/v2\/pages"}],"about":[{"href":"https:\/\/www.powerjet-machinery.com\/es\/wp-json\/wp\/v2\/types\/page"}],"author":[{"embeddable":true,"href":"https:\/\/www.powerjet-machinery.com\/es\/wp-json\/wp\/v2\/users\/1"}],"replies":[{"embeddable":true,"href":"https:\/\/www.powerjet-machinery.com\/es\/wp-json\/wp\/v2\/comments?post=1404"}],"version-history":[{"count":1,"href":"https:\/\/www.powerjet-machinery.com\/es\/wp-json\/wp\/v2\/pages\/1404\/revisions"}],"predecessor-version":[{"id":1405,"href":"https:\/\/www.powerjet-machinery.com\/es\/wp-json\/wp\/v2\/pages\/1404\/revisions\/1405"}],"wp:attachment":[{"href":"https:\/\/www.powerjet-machinery.com\/es\/wp-json\/wp\/v2\/media?parent=1404"}],"curies":[{"name":"wp","href":"https:\/\/api.w.org\/{rel}","templated":true}]}}