{"id":1375,"date":"2016-08-31T14:42:41","date_gmt":"2016-08-31T14:42:41","guid":{"rendered":"https:\/\/www.powerjet-machinery.com\/es\/?page_id=1375"},"modified":"2016-08-31T14:42:41","modified_gmt":"2016-08-31T14:42:41","slug":"casa","status":"publish","type":"page","link":"https:\/\/www.powerjet-machinery.com\/es\/","title":{"rendered":"Casa"},"content":{"rendered":"<div style=\"margin-top: -32px !important;\"><\/div>\n            <style type=\"text\/css\">\r\n                #content-block-background-1819 { background-image: url(); background-position: center top; background-repeat: no-repeat; background-color: #FAFAFA; background-attachment: fixed; background-size: auto; }\r\n                #content-block-body-1819 { padding: 50px 0; color: inherit; }\r\n                .content-block-body { margin-left: auto; margin-right: auto; position: relative; }\r\n            <\/style>\r\n                <style type=\"text\/css\">\r\n                    #wrapper-1 { overflow-x: hidden; }\r\n                    #content-block-background-1819 { margin: 0 -10000px; padding: 0 10000px; }\r\n                <\/style>\r\n            \r\n                \r\n            <div class=\"clear\"><\/div>\r\n            <div id=\"content-block-background-1819\" class=\"content-block-background class-name\">\r\n                <div id=\"content-block-body-1819\" class=\"content-block-body\">\r\n                    <div class=\"clear\"><\/div>\r\n                    \n    <div class=\"one_half\">\n<h3 style=\"color: #333; margin-top: 20px; font-size: 28px !important; font-weight: bold;\">sobre Powerjet<\/h3>\n<h5>\n<strong>Powerjet Plastic Machinery Co., Ltd<\/strong>  es uno de los m\u00e1s grandes <span style=\"color: #f95a09;\"> fabricante de pl\u00e1stico M\u00e1quinas de moldeo <\/span> en China. Con la gama de productos de m\u00e1quinas de moldeo por inyecci\u00f3n, moldeo por soplado y estirado m\u00e1quinas, m\u00e1quinas de moldeo por soplado de extrusi\u00f3n y otras m\u00e1quinas de moldeo por inyecci\u00f3n dedicadas para diferentes aplicaciones.<\/p>\n<p>Powerjet se estableci\u00f3 en 1999 en la provincia de Guangdong y ha crecido r\u00e1pidamente para convertirse en una de las <span style=\"color: #f95a09;\">el primer exportador en la industria de maquinaria de pl\u00e1stico<\/span>.<\/p>\n<p>m\u00e1quinas de pl\u00e1stico Powerjet tiene las caracter\u00edsticas <span style=\"color: #f95a09;\">De ahorro de energ\u00eda, alto rendimiento, alta velocidad, precisi\u00f3n <\/ span>. 65% de nuestras m\u00e1quinas exporta a m\u00e1s de 45 pa\u00edses en todo el mundo, como la India, Vietnam, Tailandia, Camboya, Bengala, Indonesia, Malasia, Argentina, Brasil, M\u00e9xico, los Estados Unidos, el Reino Unido, Turqu\u00eda, Rusia &#8230;.. mientras que el resto se vende en china.<\/p>\n<h5>\n<div class=\"align-btn-center\"><a class=\"flat-custom-button\" href=\"https:\/\/www.powerjet-machinery.com\/about-powerjet\" title=\"ir a la p\u00e1gina de introducci\u00f3n de maquinaria de pl\u00e1stico PowerJet\" target=\"_blank\"><span style=\"padding:15px 25px; background-color:transparent; border:1px solid #000000; color:#000000; font-size:13px;\">LEE MAS...<\/span><\/a><\/div>\n    <\/div>\n<div class=\"one_half last_column\">\n<iframe loading=\"lazy\" width=\"560\" height=\"315\" src=\"https:\/\/www.youtube.com\/embed\/oiSHZ4eiU8U\" frameborder=\"0\" allowfullscreen><\/iframe><br \/>\n    <\/div>\n                    <div class=\"clear\"><\/div>\r\n                <\/div>\r\n            <\/div>\r\n            <div class=\"clear\"><\/div>\r\n\n<div style=\"margin-top: -22px !important;\"><\/div>\n            <style type=\"text\/css\">\r\n                #content-block-background-1029 { background-image: url(https:\/\/www.powerjet-machinery.com\/wp-content\/uploads\/2016\/04\/1000Ton-plastic-injection-molding-machine.jpg); background-position: center; background-repeat: no-repeat; background-color: #000; background-attachment: fixed; background-size: cover; }\r\n                #content-block-body-1029 { padding: 35px 0 85px; color: #FFFFFF; }\r\n                .content-block-body { margin-left: auto; margin-right: auto; position: relative; }\r\n            <\/style>\r\n                <style type=\"text\/css\">\r\n                    #wrapper-1 { overflow-x: hidden; }\r\n                    #content-block-background-1029 { margin: 0 -10000px; padding: 0 10000px; }\r\n                <\/style>\r\n            \r\n                \r\n            <div class=\"clear\"><\/div>\r\n            <div id=\"content-block-background-1029\" class=\"content-block-background \">\r\n                <div id=\"content-block-body-1029\" class=\"content-block-body\">\r\n                    <div class=\"clear\"><\/div>\r\n                    \n<div id=\"responsive\" style=\"text-align: center;\">\n<h4 style=\"margin-bottom: 45px;\"><span style=\"font-size: 36px; color: #ffffff; line-height: 1.2; font-weight: bold;\">\u00danete a m\u00e1s de <span style=\"color: #fd7800;\">10,000+<\/span> usuarios!<\/span><\/h4>\n<h5>\n<div style=\"text-align: center; margin-top: 5px;\"><a href=\"https:\/\/www.powerjet-machinery.com\/plastic-molding-machines\/\"><span style=\"font-size: 20px;\">Serie BJ &#8211; Est\u00e1ndar V de la bomba y servo motor M\u00e1quinas<\/span><\/a><\/div>\n<div style=\"text-align: center; margin-top: 5px;\"><a href=\"https:\/\/www.powerjet-machinery.com\/plastic-molding-machines\/\"><span style=\"font-size: 20px;\">Serie K &#8211; M\u00e1quinas de inyecci\u00f3n de alta velocidad de ahorro de energ\u00eda<\/span><\/a><\/div>\n<div style=\"text-align: center; margin-top: 5px;\"><a href=\"https:\/\/www.powerjet-machinery.com\/plastic-molding-machines\/\"><span style=\"font-size: 20px;\">Serie KF &#8211; m\u00e1quinas de inyecci\u00f3n de alta velocidad para que los productos de paredes delgadas<\/span><\/a><\/div>\n<div style=\"text-align: center; margin-top: 5px;\"><a href=\"https:\/\/www.powerjet-machinery.com\/plastic-molding-machines\/\"><span style=\"font-size: 20px;\">Serie KE &#8211; Soluci\u00f3n especial para instrumentos m\u00e9dicos<\/span><\/a><\/div>\n<div style=\"text-align: center; margin-top: 5px;\"><a href=\"https:\/\/www.powerjet-machinery.com\/plastic-molding-machines\/\"><span style=\"font-size: 20px;\">Serie IBM &#8211; Inyecci\u00f3n y soplado 2 en 1 m\u00e1quina de moldeado<\/span><\/a><\/div>\n<div style=\"text-align: center; margin-top: 5px;\"><a href=\"https:\/\/www.powerjet-machinery.com\/plastic-molding-machines\/\"><span style=\"font-size: 20px;\">Serie BJM &#8211; Multi-color de inyecci\u00f3n de pl\u00e1stico m\u00e1quinas de moldeo<\/span><\/a><\/div>\n<div style=\"text-align: center; margin-top: 5px;\"><a href=\"https:\/\/www.powerjet-machinery.com\/plastic-molding-machines\/\"><span style=\"font-size: 20px;\">Serie PET &#8211; inyecci\u00f3n de preformas m\u00e1quina de moldeo<\/span><\/a><\/div>\n<div style=\"text-align: center; margin-top: 5px;\"><a href=\"https:\/\/www.powerjet-machinery.com\/plastic-molding-machines\/\"><span style=\"font-size: 20px;\">HPET serie &#8211; alta velocidad Sistema de inyecci\u00f3n de preformas<\/span><\/a><\/div>\n<div style=\"text-align: center; margin-top: 5px;\"><a href=\"https:\/\/www.powerjet-machinery.com\/plastic-molding-machines\/\"><span style=\"font-size: 20px;\">Serie IS &#8211; Productos de silicona Inyectoras de plastico<\/span><\/a><\/div>\n<div style=\"text-align: center; margin-top: 5px;\"><a href=\"https:\/\/www.powerjet-machinery.com\/plastic-molding-machines\/\"><span style=\"font-size: 20px;\">  Serie de PVC &#8211; M\u00e1quina de moldeo por inyecci\u00f3n de PVC \/ PPR Guarniciones<\/span><\/a><\/div>\n<\/h5>\n<\/div>\n                    <div class=\"clear\"><\/div>\r\n                <\/div>\r\n            <\/div>\r\n            <div class=\"clear\"><\/div>\r\n\n<div style=\"text-align: center;\">\n<h4 style=\"margin-bottom: 15px;\"><span style=\"font-size: 36px; color: #444444; line-height: 1.2; font-weight:bold;\">Nuestros socios estrat\u00e9gicos<\/span><\/h4>\n<h5 style=\"margin-bottom: 15px;\"><span style=\"font-size: 20px; color: #777777; line-height: 1.5;\">Powejet trabaja estrechamente con muchos de los principales proveedores de la industria pl\u00e1stica. <\/span><\/h5>\n<\/p><\/div>\n<p> <img decoding=\"async\" src=\"https:\/\/www.powerjet-machinery.com\/wp-content\/uploads\/2016\/05\/Strategic-partmers-with-branded-suppliers-in-machinery-electronics-industry-and-hydraulic-systems.jpg\" alt=\"socios estrat\u00e9gicos con proveedores de marca en maquinaria, industria electr\u00f3nica y sistemas hidr\u00e1ulicos\" \/><br \/>\n            <style type=\"text\/css\">\r\n                #content-block-background-1372 { background-image: url(); background-position: center bottom; background-repeat: repeat-x; background-color: #eee; background-attachment: scroll; background-size: auto; }\r\n                #content-block-body-1372 { padding: 25px 0 60px; color: ; }\r\n                .content-block-body { margin-left: auto; margin-right: auto; position: relative; }\r\n            <\/style>\r\n                <style type=\"text\/css\">\r\n                    #wrapper-1 { overflow-x: hidden; }\r\n                    #content-block-background-1372 { margin: 0 -10000px; padding: 0 10000px; }\r\n                <\/style>\r\n            \r\n                \r\n            <div class=\"clear\"><\/div>\r\n            <div id=\"content-block-background-1372\" class=\"content-block-background \">\r\n                <div id=\"content-block-body-1372\" class=\"content-block-body\">\r\n                    <div class=\"clear\"><\/div>\r\n                    \n<div class=\"one_half\">\n<div class=\"widget widget_latest_posts\"><h3 class=\"widgettitle\">How &amp; What`s<\/h3><\/div>\n<\/div>\n<div class=\"one_half last_column\">\n<div class=\"widget widget_latest_posts\"><h3 class=\"widgettitle\">Exhibition News<\/h3><\/div>\n<\/div>\n                    <div class=\"clear\"><\/div>\r\n                <\/div>\r\n            <\/div>\r\n            <div class=\"clear\"><\/div>\r\n\n<div style=\"margin-bottom: -55px;\">\n<\/div>\n","protected":false},"excerpt":{"rendered":"<p>Nuestros socios estrat\u00e9gicos Powejet trabaja estrechamente con muchos de los principales proveedores de la industria pl\u00e1stica.<\/p>\n","protected":false},"author":1,"featured_media":0,"parent":0,"menu_order":1,"comment_status":"closed","ping_status":"closed","template":"page-FullWidth.php","meta":{"nf_dc_page":"","footnotes":""},"class_list":["post-1375","page","type-page","status-publish","hentry"],"yoast_head":"<!-- This site is optimized with the Yoast SEO plugin v27.4 - https:\/\/yoast.com\/product\/yoast-seo-wordpress\/ -->\n<title>Casa - Powerjet Plastic Machinery<\/title>\n<meta name=\"robots\" content=\"index, follow, max-snippet:-1, max-image-preview:large, max-video-preview:-1\" \/>\n<link rel=\"canonical\" href=\"https:\/\/www.powerjet-machinery.com\/es\/\" \/>\n<meta property=\"og:locale\" content=\"es_ES\" \/>\n<meta property=\"og:type\" content=\"article\" \/>\n<meta property=\"og:title\" content=\"Casa - Powerjet Plastic Machinery\" \/>\n<meta property=\"og:description\" content=\"Nuestros socios estrat\u00e9gicos Powejet trabaja estrechamente con muchos de los principales proveedores de la industria pl\u00e1stica.\" \/>\n<meta property=\"og:url\" content=\"https:\/\/www.powerjet-machinery.com\/es\/\" \/>\n<meta property=\"og:site_name\" content=\"Powerjet Plastic Machinery\" \/>\n<meta property=\"og:image\" content=\"https:\/\/www.powerjet-machinery.com\/wp-content\/uploads\/2016\/05\/Strategic-partmers-with-branded-suppliers-in-machinery-electronics-industry-and-hydraulic-systems.jpg\" \/>\n<meta name=\"twitter:card\" content=\"summary_large_image\" \/>\n<meta name=\"twitter:label1\" content=\"Tiempo de lectura\" \/>\n\t<meta name=\"twitter:data1\" content=\"3 minutos\" \/>\n<script type=\"application\/ld+json\" class=\"yoast-schema-graph\">{\"@context\":\"https:\\\/\\\/schema.org\",\"@graph\":[{\"@type\":\"WebPage\",\"@id\":\"https:\\\/\\\/www.powerjet-machinery.com\\\/es\\\/\",\"url\":\"https:\\\/\\\/www.powerjet-machinery.com\\\/es\\\/\",\"name\":\"Casa - Powerjet Plastic Machinery\",\"isPartOf\":{\"@id\":\"https:\\\/\\\/www.powerjet-machinery.com\\\/#website\"},\"primaryImageOfPage\":{\"@id\":\"https:\\\/\\\/www.powerjet-machinery.com\\\/es\\\/#primaryimage\"},\"image\":{\"@id\":\"https:\\\/\\\/www.powerjet-machinery.com\\\/es\\\/#primaryimage\"},\"thumbnailUrl\":\"https:\\\/\\\/www.powerjet-machinery.com\\\/wp-content\\\/uploads\\\/2016\\\/05\\\/Strategic-partmers-with-branded-suppliers-in-machinery-electronics-industry-and-hydraulic-systems.jpg\",\"datePublished\":\"2016-08-31T14:42:41+00:00\",\"breadcrumb\":{\"@id\":\"https:\\\/\\\/www.powerjet-machinery.com\\\/es\\\/#breadcrumb\"},\"inLanguage\":\"es\",\"potentialAction\":[{\"@type\":\"ReadAction\",\"target\":[\"https:\\\/\\\/www.powerjet-machinery.com\\\/es\\\/\"]}]},{\"@type\":\"ImageObject\",\"inLanguage\":\"es\",\"@id\":\"https:\\\/\\\/www.powerjet-machinery.com\\\/es\\\/#primaryimage\",\"url\":\"https:\\\/\\\/www.powerjet-machinery.com\\\/wp-content\\\/uploads\\\/2016\\\/05\\\/Strategic-partmers-with-branded-suppliers-in-machinery-electronics-industry-and-hydraulic-systems.jpg\",\"contentUrl\":\"https:\\\/\\\/www.powerjet-machinery.com\\\/wp-content\\\/uploads\\\/2016\\\/05\\\/Strategic-partmers-with-branded-suppliers-in-machinery-electronics-industry-and-hydraulic-systems.jpg\"},{\"@type\":\"BreadcrumbList\",\"@id\":\"https:\\\/\\\/www.powerjet-machinery.com\\\/es\\\/#breadcrumb\",\"itemListElement\":[{\"@type\":\"ListItem\",\"position\":1,\"name\":\"Home\",\"item\":\"https:\\\/\\\/www.powerjet-machinery.com\\\/es\\\/\"},{\"@type\":\"ListItem\",\"position\":2,\"name\":\"Casa\"}]},{\"@type\":\"WebSite\",\"@id\":\"https:\\\/\\\/www.powerjet-machinery.com\\\/#website\",\"url\":\"https:\\\/\\\/www.powerjet-machinery.com\\\/\",\"name\":\"Powerjet Plastic Machinery\",\"description\":\"\",\"potentialAction\":[{\"@type\":\"SearchAction\",\"target\":{\"@type\":\"EntryPoint\",\"urlTemplate\":\"https:\\\/\\\/www.powerjet-machinery.com\\\/?s={search_term_string}\"},\"query-input\":{\"@type\":\"PropertyValueSpecification\",\"valueRequired\":true,\"valueName\":\"search_term_string\"}}],\"inLanguage\":\"es\"}]}<\/script>\n<!-- \/ Yoast SEO plugin. -->","yoast_head_json":{"title":"Casa - Powerjet Plastic Machinery","robots":{"index":"index","follow":"follow","max-snippet":"max-snippet:-1","max-image-preview":"max-image-preview:large","max-video-preview":"max-video-preview:-1"},"canonical":"https:\/\/www.powerjet-machinery.com\/es\/","og_locale":"es_ES","og_type":"article","og_title":"Casa - Powerjet Plastic Machinery","og_description":"Nuestros socios estrat\u00e9gicos Powejet trabaja estrechamente con muchos de los principales proveedores de la industria pl\u00e1stica.","og_url":"https:\/\/www.powerjet-machinery.com\/es\/","og_site_name":"Powerjet Plastic Machinery","og_image":[{"url":"https:\/\/www.powerjet-machinery.com\/wp-content\/uploads\/2016\/05\/Strategic-partmers-with-branded-suppliers-in-machinery-electronics-industry-and-hydraulic-systems.jpg","type":"","width":"","height":""}],"twitter_card":"summary_large_image","twitter_misc":{"Tiempo de lectura":"3 minutos"},"schema":{"@context":"https:\/\/schema.org","@graph":[{"@type":"WebPage","@id":"https:\/\/www.powerjet-machinery.com\/es\/","url":"https:\/\/www.powerjet-machinery.com\/es\/","name":"Casa - Powerjet Plastic Machinery","isPartOf":{"@id":"https:\/\/www.powerjet-machinery.com\/#website"},"primaryImageOfPage":{"@id":"https:\/\/www.powerjet-machinery.com\/es\/#primaryimage"},"image":{"@id":"https:\/\/www.powerjet-machinery.com\/es\/#primaryimage"},"thumbnailUrl":"https:\/\/www.powerjet-machinery.com\/wp-content\/uploads\/2016\/05\/Strategic-partmers-with-branded-suppliers-in-machinery-electronics-industry-and-hydraulic-systems.jpg","datePublished":"2016-08-31T14:42:41+00:00","breadcrumb":{"@id":"https:\/\/www.powerjet-machinery.com\/es\/#breadcrumb"},"inLanguage":"es","potentialAction":[{"@type":"ReadAction","target":["https:\/\/www.powerjet-machinery.com\/es\/"]}]},{"@type":"ImageObject","inLanguage":"es","@id":"https:\/\/www.powerjet-machinery.com\/es\/#primaryimage","url":"https:\/\/www.powerjet-machinery.com\/wp-content\/uploads\/2016\/05\/Strategic-partmers-with-branded-suppliers-in-machinery-electronics-industry-and-hydraulic-systems.jpg","contentUrl":"https:\/\/www.powerjet-machinery.com\/wp-content\/uploads\/2016\/05\/Strategic-partmers-with-branded-suppliers-in-machinery-electronics-industry-and-hydraulic-systems.jpg"},{"@type":"BreadcrumbList","@id":"https:\/\/www.powerjet-machinery.com\/es\/#breadcrumb","itemListElement":[{"@type":"ListItem","position":1,"name":"Home","item":"https:\/\/www.powerjet-machinery.com\/es\/"},{"@type":"ListItem","position":2,"name":"Casa"}]},{"@type":"WebSite","@id":"https:\/\/www.powerjet-machinery.com\/#website","url":"https:\/\/www.powerjet-machinery.com\/","name":"Powerjet Plastic Machinery","description":"","potentialAction":[{"@type":"SearchAction","target":{"@type":"EntryPoint","urlTemplate":"https:\/\/www.powerjet-machinery.com\/?s={search_term_string}"},"query-input":{"@type":"PropertyValueSpecification","valueRequired":true,"valueName":"search_term_string"}}],"inLanguage":"es"}]}},"_links":{"self":[{"href":"https:\/\/www.powerjet-machinery.com\/es\/wp-json\/wp\/v2\/pages\/1375","targetHints":{"allow":["GET"]}}],"collection":[{"href":"https:\/\/www.powerjet-machinery.com\/es\/wp-json\/wp\/v2\/pages"}],"about":[{"href":"https:\/\/www.powerjet-machinery.com\/es\/wp-json\/wp\/v2\/types\/page"}],"author":[{"embeddable":true,"href":"https:\/\/www.powerjet-machinery.com\/es\/wp-json\/wp\/v2\/users\/1"}],"replies":[{"embeddable":true,"href":"https:\/\/www.powerjet-machinery.com\/es\/wp-json\/wp\/v2\/comments?post=1375"}],"version-history":[{"count":1,"href":"https:\/\/www.powerjet-machinery.com\/es\/wp-json\/wp\/v2\/pages\/1375\/revisions"}],"predecessor-version":[{"id":1378,"href":"https:\/\/www.powerjet-machinery.com\/es\/wp-json\/wp\/v2\/pages\/1375\/revisions\/1378"}],"wp:attachment":[{"href":"https:\/\/www.powerjet-machinery.com\/es\/wp-json\/wp\/v2\/media?parent=1375"}],"curies":[{"name":"wp","href":"https:\/\/api.w.org\/{rel}","templated":true}]}}