{"id":1371,"date":"2016-08-31T13:56:58","date_gmt":"2016-08-31T13:56:58","guid":{"rendered":"https:\/\/www.powerjet-machinery.com\/es\/?page_id=1371"},"modified":"2016-08-31T13:56:58","modified_gmt":"2016-08-31T13:56:58","slug":"compania-hhonor","status":"publish","type":"page","link":"https:\/\/www.powerjet-machinery.com\/es\/compania-hhonor\/","title":{"rendered":"compa\u00f1\u00eda Hhonor"},"content":{"rendered":"<h3 style=\"margin-bottom: 35px;\"><span style=\"font-size: 34px; color: #171d2d; line-height: 1.1; font-weight: bold;\">Company Honors<\/span><\/h3>\n<p>&nbsp;<br \/>\n<div class=\"one_half\">\n<p style=\"text-align: center;\">\n<img loading=\"lazy\" decoding=\"async\" class=\"aligncenter size-full wp-image-1224\" src=\"https:\/\/www.powerjet-machinery.com\/wp-content\/uploads\/2016\/07\/High-Technology-Machinery-Manufacturer.jpg\" alt=\"Maquinaria de alta tecnolog\u00eda del fabricante\" width=\"323\" height=\"211\" srcset=\"https:\/\/www.powerjet-machinery.com\/wp-content\/uploads\/2016\/07\/High-Technology-Machinery-Manufacturer.jpg 323w, https:\/\/www.powerjet-machinery.com\/wp-content\/uploads\/2016\/07\/High-Technology-Machinery-Manufacturer-300x196.jpg 300w\" sizes=\"auto, (max-width: 323px) 100vw, 323px\" \/><br \/>\nMaquinaria de alta tecnolog\u00eda del fabricante<\/p>\n<\/div>\n<div class=\"one_half last_column\">\n<p style=\"text-align: center;\">\n<img loading=\"lazy\" decoding=\"async\" class=\"aligncenter size-full wp-image-1225\" src=\"https:\/\/www.powerjet-machinery.com\/wp-content\/uploads\/2016\/07\/certificate-of-gaoxinjishuqiye-in-China.jpg\" alt=\"certificado de gaoxinjishuqiye in China\" width=\"323\" height=\"219\" srcset=\"https:\/\/www.powerjet-machinery.com\/wp-content\/uploads\/2016\/07\/certificate-of-gaoxinjishuqiye-in-China.jpg 323w, https:\/\/www.powerjet-machinery.com\/wp-content\/uploads\/2016\/07\/certificate-of-gaoxinjishuqiye-in-China-300x203.jpg 300w\" sizes=\"auto, (max-width: 323px) 100vw, 323px\" \/><br \/>\nCertificado de maquinaria de alta tecnolog\u00eda del fabricante\n<\/p>\n<\/div>\n<div class=\"divider\"><\/div>\n<div class=\"one_half\">\n<p style=\"text-align: center;\">\n<img loading=\"lazy\" decoding=\"async\" src=\"https:\/\/www.powerjet-machinery.com\/wp-content\/uploads\/2016\/07\/Member-of-China-Plastics-Machinery-IndustryAssociation.jpg\" alt=\"Miembro de la Asociaci\u00f3n de la Industria de Maquinaria de China Pl\u00e1sticos\" width=\"268\" height=\"340\" class=\"aligncenter size-full wp-image-1228\" srcset=\"https:\/\/www.powerjet-machinery.com\/wp-content\/uploads\/2016\/07\/Member-of-China-Plastics-Machinery-IndustryAssociation.jpg 268w, https:\/\/www.powerjet-machinery.com\/wp-content\/uploads\/2016\/07\/Member-of-China-Plastics-Machinery-IndustryAssociation-236x300.jpg 236w\" sizes=\"auto, (max-width: 268px) 100vw, 268px\" \/><br \/>\nMiembro de la Asociaci\u00f3n de la Industria de Maquinaria de China Pl\u00e1sticos<\/p>\n<\/div>\n<div class=\"one_half last_column\">\n<p style=\"text-align: center;\">\n<img loading=\"lazy\" decoding=\"async\" src=\"https:\/\/www.powerjet-machinery.com\/wp-content\/uploads\/2016\/07\/CE-Certificate-and-report.jpg\" alt=\"CE Certificado y del informe\" width=\"400\" height=\"401\" class=\"aligncenter size-full wp-image-1229\" \/><br \/>\nCE Certificado y del informe\n<\/p>\n<\/div>\n<div class=\"divider\"><\/div>\n<div class=\"one_half\">\n<p style=\"text-align: center;\">\n<img loading=\"lazy\" decoding=\"async\" src=\"https:\/\/www.powerjet-machinery.com\/wp-content\/uploads\/2016\/07\/Council-member-of-Guangdong-Plastics-Industry-Assocation.jpg\" alt=\"miembro del Consejo de Guangdong Asociaci\u00f3n de la Industria de Pl\u00e1sticos\" width=\"340\" height=\"239\" class=\"aligncenter size-full wp-image-1232\" srcset=\"https:\/\/www.powerjet-machinery.com\/wp-content\/uploads\/2016\/07\/Council-member-of-Guangdong-Plastics-Industry-Assocation.jpg 340w, https:\/\/www.powerjet-machinery.com\/wp-content\/uploads\/2016\/07\/Council-member-of-Guangdong-Plastics-Industry-Assocation-300x211.jpg 300w\" sizes=\"auto, (max-width: 340px) 100vw, 340px\" \/><br \/>\nCouncil member of Guangdong Plastics Industry Association<\/p>\n<\/div>\n<div class=\"one_half last_column\">\n<p style=\"text-align: center;\">\n<img loading=\"lazy\" decoding=\"async\" src=\"https:\/\/www.powerjet-machinery.com\/wp-content\/uploads\/2016\/07\/Council-member-of-Foshan-Plastics-Machinery-Equipment-Assocation.jpg\" alt=\"miembro del Consejo de la Asociaci\u00f3n de Equipos de Foshan Plastics Machinery\" width=\"340\" height=\"228\" class=\"aligncenter size-full wp-image-1233\" srcset=\"https:\/\/www.powerjet-machinery.com\/wp-content\/uploads\/2016\/07\/Council-member-of-Foshan-Plastics-Machinery-Equipment-Assocation.jpg 340w, https:\/\/www.powerjet-machinery.com\/wp-content\/uploads\/2016\/07\/Council-member-of-Foshan-Plastics-Machinery-Equipment-Assocation-300x201.jpg 300w\" sizes=\"auto, (max-width: 340px) 100vw, 340px\" \/><br \/>\nmiembro del Consejo de la Asociaci\u00f3n de Equipos de Foshan Plastics Machinery\n<\/p>\n<\/div>\n<div class=\"divider\"><\/div>\n<div class=\"one_half\">\n<p style=\"text-align: center;\">\n<img loading=\"lazy\" decoding=\"async\" src=\"https:\/\/www.powerjet-machinery.com\/wp-content\/uploads\/2016\/07\/Top-quality-member-of-Foshan-Quality-Management-Association.jpg\" alt=\"miembro superior calidad de Entidad de Gesti\u00f3n de Calidad de Foshan\" width=\"324\" height=\"231\" class=\"aligncenter size-full wp-image-1235\" srcset=\"https:\/\/www.powerjet-machinery.com\/wp-content\/uploads\/2016\/07\/Top-quality-member-of-Foshan-Quality-Management-Association.jpg 324w, https:\/\/www.powerjet-machinery.com\/wp-content\/uploads\/2016\/07\/Top-quality-member-of-Foshan-Quality-Management-Association-300x214.jpg 300w\" sizes=\"auto, (max-width: 324px) 100vw, 324px\" \/><br \/>\nmiembro superior calidad de Entidad de Gesti\u00f3n de Calidad de Foshan<\/p>\n<\/div>\n<div class=\"one_half last_column\">\n<p style=\"text-align: center;\">\n<img loading=\"lazy\" decoding=\"async\" src=\"https:\/\/www.powerjet-machinery.com\/wp-content\/uploads\/2016\/07\/Quality-Guarantee-Company-of-Foshan-Quality-Management-Association.jpg\" alt=\"Garant\u00eda de calidad de la empresa de la Asociaci\u00f3n de Gesti\u00f3n de Calidad de Foshan\" width=\"340\" height=\"240\" class=\"aligncenter size-full wp-image-1236\" srcset=\"https:\/\/www.powerjet-machinery.com\/wp-content\/uploads\/2016\/07\/Quality-Guarantee-Company-of-Foshan-Quality-Management-Association.jpg 340w, https:\/\/www.powerjet-machinery.com\/wp-content\/uploads\/2016\/07\/Quality-Guarantee-Company-of-Foshan-Quality-Management-Association-300x212.jpg 300w\" sizes=\"auto, (max-width: 340px) 100vw, 340px\" \/><br \/>\nGarant\u00eda de calidad de la empresa de la Asociaci\u00f3n de Gesti\u00f3n de Calidad de Foshan\n<\/p>\n<\/div>\n<div class=\"divider\"><\/div>\n<div class=\"one_half\">\n<p style=\"text-align: center;\">\n<img loading=\"lazy\" decoding=\"async\" src=\"https:\/\/www.powerjet-machinery.com\/wp-content\/uploads\/2016\/07\/Top-10-brand-of-food-packing-machines.jpg\" alt=\"Top 10 brand of food packing machines\" width=\"324\" height=\"235\" class=\"aligncenter size-full wp-image-1238\" srcset=\"https:\/\/www.powerjet-machinery.com\/wp-content\/uploads\/2016\/07\/Top-10-brand-of-food-packing-machines.jpg 324w, https:\/\/www.powerjet-machinery.com\/wp-content\/uploads\/2016\/07\/Top-10-brand-of-food-packing-machines-300x218.jpg 300w\" sizes=\"auto, (max-width: 324px) 100vw, 324px\" \/><br \/>\nLos 10 mejores marcas de maquinas de empaque de alimentos<\/p>\n<\/div>\n<div class=\"one_half last_column\">\n<p style=\"text-align: center;\">\n<img loading=\"lazy\" decoding=\"async\" src=\"https:\/\/www.powerjet-machinery.com\/wp-content\/uploads\/2016\/07\/Member-of-Foshan-Council-of-Trade-Unions.jpg\" alt=\"Miembro del Consejo de Sindicatos de Foshan\" width=\"340\" height=\"243\" class=\"aligncenter size-full wp-image-1239\" srcset=\"https:\/\/www.powerjet-machinery.com\/wp-content\/uploads\/2016\/07\/Member-of-Foshan-Council-of-Trade-Unions.jpg 340w, https:\/\/www.powerjet-machinery.com\/wp-content\/uploads\/2016\/07\/Member-of-Foshan-Council-of-Trade-Unions-300x214.jpg 300w\" sizes=\"auto, (max-width: 340px) 100vw, 340px\" \/><br \/>\nMiembro del Consejo de Sindicatos de Foshan\n<\/p>\n<\/div>\n<div class=\"divider\"><\/div>\n<div class=\"one_half\">\n<p style=\"text-align: center;\">\n<img loading=\"lazy\" decoding=\"async\" src=\"https:\/\/www.powerjet-machinery.com\/wp-content\/uploads\/2016\/07\/Made-in-China-Audited-Supplier.jpg\" alt=\"Made in China Manufacturers Directory\" width=\"340\" height=\"267\" class=\"aligncenter size-full wp-image-1240\" srcset=\"https:\/\/www.powerjet-machinery.com\/wp-content\/uploads\/2016\/07\/Made-in-China-Audited-Supplier.jpg 340w, https:\/\/www.powerjet-machinery.com\/wp-content\/uploads\/2016\/07\/Made-in-China-Audited-Supplier-300x236.jpg 300w\" sizes=\"auto, (max-width: 340px) 100vw, 340px\" \/><br \/>\nMade in China Audited Supplier\n<\/p>\n<\/div>\n<div class=\"one_half last_column\">\n<p style=\"text-align: center;\">\n<img loading=\"lazy\" decoding=\"async\" src=\"https:\/\/www.powerjet-machinery.com\/wp-content\/uploads\/2016\/07\/Top-brand-in-hc360.com_.jpg\" alt=\"Las mejores marcas en hc360.com\" width=\"340\" height=\"265\" class=\"aligncenter size-full wp-image-1241\" srcset=\"https:\/\/www.powerjet-machinery.com\/wp-content\/uploads\/2016\/07\/Top-brand-in-hc360.com_.jpg 340w, https:\/\/www.powerjet-machinery.com\/wp-content\/uploads\/2016\/07\/Top-brand-in-hc360.com_-300x234.jpg 300w\" sizes=\"auto, (max-width: 340px) 100vw, 340px\" \/><br \/>\nLas mejores marcas en hc360.com\n<\/p>\n<\/div>\n<div class=\"divider top-of-page\"><a href=\"#top\" title=\"Arriba\">Ir arriba<\/a><\/div>\n<div class=\"one_half\">\n<p style=\"text-align: center;\">\n<img loading=\"lazy\" decoding=\"async\" src=\"https:\/\/www.powerjet-machinery.com\/wp-content\/uploads\/2016\/07\/Top-10-injection-molding-machines-manufacturer.jpg\" alt=\"Top 10 de inyecci\u00f3n fabricante de moldeo machines`\" width=\"338\" height=\"228\" class=\"aligncenter size-full wp-image-1242\" srcset=\"https:\/\/www.powerjet-machinery.com\/wp-content\/uploads\/2016\/07\/Top-10-injection-molding-machines-manufacturer.jpg 338w, https:\/\/www.powerjet-machinery.com\/wp-content\/uploads\/2016\/07\/Top-10-injection-molding-machines-manufacturer-300x202.jpg 300w\" sizes=\"auto, (max-width: 338px) 100vw, 338px\" \/><br \/>\nTop 10 de inyecci\u00f3n fabricante de moldeo machines`\n<\/p>\n<\/div>\n<div class=\"one_half last_column\">\n<p style=\"text-align: center;\">\n<img loading=\"lazy\" decoding=\"async\" src=\"https:\/\/www.powerjet-machinery.com\/wp-content\/uploads\/2016\/07\/Trophy-of-top-10-injection-molding-machines-manufacturer.jpg\" alt=\"Trofeo, de 10 de inyecci\u00f3n principal fabricante de moldeo machines`\" width=\"294\" height=\"228\" class=\"aligncenter size-full wp-image-1243\" \/><br \/>\nTrofeo, de 10 de inyecci\u00f3n principal fabricante de moldeo machines`\n<\/p>\n<\/div>\n<div class=\"divider top-of-page\"><a href=\"#top\" title=\"Arriba\">Ir arriba<\/a><\/div>\n<div class=\"one_half\">\n<p style=\"text-align: center;\">\n<img loading=\"lazy\" decoding=\"async\" src=\"https:\/\/www.powerjet-machinery.com\/wp-content\/uploads\/2016\/07\/Member-of-Foshan-Nanhai-Machinery-Equipment-council.jpg\" alt=\"Miembro del Consejo de Foshan Nanhai Equipo de Maquinaria\" width=\"333\" height=\"265\" class=\"aligncenter size-full wp-image-1244\" srcset=\"https:\/\/www.powerjet-machinery.com\/wp-content\/uploads\/2016\/07\/Member-of-Foshan-Nanhai-Machinery-Equipment-council.jpg 333w, https:\/\/www.powerjet-machinery.com\/wp-content\/uploads\/2016\/07\/Member-of-Foshan-Nanhai-Machinery-Equipment-council-300x239.jpg 300w\" sizes=\"auto, (max-width: 333px) 100vw, 333px\" \/><br \/>\nMiembro del Consejo de Foshan Nanhai Equipo de Maquinaria\n<\/p>\n<\/div>\n<div class=\"one_half last_column\">\n<p style=\"text-align: center;\">\n<\/div>\n<div class=\"divider top-of-page\"><a href=\"#top\" title=\"Arriba\">Ir arriba<\/a><\/div>\n","protected":false},"excerpt":{"rendered":"<p>Company Honors &nbsp;<\/p>\n","protected":false},"author":1,"featured_media":0,"parent":0,"menu_order":0,"comment_status":"closed","ping_status":"closed","template":"page-FullWidth.php","meta":{"nf_dc_page":"","footnotes":""},"class_list":["post-1371","page","type-page","status-publish","hentry"],"yoast_head":"<!-- This site is optimized with the Yoast SEO plugin v27.4 - https:\/\/yoast.com\/product\/yoast-seo-wordpress\/ -->\n<title>compa\u00f1\u00eda Hhonor - Powerjet Plastic Machinery<\/title>\n<meta name=\"robots\" content=\"index, follow, max-snippet:-1, max-image-preview:large, max-video-preview:-1\" \/>\n<link rel=\"canonical\" href=\"https:\/\/www.powerjet-machinery.com\/es\/compania-hhonor\/\" \/>\n<meta property=\"og:locale\" content=\"es_ES\" \/>\n<meta property=\"og:type\" content=\"article\" \/>\n<meta property=\"og:title\" content=\"compa\u00f1\u00eda Hhonor - Powerjet Plastic Machinery\" \/>\n<meta property=\"og:description\" content=\"Company Honors &nbsp;\" \/>\n<meta property=\"og:url\" content=\"https:\/\/www.powerjet-machinery.com\/es\/compania-hhonor\/\" \/>\n<meta property=\"og:site_name\" content=\"Powerjet Plastic Machinery\" \/>\n<meta property=\"og:image\" content=\"https:\/\/www.powerjet-machinery.com\/wp-content\/uploads\/2016\/07\/High-Technology-Machinery-Manufacturer.jpg\" \/>\n<meta name=\"twitter:card\" content=\"summary_large_image\" \/>\n<meta name=\"twitter:label1\" content=\"Tiempo de lectura\" \/>\n\t<meta name=\"twitter:data1\" content=\"1 minuto\" \/>\n<script type=\"application\/ld+json\" class=\"yoast-schema-graph\">{\"@context\":\"https:\\\/\\\/schema.org\",\"@graph\":[{\"@type\":\"WebPage\",\"@id\":\"https:\\\/\\\/www.powerjet-machinery.com\\\/es\\\/compania-hhonor\\\/\",\"url\":\"https:\\\/\\\/www.powerjet-machinery.com\\\/es\\\/compania-hhonor\\\/\",\"name\":\"compa\u00f1\u00eda Hhonor - Powerjet Plastic Machinery\",\"isPartOf\":{\"@id\":\"https:\\\/\\\/www.powerjet-machinery.com\\\/#website\"},\"primaryImageOfPage\":{\"@id\":\"https:\\\/\\\/www.powerjet-machinery.com\\\/es\\\/compania-hhonor\\\/#primaryimage\"},\"image\":{\"@id\":\"https:\\\/\\\/www.powerjet-machinery.com\\\/es\\\/compania-hhonor\\\/#primaryimage\"},\"thumbnailUrl\":\"https:\\\/\\\/www.powerjet-machinery.com\\\/wp-content\\\/uploads\\\/2016\\\/07\\\/High-Technology-Machinery-Manufacturer.jpg\",\"datePublished\":\"2016-08-31T13:56:58+00:00\",\"breadcrumb\":{\"@id\":\"https:\\\/\\\/www.powerjet-machinery.com\\\/es\\\/compania-hhonor\\\/#breadcrumb\"},\"inLanguage\":\"es\",\"potentialAction\":[{\"@type\":\"ReadAction\",\"target\":[\"https:\\\/\\\/www.powerjet-machinery.com\\\/es\\\/compania-hhonor\\\/\"]}]},{\"@type\":\"ImageObject\",\"inLanguage\":\"es\",\"@id\":\"https:\\\/\\\/www.powerjet-machinery.com\\\/es\\\/compania-hhonor\\\/#primaryimage\",\"url\":\"https:\\\/\\\/www.powerjet-machinery.com\\\/wp-content\\\/uploads\\\/2016\\\/07\\\/High-Technology-Machinery-Manufacturer.jpg\",\"contentUrl\":\"https:\\\/\\\/www.powerjet-machinery.com\\\/wp-content\\\/uploads\\\/2016\\\/07\\\/High-Technology-Machinery-Manufacturer.jpg\"},{\"@type\":\"BreadcrumbList\",\"@id\":\"https:\\\/\\\/www.powerjet-machinery.com\\\/es\\\/compania-hhonor\\\/#breadcrumb\",\"itemListElement\":[{\"@type\":\"ListItem\",\"position\":1,\"name\":\"Home\",\"item\":\"https:\\\/\\\/www.powerjet-machinery.com\\\/es\\\/\"},{\"@type\":\"ListItem\",\"position\":2,\"name\":\"compa\u00f1\u00eda Hhonor\"}]},{\"@type\":\"WebSite\",\"@id\":\"https:\\\/\\\/www.powerjet-machinery.com\\\/#website\",\"url\":\"https:\\\/\\\/www.powerjet-machinery.com\\\/\",\"name\":\"Powerjet Plastic Machinery\",\"description\":\"\",\"potentialAction\":[{\"@type\":\"SearchAction\",\"target\":{\"@type\":\"EntryPoint\",\"urlTemplate\":\"https:\\\/\\\/www.powerjet-machinery.com\\\/?s={search_term_string}\"},\"query-input\":{\"@type\":\"PropertyValueSpecification\",\"valueRequired\":true,\"valueName\":\"search_term_string\"}}],\"inLanguage\":\"es\"}]}<\/script>\n<!-- \/ Yoast SEO plugin. -->","yoast_head_json":{"title":"compa\u00f1\u00eda Hhonor - Powerjet Plastic Machinery","robots":{"index":"index","follow":"follow","max-snippet":"max-snippet:-1","max-image-preview":"max-image-preview:large","max-video-preview":"max-video-preview:-1"},"canonical":"https:\/\/www.powerjet-machinery.com\/es\/compania-hhonor\/","og_locale":"es_ES","og_type":"article","og_title":"compa\u00f1\u00eda Hhonor - Powerjet Plastic Machinery","og_description":"Company Honors &nbsp;","og_url":"https:\/\/www.powerjet-machinery.com\/es\/compania-hhonor\/","og_site_name":"Powerjet Plastic Machinery","og_image":[{"url":"https:\/\/www.powerjet-machinery.com\/wp-content\/uploads\/2016\/07\/High-Technology-Machinery-Manufacturer.jpg","type":"","width":"","height":""}],"twitter_card":"summary_large_image","twitter_misc":{"Tiempo de lectura":"1 minuto"},"schema":{"@context":"https:\/\/schema.org","@graph":[{"@type":"WebPage","@id":"https:\/\/www.powerjet-machinery.com\/es\/compania-hhonor\/","url":"https:\/\/www.powerjet-machinery.com\/es\/compania-hhonor\/","name":"compa\u00f1\u00eda Hhonor - Powerjet Plastic Machinery","isPartOf":{"@id":"https:\/\/www.powerjet-machinery.com\/#website"},"primaryImageOfPage":{"@id":"https:\/\/www.powerjet-machinery.com\/es\/compania-hhonor\/#primaryimage"},"image":{"@id":"https:\/\/www.powerjet-machinery.com\/es\/compania-hhonor\/#primaryimage"},"thumbnailUrl":"https:\/\/www.powerjet-machinery.com\/wp-content\/uploads\/2016\/07\/High-Technology-Machinery-Manufacturer.jpg","datePublished":"2016-08-31T13:56:58+00:00","breadcrumb":{"@id":"https:\/\/www.powerjet-machinery.com\/es\/compania-hhonor\/#breadcrumb"},"inLanguage":"es","potentialAction":[{"@type":"ReadAction","target":["https:\/\/www.powerjet-machinery.com\/es\/compania-hhonor\/"]}]},{"@type":"ImageObject","inLanguage":"es","@id":"https:\/\/www.powerjet-machinery.com\/es\/compania-hhonor\/#primaryimage","url":"https:\/\/www.powerjet-machinery.com\/wp-content\/uploads\/2016\/07\/High-Technology-Machinery-Manufacturer.jpg","contentUrl":"https:\/\/www.powerjet-machinery.com\/wp-content\/uploads\/2016\/07\/High-Technology-Machinery-Manufacturer.jpg"},{"@type":"BreadcrumbList","@id":"https:\/\/www.powerjet-machinery.com\/es\/compania-hhonor\/#breadcrumb","itemListElement":[{"@type":"ListItem","position":1,"name":"Home","item":"https:\/\/www.powerjet-machinery.com\/es\/"},{"@type":"ListItem","position":2,"name":"compa\u00f1\u00eda Hhonor"}]},{"@type":"WebSite","@id":"https:\/\/www.powerjet-machinery.com\/#website","url":"https:\/\/www.powerjet-machinery.com\/","name":"Powerjet Plastic Machinery","description":"","potentialAction":[{"@type":"SearchAction","target":{"@type":"EntryPoint","urlTemplate":"https:\/\/www.powerjet-machinery.com\/?s={search_term_string}"},"query-input":{"@type":"PropertyValueSpecification","valueRequired":true,"valueName":"search_term_string"}}],"inLanguage":"es"}]}},"_links":{"self":[{"href":"https:\/\/www.powerjet-machinery.com\/es\/wp-json\/wp\/v2\/pages\/1371","targetHints":{"allow":["GET"]}}],"collection":[{"href":"https:\/\/www.powerjet-machinery.com\/es\/wp-json\/wp\/v2\/pages"}],"about":[{"href":"https:\/\/www.powerjet-machinery.com\/es\/wp-json\/wp\/v2\/types\/page"}],"author":[{"embeddable":true,"href":"https:\/\/www.powerjet-machinery.com\/es\/wp-json\/wp\/v2\/users\/1"}],"replies":[{"embeddable":true,"href":"https:\/\/www.powerjet-machinery.com\/es\/wp-json\/wp\/v2\/comments?post=1371"}],"version-history":[{"count":1,"href":"https:\/\/www.powerjet-machinery.com\/es\/wp-json\/wp\/v2\/pages\/1371\/revisions"}],"predecessor-version":[{"id":1374,"href":"https:\/\/www.powerjet-machinery.com\/es\/wp-json\/wp\/v2\/pages\/1371\/revisions\/1374"}],"wp:attachment":[{"href":"https:\/\/www.powerjet-machinery.com\/es\/wp-json\/wp\/v2\/media?parent=1371"}],"curies":[{"name":"wp","href":"https:\/\/api.w.org\/{rel}","templated":true}]}}