{"id":1367,"date":"2016-08-31T13:39:24","date_gmt":"2016-08-31T13:39:24","guid":{"rendered":"https:\/\/www.powerjet-machinery.com\/es\/?page_id=1367"},"modified":"2016-08-31T13:39:24","modified_gmt":"2016-08-31T13:39:24","slug":"sea-nuestro-agente","status":"publish","type":"page","link":"https:\/\/www.powerjet-machinery.com\/es\/contactenos\/sea-nuestro-agente\/","title":{"rendered":"Sea nuestro agente"},"content":{"rendered":"<br \/>\n<h2 style=\"margin-bottom: 15px; text-align: center;\"><span style=\"font-size: 18px; color: #FFFFFF; line-height: 1.2; font-weight:bold; text-align: center;\"><span style=\"color:#FD7800;\">Sea nuestro agente<\/span><\/span><\/h2>\n<p><img loading=\"lazy\" decoding=\"async\" src=\"https:\/\/www.powerjet-machinery.com\/wp-content\/uploads\/2016\/06\/Become-Our-Agent-Distributor-Powerjet-Plastic-Machinery-Ltd.jpg\" alt=\"Nuestra convertido en agente o distribuidor - Powerjet Plastic Machinery Ltd\" width=\"1074\" height=\"339\" class=\"aligncenter size-full wp-image-996\" srcset=\"https:\/\/www.powerjet-machinery.com\/wp-content\/uploads\/2016\/06\/Become-Our-Agent-Distributor-Powerjet-Plastic-Machinery-Ltd.jpg 1074w, https:\/\/www.powerjet-machinery.com\/wp-content\/uploads\/2016\/06\/Become-Our-Agent-Distributor-Powerjet-Plastic-Machinery-Ltd-300x95.jpg 300w, https:\/\/www.powerjet-machinery.com\/wp-content\/uploads\/2016\/06\/Become-Our-Agent-Distributor-Powerjet-Plastic-Machinery-Ltd-768x242.jpg 768w, https:\/\/www.powerjet-machinery.com\/wp-content\/uploads\/2016\/06\/Become-Our-Agent-Distributor-Powerjet-Plastic-Machinery-Ltd-1024x323.jpg 1024w\" sizes=\"auto, (max-width: 1074px) 100vw, 1074px\" \/><\/p>\n<blockquote><p>Nuestro \u00e9xito realmente se ha basado en las asociaciones desde el principio.<\/p><\/blockquote>\n<p>&nbsp;<br \/>\n<div class=\"clear\"><\/div>\n&nbsp;<br \/>\nCon el fin de satisfacer la creciente demanda internacional, Powerjet M\u00e1quinas de pl\u00e1stico est\u00e1 buscando agentes motivados para promover nuestros productos en todo el mundo.<\/p>\n<p>Si usted est\u00e1 interesado en ser nuestro agente, por favor leer los detalles bajas cuartos izquierda y registrar su inter\u00e9s con la forma correcta. Y nos pondremos en contacto con usted para discutir m\u00e1s a fondo tan pronto como sea posible.<br \/>\n&nbsp;<br \/>\n<div class=\"clear\"><\/div>\n&nbsp;<br \/>\n<div class=\"one_half\">\n<h3>Apoyo para nuestros agentes<\/h3>\n<h4>Formaci\u00f3n continua del producto<\/h4>\n<p>Nuestros agentes est\u00e1n entrenados en nuestras nuevas y mejoradas caracter\u00edsticas y beneficios del producto para que puedan dar servicio a nuestros clientes mutuos con confianza y conocimiento profesional.<br \/>\n\n<ul class=\"list-1\">\n<li>Visitas de f\u00e1brica<\/li>\n<li>Formaci\u00f3n cerrada en la f\u00e1brica<\/li>\n<li>Formaci\u00f3n din\u00e1mica para el mantenimiento <\/li>\n<\/ul>\n\n<h4>Promociones e incentivos de ventas<\/h4>\n<p>campa\u00f1as de ventas regulares se organizan para ayudar a los agentes cumplen con su objetivo de ventas. Nuestros agentes reciben regularmente actualizaciones bajo su progreso de la producci\u00f3n.<\/p>\n<p>Estamos buscando socios de negocios din\u00e1micos y comprometidos de conducci\u00f3n para el \u00e9xito. Ofrecemos buenos beneficios econ\u00f3micos y el reconocimiento, formaci\u00f3n integral, excelente copia de seguridad y el pleno apoyo de una organizaci\u00f3n de clase mundial.<br \/>\n\n<ul class=\"list-1\">\n<li>Precio competitivo<\/li>\n<li>Productos prospecto \/ folletos<\/li>\n<li>Cartel de la propaganda<\/li>\n<li>Publicidad \/ fuera de l\u00ednea en l\u00ednea<\/li>\n<li>Su mensaje hacia adelante <\/li>\n<li>condiciones de pago satisfechos <\/li>\n<\/ul>\n\n<\/div>\n<div class=\"one_half last_column\">\n<h3>Formulario de Registro de Agente<\/h3>\n\n<div class=\"wpcf7 no-js\" id=\"wpcf7-f999-o1\" lang=\"en-US\" dir=\"ltr\" data-wpcf7-id=\"999\">\n<div class=\"screen-reader-response\"><p role=\"status\" aria-live=\"polite\" aria-atomic=\"true\"><\/p> <ul><\/ul><\/div>\n<form action=\"\/es\/wp-json\/wp\/v2\/pages\/1367#wpcf7-f999-o1\" method=\"post\" class=\"wpcf7-form init\" aria-label=\"Contact form\" novalidate=\"novalidate\" data-status=\"init\">\n<fieldset class=\"hidden-fields-container\"><input type=\"hidden\" name=\"_wpcf7\" value=\"999\" \/><input type=\"hidden\" name=\"_wpcf7_version\" value=\"6.1.5\" \/><input type=\"hidden\" name=\"_wpcf7_locale\" value=\"en_US\" \/><input type=\"hidden\" name=\"_wpcf7_unit_tag\" value=\"wpcf7-f999-o1\" \/><input type=\"hidden\" name=\"_wpcf7_container_post\" value=\"0\" \/><input type=\"hidden\" name=\"_wpcf7_posted_data_hash\" value=\"\" \/>\n<\/fieldset>\n<p>Personal Information\n<\/p>\n<p><span class=\"wpcf7-form-control-wrap\" data-name=\"your-name\"><input size=\"40\" maxlength=\"400\" class=\"wpcf7-form-control wpcf7-text wpcf7-validates-as-required\" aria-required=\"true\" aria-invalid=\"false\" placeholder=\"Your Full Name *\" value=\"\" type=\"text\" name=\"your-name\" \/><\/span>\n<\/p>\n<p><span class=\"wpcf7-form-control-wrap\" data-name=\"your-email\"><input size=\"40\" maxlength=\"400\" class=\"wpcf7-form-control wpcf7-email wpcf7-validates-as-required wpcf7-text wpcf7-validates-as-email\" aria-required=\"true\" aria-invalid=\"false\" placeholder=\"Your Email Address *\" value=\"\" type=\"email\" name=\"your-email\" \/><\/span>\n<\/p>\n<p><span class=\"wpcf7-form-control-wrap\" data-name=\"your-country\"><input size=\"40\" maxlength=\"400\" class=\"wpcf7-form-control wpcf7-text wpcf7-validates-as-required\" aria-required=\"true\" aria-invalid=\"false\" placeholder=\"Your country *\" value=\"\" type=\"text\" name=\"your-country\" \/><\/span>\n<\/p>\n<p>Company Information if Any\n<\/p>\n<p><span class=\"wpcf7-form-control-wrap\" data-name=\"Company\"><input size=\"40\" maxlength=\"400\" class=\"wpcf7-form-control wpcf7-text\" aria-invalid=\"false\" placeholder=\"Company Name\" value=\"\" type=\"text\" name=\"Company\" \/><\/span>\n<\/p>\n<p><span class=\"wpcf7-form-control-wrap\" data-name=\"Licence\"><input class=\"wpcf7-form-control wpcf7-number wpcf7-validates-as-number\" aria-invalid=\"false\" placeholder=\"Licence Number\" value=\"\" type=\"number\" name=\"Licence\" \/><\/span>\n<\/p>\n<p><span class=\"wpcf7-form-control-wrap\" data-name=\"Address\"><input size=\"40\" maxlength=\"400\" class=\"wpcf7-form-control wpcf7-text\" aria-invalid=\"false\" placeholder=\"Registered Address\" value=\"\" type=\"text\" name=\"Address\" \/><\/span>\n<\/p>\n<p><span class=\"wpcf7-form-control-wrap\" data-name=\"employees\"><input class=\"wpcf7-form-control wpcf7-number wpcf7-validates-as-number\" aria-invalid=\"false\" placeholder=\"Employees Approximate Number\" value=\"\" type=\"number\" name=\"employees\" \/><\/span>\n<\/p>\n<p><span class=\"wpcf7-form-control-wrap\" data-name=\"your-message\"><textarea cols=\"40\" rows=\"10\" maxlength=\"2000\" class=\"wpcf7-form-control wpcf7-textarea\" aria-invalid=\"false\" placeholder=\"Please advise your other details why we should confirm you as our agent.\" name=\"your-message\"><\/textarea><\/span>\n<\/p>\n<p><input class=\"wpcf7-form-control wpcf7-submit has-spinner\" type=\"submit\" value=\"Join Us NOW!\" \/>\n<\/p><p style=\"display: none !important;\" class=\"akismet-fields-container\" data-prefix=\"_wpcf7_ak_\"><label>&#916;<textarea name=\"_wpcf7_ak_hp_textarea\" cols=\"45\" rows=\"8\" maxlength=\"100\"><\/textarea><\/label><input type=\"hidden\" id=\"ak_js_1\" name=\"_wpcf7_ak_js\" value=\"52\"\/><script type=\"text\/javascript\">\n\/* <![CDATA[ *\/\ndocument.getElementById( \"ak_js_1\" ).setAttribute( \"value\", ( new Date() ).getTime() );\n\/* ]]> *\/\n<\/script>\n<\/p><div class=\"wpcf7-response-output\" aria-hidden=\"true\"><\/div>\n<\/form>\n<\/div>\n\n<\/div>\n","protected":false},"excerpt":{"rendered":"<p>Sea nuestro agente Nuestro \u00e9xito realmente se ha basado en las asociaciones desde el principio. &nbsp; &nbsp; Con el fin de satisfacer la creciente demanda internacional, Powerjet M\u00e1quinas de pl\u00e1stico est\u00e1 buscando agentes motivados para promover nuestros productos en todo el mundo. Si usted est\u00e1 interesado en ser nuestro agente, [&hellip;]<\/p>\n","protected":false},"author":1,"featured_media":0,"parent":1368,"menu_order":0,"comment_status":"closed","ping_status":"closed","template":"page-FullWidth.php","meta":{"nf_dc_page":"","footnotes":""},"class_list":["post-1367","page","type-page","status-publish","hentry"],"yoast_head":"<!-- This site is optimized with the Yoast SEO plugin v27.4 - https:\/\/yoast.com\/product\/yoast-seo-wordpress\/ -->\n<title>Sea nuestro agente - Powerjet Plastic Machinery<\/title>\n<meta name=\"robots\" content=\"index, follow, max-snippet:-1, max-image-preview:large, max-video-preview:-1\" \/>\n<link rel=\"canonical\" href=\"https:\/\/www.powerjet-machinery.com\/es\/contactenos\/sea-nuestro-agente\/\" \/>\n<meta property=\"og:locale\" content=\"es_ES\" \/>\n<meta property=\"og:type\" content=\"article\" \/>\n<meta property=\"og:title\" content=\"Sea nuestro agente - Powerjet Plastic Machinery\" \/>\n<meta property=\"og:description\" content=\"Sea nuestro agente Nuestro \u00e9xito realmente se ha basado en las asociaciones desde el principio. &nbsp; &nbsp; Con el fin de satisfacer la creciente demanda internacional, Powerjet M\u00e1quinas de pl\u00e1stico est\u00e1 buscando agentes motivados para promover nuestros productos en todo el mundo. Si usted est\u00e1 interesado en ser nuestro agente, [&hellip;]\" \/>\n<meta property=\"og:url\" content=\"https:\/\/www.powerjet-machinery.com\/es\/contactenos\/sea-nuestro-agente\/\" \/>\n<meta property=\"og:site_name\" content=\"Powerjet Plastic Machinery\" \/>\n<meta property=\"og:image\" content=\"https:\/\/www.powerjet-machinery.com\/wp-content\/uploads\/2016\/06\/Become-Our-Agent-Distributor-Powerjet-Plastic-Machinery-Ltd.jpg\" \/>\n<meta name=\"twitter:card\" content=\"summary_large_image\" \/>\n<meta name=\"twitter:label1\" content=\"Tiempo de lectura\" \/>\n\t<meta name=\"twitter:data1\" content=\"1 minuto\" \/>\n<script type=\"application\/ld+json\" class=\"yoast-schema-graph\">{\"@context\":\"https:\\\/\\\/schema.org\",\"@graph\":[{\"@type\":\"WebPage\",\"@id\":\"https:\\\/\\\/www.powerjet-machinery.com\\\/es\\\/contactenos\\\/sea-nuestro-agente\\\/\",\"url\":\"https:\\\/\\\/www.powerjet-machinery.com\\\/es\\\/contactenos\\\/sea-nuestro-agente\\\/\",\"name\":\"Sea nuestro agente - Powerjet Plastic Machinery\",\"isPartOf\":{\"@id\":\"https:\\\/\\\/www.powerjet-machinery.com\\\/#website\"},\"primaryImageOfPage\":{\"@id\":\"https:\\\/\\\/www.powerjet-machinery.com\\\/es\\\/contactenos\\\/sea-nuestro-agente\\\/#primaryimage\"},\"image\":{\"@id\":\"https:\\\/\\\/www.powerjet-machinery.com\\\/es\\\/contactenos\\\/sea-nuestro-agente\\\/#primaryimage\"},\"thumbnailUrl\":\"https:\\\/\\\/www.powerjet-machinery.com\\\/wp-content\\\/uploads\\\/2016\\\/06\\\/Become-Our-Agent-Distributor-Powerjet-Plastic-Machinery-Ltd.jpg\",\"datePublished\":\"2016-08-31T13:39:24+00:00\",\"breadcrumb\":{\"@id\":\"https:\\\/\\\/www.powerjet-machinery.com\\\/es\\\/contactenos\\\/sea-nuestro-agente\\\/#breadcrumb\"},\"inLanguage\":\"es\",\"potentialAction\":[{\"@type\":\"ReadAction\",\"target\":[\"https:\\\/\\\/www.powerjet-machinery.com\\\/es\\\/contactenos\\\/sea-nuestro-agente\\\/\"]}]},{\"@type\":\"ImageObject\",\"inLanguage\":\"es\",\"@id\":\"https:\\\/\\\/www.powerjet-machinery.com\\\/es\\\/contactenos\\\/sea-nuestro-agente\\\/#primaryimage\",\"url\":\"https:\\\/\\\/www.powerjet-machinery.com\\\/wp-content\\\/uploads\\\/2016\\\/06\\\/Become-Our-Agent-Distributor-Powerjet-Plastic-Machinery-Ltd.jpg\",\"contentUrl\":\"https:\\\/\\\/www.powerjet-machinery.com\\\/wp-content\\\/uploads\\\/2016\\\/06\\\/Become-Our-Agent-Distributor-Powerjet-Plastic-Machinery-Ltd.jpg\"},{\"@type\":\"BreadcrumbList\",\"@id\":\"https:\\\/\\\/www.powerjet-machinery.com\\\/es\\\/contactenos\\\/sea-nuestro-agente\\\/#breadcrumb\",\"itemListElement\":[{\"@type\":\"ListItem\",\"position\":1,\"name\":\"Home\",\"item\":\"https:\\\/\\\/www.powerjet-machinery.com\\\/es\\\/\"},{\"@type\":\"ListItem\",\"position\":2,\"name\":\"Cont\u00e1ctenos\",\"item\":\"https:\\\/\\\/www.powerjet-machinery.com\\\/es\\\/contactenos\\\/\"},{\"@type\":\"ListItem\",\"position\":3,\"name\":\"Sea nuestro agente\"}]},{\"@type\":\"WebSite\",\"@id\":\"https:\\\/\\\/www.powerjet-machinery.com\\\/#website\",\"url\":\"https:\\\/\\\/www.powerjet-machinery.com\\\/\",\"name\":\"Powerjet Plastic Machinery\",\"description\":\"\",\"potentialAction\":[{\"@type\":\"SearchAction\",\"target\":{\"@type\":\"EntryPoint\",\"urlTemplate\":\"https:\\\/\\\/www.powerjet-machinery.com\\\/?s={search_term_string}\"},\"query-input\":{\"@type\":\"PropertyValueSpecification\",\"valueRequired\":true,\"valueName\":\"search_term_string\"}}],\"inLanguage\":\"es\"}]}<\/script>\n<!-- \/ Yoast SEO plugin. -->","yoast_head_json":{"title":"Sea nuestro agente - Powerjet Plastic Machinery","robots":{"index":"index","follow":"follow","max-snippet":"max-snippet:-1","max-image-preview":"max-image-preview:large","max-video-preview":"max-video-preview:-1"},"canonical":"https:\/\/www.powerjet-machinery.com\/es\/contactenos\/sea-nuestro-agente\/","og_locale":"es_ES","og_type":"article","og_title":"Sea nuestro agente - Powerjet Plastic Machinery","og_description":"Sea nuestro agente Nuestro \u00e9xito realmente se ha basado en las asociaciones desde el principio. &nbsp; &nbsp; Con el fin de satisfacer la creciente demanda internacional, Powerjet M\u00e1quinas de pl\u00e1stico est\u00e1 buscando agentes motivados para promover nuestros productos en todo el mundo. Si usted est\u00e1 interesado en ser nuestro agente, [&hellip;]","og_url":"https:\/\/www.powerjet-machinery.com\/es\/contactenos\/sea-nuestro-agente\/","og_site_name":"Powerjet Plastic Machinery","og_image":[{"url":"https:\/\/www.powerjet-machinery.com\/wp-content\/uploads\/2016\/06\/Become-Our-Agent-Distributor-Powerjet-Plastic-Machinery-Ltd.jpg","type":"","width":"","height":""}],"twitter_card":"summary_large_image","twitter_misc":{"Tiempo de lectura":"1 minuto"},"schema":{"@context":"https:\/\/schema.org","@graph":[{"@type":"WebPage","@id":"https:\/\/www.powerjet-machinery.com\/es\/contactenos\/sea-nuestro-agente\/","url":"https:\/\/www.powerjet-machinery.com\/es\/contactenos\/sea-nuestro-agente\/","name":"Sea nuestro agente - Powerjet Plastic Machinery","isPartOf":{"@id":"https:\/\/www.powerjet-machinery.com\/#website"},"primaryImageOfPage":{"@id":"https:\/\/www.powerjet-machinery.com\/es\/contactenos\/sea-nuestro-agente\/#primaryimage"},"image":{"@id":"https:\/\/www.powerjet-machinery.com\/es\/contactenos\/sea-nuestro-agente\/#primaryimage"},"thumbnailUrl":"https:\/\/www.powerjet-machinery.com\/wp-content\/uploads\/2016\/06\/Become-Our-Agent-Distributor-Powerjet-Plastic-Machinery-Ltd.jpg","datePublished":"2016-08-31T13:39:24+00:00","breadcrumb":{"@id":"https:\/\/www.powerjet-machinery.com\/es\/contactenos\/sea-nuestro-agente\/#breadcrumb"},"inLanguage":"es","potentialAction":[{"@type":"ReadAction","target":["https:\/\/www.powerjet-machinery.com\/es\/contactenos\/sea-nuestro-agente\/"]}]},{"@type":"ImageObject","inLanguage":"es","@id":"https:\/\/www.powerjet-machinery.com\/es\/contactenos\/sea-nuestro-agente\/#primaryimage","url":"https:\/\/www.powerjet-machinery.com\/wp-content\/uploads\/2016\/06\/Become-Our-Agent-Distributor-Powerjet-Plastic-Machinery-Ltd.jpg","contentUrl":"https:\/\/www.powerjet-machinery.com\/wp-content\/uploads\/2016\/06\/Become-Our-Agent-Distributor-Powerjet-Plastic-Machinery-Ltd.jpg"},{"@type":"BreadcrumbList","@id":"https:\/\/www.powerjet-machinery.com\/es\/contactenos\/sea-nuestro-agente\/#breadcrumb","itemListElement":[{"@type":"ListItem","position":1,"name":"Home","item":"https:\/\/www.powerjet-machinery.com\/es\/"},{"@type":"ListItem","position":2,"name":"Cont\u00e1ctenos","item":"https:\/\/www.powerjet-machinery.com\/es\/contactenos\/"},{"@type":"ListItem","position":3,"name":"Sea nuestro agente"}]},{"@type":"WebSite","@id":"https:\/\/www.powerjet-machinery.com\/#website","url":"https:\/\/www.powerjet-machinery.com\/","name":"Powerjet Plastic Machinery","description":"","potentialAction":[{"@type":"SearchAction","target":{"@type":"EntryPoint","urlTemplate":"https:\/\/www.powerjet-machinery.com\/?s={search_term_string}"},"query-input":{"@type":"PropertyValueSpecification","valueRequired":true,"valueName":"search_term_string"}}],"inLanguage":"es"}]}},"_links":{"self":[{"href":"https:\/\/www.powerjet-machinery.com\/es\/wp-json\/wp\/v2\/pages\/1367","targetHints":{"allow":["GET"]}}],"collection":[{"href":"https:\/\/www.powerjet-machinery.com\/es\/wp-json\/wp\/v2\/pages"}],"about":[{"href":"https:\/\/www.powerjet-machinery.com\/es\/wp-json\/wp\/v2\/types\/page"}],"author":[{"embeddable":true,"href":"https:\/\/www.powerjet-machinery.com\/es\/wp-json\/wp\/v2\/users\/1"}],"replies":[{"embeddable":true,"href":"https:\/\/www.powerjet-machinery.com\/es\/wp-json\/wp\/v2\/comments?post=1367"}],"version-history":[{"count":1,"href":"https:\/\/www.powerjet-machinery.com\/es\/wp-json\/wp\/v2\/pages\/1367\/revisions"}],"predecessor-version":[{"id":1369,"href":"https:\/\/www.powerjet-machinery.com\/es\/wp-json\/wp\/v2\/pages\/1367\/revisions\/1369"}],"up":[{"embeddable":true,"href":"https:\/\/www.powerjet-machinery.com\/es\/wp-json\/wp\/v2\/pages\/1368"}],"wp:attachment":[{"href":"https:\/\/www.powerjet-machinery.com\/es\/wp-json\/wp\/v2\/media?parent=1367"}],"curies":[{"name":"wp","href":"https:\/\/api.w.org\/{rel}","templated":true}]}}